{"id":3871,"date":"2025-06-17T21:24:29","date_gmt":"2025-06-17T21:24:29","guid":{"rendered":"https:\/\/techgovernanceinstitute.com\/legal-notice\/"},"modified":"2025-08-14T09:38:07","modified_gmt":"2025-08-14T09:38:07","slug":"legal-notice","status":"publish","type":"page","link":"https:\/\/techgovernanceinstitute.com\/es\/legal-notice\/","title":{"rendered":"Legal Notice"},"content":{"rendered":"\t\t<div data-elementor-type=\"wp-page\" data-elementor-id=\"3871\" class=\"elementor elementor-3871 elementor-317\" data-elementor-post-type=\"page\">\n\t\t\t\t<div class=\"has_ae_slider elementor-element elementor-element-7994999e e-flex e-con-boxed ae-bg-gallery-type-default e-con e-parent\" data-id=\"7994999e\" data-element_type=\"container\" data-e-type=\"container\">\n\t\t\t\t\t<div class=\"e-con-inner\">\n\t\t<div class=\"has_ae_slider elementor-element elementor-element-39f049c8 e-con-full e-flex ae-bg-gallery-type-default e-con e-child\" data-id=\"39f049c8\" data-element_type=\"container\" data-e-type=\"container\" data-settings=\"{&quot;background_background&quot;:&quot;classic&quot;}\">\n\t\t\t\t<div class=\"elementor-element elementor-element-52e10376 elementor-widget elementor-widget-heading\" data-id=\"52e10376\" data-element_type=\"widget\" data-e-type=\"widget\" data-widget_type=\"heading.default\">\n\t\t\t\t<div class=\"elementor-widget-container\">\n\t\t\t\t\t<h1 class=\"elementor-heading-title elementor-size-default\"><span class=\"gradient-text-inner\">Aviso Legal<\/span><\/h1>\t\t\t\t<\/div>\n\t\t\t\t<\/div>\n\t\t\t\t<div class=\"elementor-element elementor-element-3a005fdd elementor-widget elementor-widget-text-editor\" data-id=\"3a005fdd\" data-element_type=\"widget\" data-e-type=\"widget\" data-widget_type=\"text-editor.default\">\n\t\t\t\t<div class=\"elementor-widget-container\">\n\t\t\t\t\t\t\t\t\t<p data-start=\"0\" data-end=\"72\">Este Aviso Legal fue modificado por \u00faltima vez el 22 de julio de 2025.<\/p><p data-start=\"74\" data-end=\"385\">En cumplimiento con la Ley 34\/2002, de 11 de julio, de Servicios de la Sociedad de la Informaci\u00f3n y de Comercio Electr\u00f3nico, se informa al Usuario de que el titular de este sitio web (en adelante, el \u201cSitio Web\u201d) es <strong data-start=\"290\" data-end=\"313\">TRAZE PLATFORM S.L.<\/strong> (en adelante, \u201cTGI\u201d), cuyos datos identificativos son los siguientes:<\/p><p data-start=\"387\" data-end=\"599\"><strong data-start=\"387\" data-end=\"411\">TRAZE PLATFORM, S.L.<\/strong><br data-start=\"411\" data-end=\"414\" \/>NIF: B13661897<br data-start=\"428\" data-end=\"431\" \/>Domicilio social: V\u00eda de las Dos Castillas, 33, Edificio \u00c1tica 7, Planta 3, 28224 Pozuelo de Alarc\u00f3n, Madrid, Espa\u00f1a<br data-start=\"547\" data-end=\"550\" \/>Correo electr\u00f3nico de contacto: <a class=\"cursor-pointer\" rel=\"noopener\" data-start=\"582\" data-end=\"597\">hello@ttgi.tech<\/a><\/p><p data-start=\"601\" data-end=\"796\">El Usuario podr\u00e1 realizar consultas a trav\u00e9s de la secci\u00f3n de Contacto, enviando una comunicaci\u00f3n escrita por correo postal a la direcci\u00f3n indicada o mediante el correo electr\u00f3nico de contacto.<\/p><hr data-start=\"798\" data-end=\"801\" \/><h2 data-start=\"803\" data-end=\"843\">ACCESO Y FUNCIONAMIENTO DEL SITIO WEB<\/h2><p data-start=\"845\" data-end=\"1056\">El presente Aviso Legal regula el acceso y uso por parte de los Usuarios del Sitio Web y tiene como finalidad informar sobre su navegaci\u00f3n, as\u00ed como permitir el acceso general a todos los usuarios de Internet.<\/p><p data-start=\"1058\" data-end=\"1370\">Para acceder y utilizar el Sitio Web no es necesario disponer de una cuenta de Usuario, si bien se ofrece la posibilidad de crear un perfil para gestionar los servicios. Si se crea un perfil, el Usuario se compromete a mantener su contrase\u00f1a en secreto y a protegerla frente a usos no autorizados por terceros.<\/p><p data-start=\"1372\" data-end=\"1566\">TGI no ser\u00e1 responsable frente a los Usuarios de la divulgaci\u00f3n de sus datos personales a terceros no atribuible directamente a TGI, ni del uso que hagan de dichos datos personas ajenas a TGI.<\/p><hr data-start=\"1568\" data-end=\"1571\" \/><h2 data-start=\"1573\" data-end=\"1593\">USO DEL SITIO WEB<\/h2><p data-start=\"1595\" data-end=\"1692\">El Usuario se compromete a hacer un uso adecuado de los contenidos del Sitio Web y se obliga a:<\/p><ul data-start=\"1694\" data-end=\"2880\"><li data-start=\"1694\" data-end=\"1859\"><p data-start=\"1696\" data-end=\"1859\">Facilitar informaci\u00f3n veraz y exacta respecto a los datos solicitados en los distintos formularios, manteni\u00e9ndolos actualizados siempre que utilice el Sitio Web.<\/p><\/li><li data-start=\"1860\" data-end=\"1953\"><p data-start=\"1862\" data-end=\"1953\">No realizar actividades il\u00edcitas, ilegales o contrarias a la buena fe y al orden p\u00fablico.<\/p><\/li><li data-start=\"1954\" data-end=\"2288\"><p data-start=\"1956\" data-end=\"2288\">No difundir contenidos o propaganda de car\u00e1cter racista, xen\u00f3fobo, discriminatorio por raz\u00f3n de raza, sexo, ideolog\u00eda o religi\u00f3n, o que atenten contra la moral, el orden p\u00fablico, los derechos fundamentales, las libertades p\u00fablicas, el honor, la intimidad o la imagen de terceros, as\u00ed como, en general, contra la normativa vigente.<\/p><\/li><li data-start=\"2289\" data-end=\"2526\"><p data-start=\"2291\" data-end=\"2526\">No provocar da\u00f1os en los sistemas f\u00edsicos y l\u00f3gicos del Sitio Web, de los proveedores de TGI o de terceros, ni introducir o difundir virus inform\u00e1ticos o cualesquiera otros sistemas f\u00edsicos o l\u00f3gicos que puedan provocar dichos da\u00f1os.<\/p><\/li><li data-start=\"2527\" data-end=\"2739\"><p data-start=\"2529\" data-end=\"2739\">No utilizar el contenido del Sitio Web ni la informaci\u00f3n en \u00e9l contenida para el env\u00edo de publicidad o mensajes con fines comerciales, ni para la recopilaci\u00f3n o almacenamiento de datos personales de terceros.<\/p><\/li><li data-start=\"2740\" data-end=\"2880\"><p data-start=\"2742\" data-end=\"2880\">No intentar acceder ni, en su caso, utilizar las cuentas de correo electr\u00f3nico de otros Usuarios, ni modificar o manipular sus mensajes.<\/p><\/li><\/ul><p data-start=\"2882\" data-end=\"3132\">TGI se reserva el derecho de efectuar, sin previo aviso, las modificaciones que considere oportunas en su Sitio Web, pudiendo cambiar, suprimir o a\u00f1adir tanto los contenidos y servicios ofrecidos como la forma en que \u00e9stos se presenten o localicen.<\/p><hr data-start=\"3134\" data-end=\"3137\" \/><h2 data-start=\"3139\" data-end=\"3161\">REGISTRO DE USUARIO<\/h2><p data-start=\"3163\" data-end=\"3339\">El Usuario podr\u00e1 registrarse en el Sitio Web para acceder a [describir la informaci\u00f3n disponible para Usuarios registrados, por ejemplo, acceso a formaciones o cursos, etc.].<\/p><p data-start=\"3341\" data-end=\"3784\">El registro es totalmente gratuito y se realiza de forma electr\u00f3nica a trav\u00e9s del Sitio Web, rellenando los campos obligatorios del formulario de creaci\u00f3n de cuenta. El Usuario garantiza la veracidad y exactitud de la informaci\u00f3n proporcionada, condici\u00f3n necesaria para procesar futuros pedidos. Para m\u00e1s informaci\u00f3n sobre el tratamiento de datos personales por parte de TGI, consulte la <strong data-start=\"3729\" data-end=\"3755\">Pol\u00edtica de Privacidad<\/strong> publicada en el Sitio Web.<\/p><p data-start=\"3786\" data-end=\"4064\">La cuenta es personal e intransferible. TGI no ser\u00e1 responsable en ning\u00fan caso de la veracidad de los datos de registro facilitados por los Usuarios, siendo cada Usuario responsable de las consecuencias, errores y posibles fallos derivados de la falta de calidad de los datos.<\/p><hr data-start=\"4066\" data-end=\"4069\" \/><h2 data-start=\"4071\" data-end=\"4091\">RESPONSABILIDADES<\/h2><p data-start=\"4093\" data-end=\"4369\"><strong data-start=\"4093\" data-end=\"4138\">Responsabilidad por el uso del Sitio Web:<\/strong> El Usuario es el \u00fanico responsable de las infracciones que pueda cometer o de los da\u00f1os que pueda causar por el uso del Sitio Web, quedando TGI exenta de cualquier tipo de responsabilidad derivada de las actuaciones del Usuario.<\/p><p data-start=\"4371\" data-end=\"4586\">TGI emplear\u00e1 todos los medios razonables para ofrecer informaci\u00f3n actualizada y precisa en el Sitio Web. Sin embargo, no garantiza la ausencia de errores o inexactitudes y\/o omisiones en los contenidos accesibles.<\/p><p data-start=\"4588\" data-end=\"4843\">El Usuario asumir\u00e1 los gastos, costes e indemnizaciones que pudieran derivarse para TGI como consecuencia de reclamaciones o acciones legales, judiciales o extrajudiciales, interpuestas por terceros derivadas del uso del Sitio Web por parte del Usuario.<\/p><p data-start=\"4845\" data-end=\"5109\"><strong data-start=\"4845\" data-end=\"4901\">Responsabilidad por el funcionamiento del Sitio Web:<\/strong> TGI no ser\u00e1 responsable de interferencias, omisiones, interrupciones, virus inform\u00e1ticos, aver\u00edas telef\u00f3nicas o desconexiones que pudieran producirse en el funcionamiento operativo del sistema electr\u00f3nico.<\/p><p data-start=\"5111\" data-end=\"5522\">Igualmente, queda exenta de responsabilidad por retrasos o bloqueos en el funcionamiento del sistema electr\u00f3nico causados por deficiencias u sobrecargas en las l\u00edneas telef\u00f3nicas o en Internet, as\u00ed como por da\u00f1os causados por intromisiones ileg\u00edtimas fuera de su control. Podr\u00e1 suspender temporalmente, sin previo aviso, el acceso al Sitio Web por motivos de mantenimiento, reparaci\u00f3n, actualizaci\u00f3n o mejora.<\/p><p data-start=\"5524\" data-end=\"5851\"><strong data-start=\"5524\" data-end=\"5561\">Responsabilidad por el contenido:<\/strong> TGI no ser\u00e1 responsable, salvo cuando la Ley as\u00ed lo exija, de los da\u00f1os que puedan derivarse del uso, reproducci\u00f3n, distribuci\u00f3n o comunicaci\u00f3n p\u00fablica de textos y\/o fotograf\u00edas protegidas por derechos de propiedad intelectual de terceros, sin la autorizaci\u00f3n necesaria de sus titulares.<\/p><p data-start=\"5853\" data-end=\"6158\">Tampoco ser\u00e1 responsable de la informaci\u00f3n enviada por el Usuario cuando no tenga conocimiento efectivo de que dicha informaci\u00f3n es il\u00edcita o lesiona bienes o derechos de terceros. Una vez TGI tenga conocimiento efectivo de ello, se compromete a actuar con diligencia para retirarla o impedir su acceso.<\/p><hr data-start=\"6160\" data-end=\"6163\" \/><h2 data-start=\"6165\" data-end=\"6186\">ENLACES A TERCEROS<\/h2><p data-start=\"6188\" data-end=\"6545\"><strong data-start=\"6188\" data-end=\"6232\">Sitios web que enlazan a este Sitio Web:<\/strong> Los terceros que incluyan un enlace deber\u00e1n cumplir la legislaci\u00f3n vigente y no alojar contenidos inapropiados o il\u00edcitos. TGI no se hace responsable de los contenidos de dichos sitios, ni los promueve, garantiza, supervisa o recomienda. Si se incumple lo anterior, se exigir\u00e1 la retirada inmediata del enlace.<\/p><p data-start=\"6547\" data-end=\"6768\"><strong data-start=\"6547\" data-end=\"6593\">Sitios web enlazados desde este Sitio Web:<\/strong> El Sitio Web puede contener enlaces a sitios de terceros, sobre cuyos contenidos TGI no tiene responsabilidad. El Usuario deber\u00e1 aceptar y verificar el acceso en cada caso.<\/p><hr data-start=\"6770\" data-end=\"6773\" \/><h2 data-start=\"6775\" data-end=\"6812\">PROPIEDAD INTELECTUAL E INDUSTRIAL<\/h2><p data-start=\"6814\" data-end=\"7041\">Todos los contenidos del Sitio Web, salvo indicaci\u00f3n en contrario, son propiedad exclusiva o est\u00e1n bajo el control de TGI (dise\u00f1o gr\u00e1fico, c\u00f3digo fuente, logotipos, textos, gr\u00e1ficos, ilustraciones, maquetaci\u00f3n, v\u00eddeos, etc.).<\/p><p data-start=\"7043\" data-end=\"7225\">No se concede al Usuario licencia o autorizaci\u00f3n alguna sobre los derechos de propiedad intelectual o industrial de TGI o sobre cualquier otro derecho relacionado con el Sitio Web.<\/p><p data-start=\"7227\" data-end=\"7463\">La reproducci\u00f3n, distribuci\u00f3n, transformaci\u00f3n o cualquier forma de explotaci\u00f3n de los contenidos, total o parcial, sin autorizaci\u00f3n constituye una infracci\u00f3n de los derechos de TGI y dar\u00e1 lugar a las acciones legales correspondientes.<\/p><hr data-start=\"7465\" data-end=\"7468\" \/><h2 data-start=\"7470\" data-end=\"7483\">PUBLICIDAD<\/h2><p data-start=\"7485\" data-end=\"7747\">El Sitio Web podr\u00e1 albergar contenidos publicitarios o patrocinados, siendo los anunciantes o patrocinadores los \u00fanicos responsables de que el material cumpla la legislaci\u00f3n aplicable. TGI no se responsabiliza de errores o irregularidades en dichos contenidos.<\/p><hr data-start=\"7749\" data-end=\"7752\" \/><h2 data-start=\"7754\" data-end=\"7788\">TRATAMIENTO DE DATOS PERSONALES<\/h2><p data-start=\"7790\" data-end=\"7962\">Para conocer el tratamiento que TGI realiza de los datos personales obtenidos a trav\u00e9s del Sitio Web, consulte la <strong data-start=\"7904\" data-end=\"7930\">Pol\u00edtica de Privacidad<\/strong> y la <strong data-start=\"7936\" data-end=\"7959\">Pol\u00edtica de Cookies<\/strong>.<\/p><hr data-start=\"7964\" data-end=\"7967\" \/><h2 data-start=\"7969\" data-end=\"7985\">LEY APLICABLE<\/h2><p data-start=\"7987\" data-end=\"8178\">El presente Aviso Legal se rige por la legislaci\u00f3n espa\u00f1ola. Para la resoluci\u00f3n de conflictos ser\u00e1 competente la jurisdicci\u00f3n de los Juzgados de Madrid, salvo que la normativa imponga otra.<\/p><p data-start=\"8180\" data-end=\"8344\">TGI perseguir\u00e1 cualquier incumplimiento del presente Aviso Legal, as\u00ed como cualquier uso indebido del Sitio Web, ejerciendo las acciones legales que correspondan.<\/p><hr data-start=\"8346\" data-end=\"8349\" \/><h2 data-start=\"8351\" data-end=\"8362\">CONTACTO<\/h2><p data-start=\"8364\" data-end=\"8482\">Para cualquier consulta o comentario sobre este Aviso Legal, puede dirigirse al correo electr\u00f3nico: <a class=\"cursor-pointer\" rel=\"noopener\" data-start=\"8464\" data-end=\"8479\">hello@ttgi.tech<\/a>.<\/p>\t\t\t\t\t\t\t\t<\/div>\n\t\t\t\t<\/div>\n\t\t\t\t<\/div>\n\t\t\t\t\t<\/div>\n\t\t\t\t<\/div>\n\t\t\t\t<\/div>\n\t\t","protected":false},"excerpt":{"rendered":"<p>Aviso Legal Este Aviso Legal fue modificado por \u00faltima vez el 22 de julio de 2025. En cumplimiento con la Ley 34\/2002, de 11 de julio, de Servicios de la Sociedad de la Informaci\u00f3n y de Comercio Electr\u00f3nico, se informa al Usuario de que el titular de este sitio web (en adelante, el \u201cSitio Web\u201d) [&hellip;]<\/p>\n","protected":false},"author":2,"featured_media":0,"parent":0,"menu_order":0,"comment_status":"closed","ping_status":"closed","template":"","meta":{"content-type":"","footnotes":""},"class_list":["post-3871","page","type-page","status-publish","hentry"],"acf":[],"_links":{"self":[{"href":"https:\/\/techgovernanceinstitute.com\/es\/wp-json\/wp\/v2\/pages\/3871","targetHints":{"allow":["GET"]}}],"collection":[{"href":"https:\/\/techgovernanceinstitute.com\/es\/wp-json\/wp\/v2\/pages"}],"about":[{"href":"https:\/\/techgovernanceinstitute.com\/es\/wp-json\/wp\/v2\/types\/page"}],"author":[{"embeddable":true,"href":"https:\/\/techgovernanceinstitute.com\/es\/wp-json\/wp\/v2\/users\/2"}],"replies":[{"embeddable":true,"href":"https:\/\/techgovernanceinstitute.com\/es\/wp-json\/wp\/v2\/comments?post=3871"}],"version-history":[{"count":4,"href":"https:\/\/techgovernanceinstitute.com\/es\/wp-json\/wp\/v2\/pages\/3871\/revisions"}],"predecessor-version":[{"id":4752,"href":"https:\/\/techgovernanceinstitute.com\/es\/wp-json\/wp\/v2\/pages\/3871\/revisions\/4752"}],"wp:attachment":[{"href":"https:\/\/techgovernanceinstitute.com\/es\/wp-json\/wp\/v2\/media?parent=3871"}],"curies":[{"name":"wp","href":"https:\/\/api.w.org\/{rel}","templated":true}]}}