{"id":3885,"date":"2025-06-23T15:51:56","date_gmt":"2025-06-23T15:51:56","guid":{"rendered":"https:\/\/techgovernanceinstitute.com\/university-network\/"},"modified":"2025-08-26T16:56:06","modified_gmt":"2025-08-26T16:56:06","slug":"university-network","status":"publish","type":"page","link":"https:\/\/techgovernanceinstitute.com\/es\/university-network\/","title":{"rendered":"University Network"},"content":{"rendered":"\t\t<div data-elementor-type=\"wp-page\" data-elementor-id=\"3885\" class=\"elementor elementor-3885 elementor-911\" data-elementor-post-type=\"page\">\n\t\t\t\t<div class=\"has_ae_slider elementor-element elementor-element-2e0083dc e-flex e-con-boxed ae-bg-gallery-type-default e-con e-parent\" data-id=\"2e0083dc\" data-element_type=\"container\" data-e-type=\"container\" data-settings=\"{&quot;background_background&quot;:&quot;classic&quot;}\">\n\t\t\t\t\t<div class=\"e-con-inner\">\n\t\t<div class=\"has_ae_slider elementor-element elementor-element-2d0d8b37 e-con-full e-flex ae-bg-gallery-type-default e-con e-child\" data-id=\"2d0d8b37\" data-element_type=\"container\" data-e-type=\"container\">\n\t\t<div class=\"has_ae_slider elementor-element elementor-element-5c136f75 e-con-full e-flex ae-bg-gallery-type-default e-con e-child\" data-id=\"5c136f75\" data-element_type=\"container\" data-e-type=\"container\">\n\t\t\t\t<div class=\"elementor-element elementor-element-16879ce3 elementor-widget__width-inherit animated-fast elementor-invisible elementor-widget elementor-widget-heading\" data-id=\"16879ce3\" data-element_type=\"widget\" data-e-type=\"widget\" data-settings=\"{&quot;_animation&quot;:&quot;fadeInUp&quot;}\" data-widget_type=\"heading.default\">\n\t\t\t\t<div class=\"elementor-widget-container\">\n\t\t\t\t\t<h1 class=\"elementor-heading-title elementor-size-default\"><span class=\"bolding gradient-text-inner\">The TGI University Network<\/span><\/h1>\t\t\t\t<\/div>\n\t\t\t\t<\/div>\n\t\t\t\t<div class=\"elementor-element elementor-element-6b62700c elementor-widget__width-initial elementor-invisible elementor-widget elementor-widget-heading\" data-id=\"6b62700c\" data-element_type=\"widget\" data-e-type=\"widget\" data-settings=\"{&quot;_animation&quot;:&quot;fadeIn&quot;,&quot;_animation_delay&quot;:500}\" data-widget_type=\"heading.default\">\n\t\t\t\t<div class=\"elementor-widget-container\">\n\t\t\t\t\t<p class=\"elementor-heading-title elementor-size-default\">\u00danete a nuestra red global de universidades y benef\u00edciate de una colaboraci\u00f3n que mejora la credibilidad, ampl\u00eda el alcance de mercado y ofrece a tus estudiantes formaci\u00f3n de alto valor en IA, seguridad de la informaci\u00f3n y privacidad.<\/p>\t\t\t\t<\/div>\n\t\t\t\t<\/div>\n\t\t\t\t<\/div>\n\t\t<div class=\"has_ae_slider elementor-element elementor-element-18f38d7e e-con-full e-flex ae-bg-gallery-type-default e-con e-child\" data-id=\"18f38d7e\" data-element_type=\"container\" data-e-type=\"container\">\n\t\t\t\t<div class=\"elementor-element elementor-element-20eaa540 elementor-widget__width-auto elementor-tablet-align-center elementor-align-left animated-fast elementor-mobile-align-justify elementor-invisible elementor-widget elementor-widget-button\" data-id=\"20eaa540\" data-element_type=\"widget\" data-e-type=\"widget\" data-settings=\"{&quot;_animation&quot;:&quot;fadeIn&quot;,&quot;_animation_delay&quot;:240}\" data-widget_type=\"button.default\">\n\t\t\t\t<div class=\"elementor-widget-container\">\n\t\t\t\t\t\t\t\t\t<div class=\"elementor-button-wrapper\">\n\t\t\t\t\t<a class=\"elementor-button elementor-button-link elementor-size-sm\" href=\"#contact\">\n\t\t\t\t\t\t<span class=\"elementor-button-content-wrapper\">\n\t\t\t\t\t\t\t\t\t<span class=\"elementor-button-text\">HAZTE PARTNER<\/span>\n\t\t\t\t\t<\/span>\n\t\t\t\t\t<\/a>\n\t\t\t\t<\/div>\n\t\t\t\t\t\t\t\t<\/div>\n\t\t\t\t<\/div>\n\t\t\t\t<div class=\"elementor-element elementor-element-3ad16f82 elementor-widget__width-auto elementor-tablet-align-center elementor-align-left animated-fast elementor-mobile-align-justify elementor-invisible elementor-widget elementor-widget-button\" data-id=\"3ad16f82\" data-element_type=\"widget\" data-e-type=\"widget\" data-settings=\"{&quot;_animation&quot;:&quot;fadeIn&quot;,&quot;_animation_delay&quot;:320}\" data-widget_type=\"button.default\">\n\t\t\t\t<div class=\"elementor-widget-container\">\n\t\t\t\t\t\t\t\t\t<div class=\"elementor-button-wrapper\">\n\t\t\t\t\t<a class=\"elementor-button elementor-button-link elementor-size-sm\" href=\"http:\/\/meetings-eu1.hubspot.com\/alejandra-jusdado\" target=\"_blank\" rel=\"nofollow\">\n\t\t\t\t\t\t<span class=\"elementor-button-content-wrapper\">\n\t\t\t\t\t\t<span class=\"elementor-button-icon\">\n\t\t\t\t<svg aria-hidden=\"true\" class=\"e-font-icon-svg e-far-calendar-alt\" viewBox=\"0 0 448 512\" xmlns=\"http:\/\/www.w3.org\/2000\/svg\"><path d=\"M148 288h-40c-6.6 0-12-5.4-12-12v-40c0-6.6 5.4-12 12-12h40c6.6 0 12 5.4 12 12v40c0 6.6-5.4 12-12 12zm108-12v-40c0-6.6-5.4-12-12-12h-40c-6.6 0-12 5.4-12 12v40c0 6.6 5.4 12 12 12h40c6.6 0 12-5.4 12-12zm96 0v-40c0-6.6-5.4-12-12-12h-40c-6.6 0-12 5.4-12 12v40c0 6.6 5.4 12 12 12h40c6.6 0 12-5.4 12-12zm-96 96v-40c0-6.6-5.4-12-12-12h-40c-6.6 0-12 5.4-12 12v40c0 6.6 5.4 12 12 12h40c6.6 0 12-5.4 12-12zm-96 0v-40c0-6.6-5.4-12-12-12h-40c-6.6 0-12 5.4-12 12v40c0 6.6 5.4 12 12 12h40c6.6 0 12-5.4 12-12zm192 0v-40c0-6.6-5.4-12-12-12h-40c-6.6 0-12 5.4-12 12v40c0 6.6 5.4 12 12 12h40c6.6 0 12-5.4 12-12zm96-260v352c0 26.5-21.5 48-48 48H48c-26.5 0-48-21.5-48-48V112c0-26.5 21.5-48 48-48h48V12c0-6.6 5.4-12 12-12h40c6.6 0 12 5.4 12 12v52h128V12c0-6.6 5.4-12 12-12h40c6.6 0 12 5.4 12 12v52h48c26.5 0 48 21.5 48 48zm-48 346V160H48v298c0 3.3 2.7 6 6 6h340c3.3 0 6-2.7 6-6z\"><\/path><\/svg>\t\t\t<\/span>\n\t\t\t\t\t\t\t\t\t<span class=\"elementor-button-text\">AGENDAR  LLAMADA<\/span>\n\t\t\t\t\t<\/span>\n\t\t\t\t\t<\/a>\n\t\t\t\t<\/div>\n\t\t\t\t\t\t\t\t<\/div>\n\t\t\t\t<\/div>\n\t\t\t\t<\/div>\n\t\t\t\t<\/div>\n\t\t\t\t\t<\/div>\n\t\t\t\t<\/div>\n\t\t<div class=\"has_ae_slider elementor-element elementor-element-2ee4caa5 e-flex e-con-boxed ae-bg-gallery-type-default e-con e-parent\" data-id=\"2ee4caa5\" data-element_type=\"container\" data-e-type=\"container\">\n\t\t\t\t\t<div class=\"e-con-inner\">\n\t\t<div class=\"has_ae_slider elementor-element elementor-element-16a3cb60 e-con-full e-flex ae-bg-gallery-type-default e-con e-child\" data-id=\"16a3cb60\" data-element_type=\"container\" data-e-type=\"container\">\n\t\t\t\t<div class=\"elementor-element elementor-element-181d6612 elementor-widget__width-inherit animated-fast elementor-invisible elementor-widget elementor-widget-heading\" data-id=\"181d6612\" data-element_type=\"widget\" data-e-type=\"widget\" data-settings=\"{&quot;_animation&quot;:&quot;fadeInUp&quot;,&quot;_animation_delay&quot;:240}\" data-widget_type=\"heading.default\">\n\t\t\t\t<div class=\"elementor-widget-container\">\n\t\t\t\t\t<h2 class=\"elementor-heading-title elementor-size-default\">\u00bfPor qu\u00e9 colaborar con nosotros?<\/h2>\t\t\t\t<\/div>\n\t\t\t\t<\/div>\n\t\t<div class=\"has_ae_slider elementor-element elementor-element-dd0de47 e-grid e-con-full ae-bg-gallery-type-default elementor-invisible e-con e-child\" data-id=\"dd0de47\" data-element_type=\"container\" data-e-type=\"container\" data-settings=\"{&quot;animation&quot;:&quot;fadeIn&quot;}\">\n\t\t<div class=\"has_ae_slider elementor-element elementor-element-60d41b6 e-con-full e-flex ae-bg-gallery-type-default e-con e-child\" data-id=\"60d41b6\" data-element_type=\"container\" data-e-type=\"container\" data-settings=\"{&quot;background_background&quot;:&quot;classic&quot;}\">\n\t\t\t\t<div class=\"elementor-element elementor-element-f203ce2 elementor-view-default elementor-widget elementor-widget-icon\" data-id=\"f203ce2\" data-element_type=\"widget\" data-e-type=\"widget\" data-widget_type=\"icon.default\">\n\t\t\t\t<div class=\"elementor-widget-container\">\n\t\t\t\t\t\t\t<div class=\"elementor-icon-wrapper\">\n\t\t\t<div class=\"elementor-icon\">\n\t\t\t<svg xmlns=\"http:\/\/www.w3.org\/2000\/svg\" width=\"42\" height=\"42\" viewBox=\"0 0 42 42\" fill=\"none\"><path d=\"M38.5 21C38.5 30.665 30.665 38.5 21 38.5M38.5 21C38.5 11.335 30.665 3.5 21 3.5M38.5 21H3.5M21 38.5C11.335 38.5 3.5 30.665 3.5 21M21 38.5C16.5064 33.7817 14 27.5157 14 21C14 14.4843 16.5064 8.21827 21 3.5M21 38.5C25.4936 33.7817 28 27.5157 28 21C28 14.4843 25.4936 8.21827 21 3.5M3.5 21C3.5 11.335 11.335 3.5 21 3.5\" stroke=\"#FD151B\" stroke-width=\"2\" stroke-linecap=\"round\" stroke-linejoin=\"round\"><\/path><\/svg>\t\t\t<\/div>\n\t\t<\/div>\n\t\t\t\t\t\t<\/div>\n\t\t\t\t<\/div>\n\t\t\t\t<div class=\"elementor-element elementor-element-73c659b elementor-widget__width-initial elementor-invisible elementor-widget elementor-widget-heading\" data-id=\"73c659b\" data-element_type=\"widget\" data-e-type=\"widget\" data-settings=\"{&quot;_animation&quot;:&quot;fadeIn&quot;,&quot;_animation_delay&quot;:500}\" data-widget_type=\"heading.default\">\n\t\t\t\t<div class=\"elementor-widget-container\">\n\t\t\t\t\t<h3 class=\"elementor-heading-title elementor-size-default\">Reconocimiento en la Industria de la IA.<\/h3>\t\t\t\t<\/div>\n\t\t\t\t<\/div>\n\t\t\t\t<div class=\"elementor-element elementor-element-6ab0ca1 elementor-widget__width-initial elementor-invisible elementor-widget elementor-widget-heading\" data-id=\"6ab0ca1\" data-element_type=\"widget\" data-e-type=\"widget\" data-settings=\"{&quot;_animation&quot;:&quot;fadeIn&quot;,&quot;_animation_delay&quot;:500}\" data-widget_type=\"heading.default\">\n\t\t\t\t<div class=\"elementor-widget-container\">\n\t\t\t\t\t<p class=\"elementor-heading-title elementor-size-default\">Consolida tu posici\u00f3n en los \u00e1mbitos de IA, Privacidad y Seguridad de la Informaci\u00f3n colaborando con un instituto de formaci\u00f3n de prestigio internacional.<\/p>\t\t\t\t<\/div>\n\t\t\t\t<\/div>\n\t\t\t\t<\/div>\n\t\t<div class=\"has_ae_slider elementor-element elementor-element-84a596a e-con-full e-flex ae-bg-gallery-type-default e-con e-child\" data-id=\"84a596a\" data-element_type=\"container\" data-e-type=\"container\" data-settings=\"{&quot;background_background&quot;:&quot;classic&quot;}\">\n\t\t\t\t<div class=\"elementor-element elementor-element-516ce8a elementor-view-default elementor-widget elementor-widget-icon\" data-id=\"516ce8a\" data-element_type=\"widget\" data-e-type=\"widget\" data-widget_type=\"icon.default\">\n\t\t\t\t<div class=\"elementor-widget-container\">\n\t\t\t\t\t\t\t<div class=\"elementor-icon-wrapper\">\n\t\t\t<div class=\"elementor-icon\">\n\t\t\t<svg xmlns=\"http:\/\/www.w3.org\/2000\/svg\" width=\"37\" height=\"38\" viewBox=\"0 0 37 38\" fill=\"none\"><path d=\"M8 13.75H5.375C4.21468 13.75 3.10188 13.2891 2.28141 12.4686C1.46094 11.6481 1 10.5353 1 9.375C1 8.21468 1.46094 7.10188 2.28141 6.28141C3.10188 5.46094 4.21468 5 5.375 5H8M8 13.75V1.5H29V13.75M8 13.75C8 16.5348 9.10625 19.2055 11.0754 21.1746C13.0445 23.1438 15.7152 24.25 18.5 24.25C21.2848 24.25 23.9555 23.1438 25.9246 21.1746C27.8938 19.2055 29 16.5348 29 13.75M29 13.75H31.625C32.7853 13.75 33.8981 13.2891 34.7186 12.4686C35.5391 11.6481 36 10.5353 36 9.375C36 8.21468 35.5391 7.10188 34.7186 6.28141C33.8981 5.46094 32.7853 5 31.625 5H29M4.5 36.5H32.5M15 23.6548V27.7498C15 28.7123 14.1775 29.4648 13.3025 29.8673C11.2375 30.8123 9.75 33.4198 9.75 36.4998M22 23.6548V27.7498C22 28.7123 22.8225 29.4648 23.6975 29.8673C25.7625 30.8123 27.25 33.4198 27.25 36.4998\" stroke=\"#FD151B\" stroke-width=\"2\" stroke-linecap=\"round\" stroke-linejoin=\"round\"><\/path><\/svg>\t\t\t<\/div>\n\t\t<\/div>\n\t\t\t\t\t\t<\/div>\n\t\t\t\t<\/div>\n\t\t\t\t<div class=\"elementor-element elementor-element-17d49d8 elementor-widget__width-initial elementor-invisible elementor-widget elementor-widget-heading\" data-id=\"17d49d8\" data-element_type=\"widget\" data-e-type=\"widget\" data-settings=\"{&quot;_animation&quot;:&quot;fadeIn&quot;,&quot;_animation_delay&quot;:500}\" data-widget_type=\"heading.default\">\n\t\t\t\t<div class=\"elementor-widget-container\">\n\t\t\t\t\t<h3 class=\"elementor-heading-title elementor-size-default\">Mejora tu oferta<\/h3>\t\t\t\t<\/div>\n\t\t\t\t<\/div>\n\t\t\t\t<div class=\"elementor-element elementor-element-baf16bf elementor-widget__width-initial elementor-invisible elementor-widget elementor-widget-heading\" data-id=\"baf16bf\" data-element_type=\"widget\" data-e-type=\"widget\" data-settings=\"{&quot;_animation&quot;:&quot;fadeIn&quot;,&quot;_animation_delay&quot;:500}\" data-widget_type=\"heading.default\">\n\t\t\t\t<div class=\"elementor-widget-container\">\n\t\t\t\t\t<p class=\"elementor-heading-title elementor-size-default\">Incorpora m\u00f3dulos de formaci\u00f3n sobre est\u00e1ndares, regulaci\u00f3n y gobernanza en los programas de tu universidad.<\/p>\t\t\t\t<\/div>\n\t\t\t\t<\/div>\n\t\t\t\t<\/div>\n\t\t\t\t<\/div>\n\t\t\t\t<\/div>\n\t\t\t\t\t<\/div>\n\t\t\t\t<\/div>\n\t\t<div class=\"has_ae_slider elementor-element elementor-element-581d9b94 animated-fast e-flex e-con-boxed ae-bg-gallery-type-default elementor-invisible e-con e-parent\" data-id=\"581d9b94\" data-element_type=\"container\" data-e-type=\"container\" id=\"contact\" data-settings=\"{&quot;animation&quot;:&quot;fadeInUp&quot;}\">\n\t\t\t\t\t<div class=\"e-con-inner\">\n\t\t<div class=\"has_ae_slider elementor-element elementor-element-7b73326c e-flex e-con-boxed ae-bg-gallery-type-default elementor-invisible e-con e-child\" data-id=\"7b73326c\" data-element_type=\"container\" data-e-type=\"container\" data-settings=\"{&quot;animation&quot;:&quot;fadeIn&quot;}\">\n\t\t\t\t\t<div class=\"e-con-inner\">\n\t\t<div class=\"has_ae_slider elementor-element elementor-element-5cd20df7 e-con-full e-flex ae-bg-gallery-type-default e-con e-child\" data-id=\"5cd20df7\" data-element_type=\"container\" data-e-type=\"container\">\n\t\t\t\t<div class=\"elementor-element elementor-element-4411fb2c elementor-widget elementor-widget-heading\" data-id=\"4411fb2c\" data-element_type=\"widget\" data-e-type=\"widget\" data-widget_type=\"heading.default\">\n\t\t\t\t<div class=\"elementor-widget-container\">\n\t\t\t\t\t<h2 class=\"elementor-heading-title elementor-size-default\">Become a TGI Partner<\/h2>\t\t\t\t<\/div>\n\t\t\t\t<\/div>\n\t\t\t\t<div class=\"elementor-element elementor-element-3d1f1ef7 elementor-widget__width-inherit elementor-widget elementor-widget-heading\" data-id=\"3d1f1ef7\" data-element_type=\"widget\" data-e-type=\"widget\" data-widget_type=\"heading.default\">\n\t\t\t\t<div class=\"elementor-widget-container\">\n\t\t\t\t\t<p class=\"elementor-heading-title elementor-size-default\">Interested in collaborating? Share your details, and we\u2019ll reach out to explore opportunities.<\/p>\t\t\t\t<\/div>\n\t\t\t\t<\/div>\n\t\t\t\t<\/div>\n\t\t<div class=\"has_ae_slider elementor-element elementor-element-4dd6239a e-con-full e-flex ae-bg-gallery-type-default e-con e-child\" data-id=\"4dd6239a\" data-element_type=\"container\" data-e-type=\"container\" data-settings=\"{&quot;background_background&quot;:&quot;classic&quot;}\">\n\t\t\t\t<div class=\"elementor-element elementor-element-fb37457 elementor-widget elementor-widget-hubspot-form\" data-id=\"fb37457\" data-element_type=\"widget\" data-e-type=\"widget\" data-widget_type=\"hubspot-form.default\">\n\t\t\t\t<div class=\"elementor-widget-container\">\n\t\t\t\t\t\n\t\t\t\t\t\t<script>\n\t\t\t\t\t\t\twindow.hsFormsOnReady = window.hsFormsOnReady || [];\n\t\t\t\t\t\t\twindow.hsFormsOnReady.push(()=>{\n\t\t\t\t\t\t\t\thbspt.forms.create({\n\t\t\t\t\t\t\t\t\tportalId: 144111121,\n\t\t\t\t\t\t\t\t\tformId: \"31d70a42-f78f-4ce1-854e-be8452068ecf\",\n\t\t\t\t\t\t\t\t\ttarget: \"#hbspt-form-1777596469000-8877808627\",\n\t\t\t\t\t\t\t\t\tregion: \"eu1\",\n\t\t\t\t\t\t\t\t\t\n\t\t\t\t\t\t\t})});\n\t\t\t\t\t\t<\/script>\n\t\t\t\t\t\t<div class=\"hbspt-form\" id=\"hbspt-form-1777596469000-8877808627\"><\/div>\t\t\t\t<\/div>\n\t\t\t\t<\/div>\n\t\t\t\t<\/div>\n\t\t\t\t\t<\/div>\n\t\t\t\t<\/div>\n\t\t\t\t\t<\/div>\n\t\t\t\t<\/div>\n\t\t\t\t<\/div>\n\t\t","protected":false},"excerpt":{"rendered":"<p>The TGI University Network \u00danete a nuestra red global de universidades y benef\u00edciate de una colaboraci\u00f3n que mejora la credibilidad, ampl\u00eda el alcance de mercado y ofrece a tus estudiantes formaci\u00f3n de alto valor en IA, seguridad de la informaci\u00f3n y privacidad. HAZTE PARTNER AGENDAR LLAMADA \u00bfPor qu\u00e9 colaborar con nosotros? Reconocimiento en la Industria [&hellip;]<\/p>\n","protected":false},"author":2,"featured_media":0,"parent":0,"menu_order":0,"comment_status":"closed","ping_status":"closed","template":"","meta":{"content-type":"","footnotes":""},"class_list":["post-3885","page","type-page","status-publish","hentry"],"acf":[],"_links":{"self":[{"href":"https:\/\/techgovernanceinstitute.com\/es\/wp-json\/wp\/v2\/pages\/3885","targetHints":{"allow":["GET"]}}],"collection":[{"href":"https:\/\/techgovernanceinstitute.com\/es\/wp-json\/wp\/v2\/pages"}],"about":[{"href":"https:\/\/techgovernanceinstitute.com\/es\/wp-json\/wp\/v2\/types\/page"}],"author":[{"embeddable":true,"href":"https:\/\/techgovernanceinstitute.com\/es\/wp-json\/wp\/v2\/users\/2"}],"replies":[{"embeddable":true,"href":"https:\/\/techgovernanceinstitute.com\/es\/wp-json\/wp\/v2\/comments?post=3885"}],"version-history":[{"count":13,"href":"https:\/\/techgovernanceinstitute.com\/es\/wp-json\/wp\/v2\/pages\/3885\/revisions"}],"predecessor-version":[{"id":5227,"href":"https:\/\/techgovernanceinstitute.com\/es\/wp-json\/wp\/v2\/pages\/3885\/revisions\/5227"}],"wp:attachment":[{"href":"https:\/\/techgovernanceinstitute.com\/es\/wp-json\/wp\/v2\/media?parent=3885"}],"curies":[{"name":"wp","href":"https:\/\/api.w.org\/{rel}","templated":true}]}}