{"id":3207,"date":"2025-07-17T11:32:11","date_gmt":"2025-07-17T11:32:11","guid":{"rendered":"https:\/\/techgovernanceinstitute.com\/?post_type=product&#038;p=3207"},"modified":"2025-08-22T03:47:10","modified_gmt":"2025-08-22T03:47:10","slug":"eu-ai-act-governance-of-the-ai-act","status":"publish","type":"product","link":"https:\/\/techgovernanceinstitute.com\/es\/product\/eu-ai-act-governance-of-the-ai-act\/","title":{"rendered":"EU AI ACT: Governance of the AI Act"},"content":{"rendered":"","protected":false},"excerpt":{"rendered":"<p>Este curso ofrece una comprensi\u00f3n enfocada y pr\u00e1ctica de c\u00f3mo funciona la gobernanza de la IA bajo el Reglamento de IA de la UE (EU AI Act).<br \/>\nCubre toda la arquitectura regulatoria \u2014a nivel de la Uni\u00f3n y de los Estados Miembro\u2014 incluyendo el papel de los principales organismos de supervisi\u00f3n y los procedimientos de evaluaci\u00f3n de conformidad.<br \/>\nLos participantes aprender\u00e1n a garantizar que los sistemas de IA cumplan con los requisitos legales y \u00e9ticos, a implementar controles de riesgos y cumplimiento, y a responder ante acciones de ejecuci\u00f3n. Tambi\u00e9n se explora c\u00f3mo aplicar c\u00f3digos de conducta voluntarios e integrar la ciberseguridad en la gobernanza de los sistemas de IA para reducir la responsabilidad y generar confianza.<\/p>\n<p>Modalidad: E-learning<br \/>\nIdioma: Ingl\u00e9s<!-- notionvc: 1d6dfdde-4c8a-4f17-adc9-4ef058c25a94 --><\/p>\n<p><!-- notionvc: f0f28f7b-37ed-4614-b816-fc4bb7344469 --><\/p>\n","protected":false},"featured_media":3223,"comment_status":"open","ping_status":"closed","template":"","meta":{"content-type":""},"product_brand":[],"product_cat":[154,143,150,132,160,133,128],"product_tag":[],"class_list":{"0":"post-3207","1":"product","2":"type-product","3":"status-publish","4":"has-post-thumbnail","6":"product_cat-f3-weeks-es","7":"product_cat-certified-by-es","8":"product_cat-duration-es","9":"product_cat-ce-learning","10":"product_cat-idioma","11":"product_cat-english-es","12":"product_cat-artificial-intelligence-es","14":"first","15":"instock","16":"taxable","17":"shipping-taxable","18":"purchasable","19":"product-type-simple"},"acf":[],"_links":{"self":[{"href":"https:\/\/techgovernanceinstitute.com\/es\/wp-json\/wp\/v2\/product\/3207","targetHints":{"allow":["GET"]}}],"collection":[{"href":"https:\/\/techgovernanceinstitute.com\/es\/wp-json\/wp\/v2\/product"}],"about":[{"href":"https:\/\/techgovernanceinstitute.com\/es\/wp-json\/wp\/v2\/types\/product"}],"replies":[{"embeddable":true,"href":"https:\/\/techgovernanceinstitute.com\/es\/wp-json\/wp\/v2\/comments?post=3207"}],"version-history":[{"count":10,"href":"https:\/\/techgovernanceinstitute.com\/es\/wp-json\/wp\/v2\/product\/3207\/revisions"}],"predecessor-version":[{"id":5099,"href":"https:\/\/techgovernanceinstitute.com\/es\/wp-json\/wp\/v2\/product\/3207\/revisions\/5099"}],"wp:featuredmedia":[{"embeddable":true,"href":"https:\/\/techgovernanceinstitute.com\/es\/wp-json\/wp\/v2\/media\/3223"}],"wp:attachment":[{"href":"https:\/\/techgovernanceinstitute.com\/es\/wp-json\/wp\/v2\/media?parent=3207"}],"wp:term":[{"taxonomy":"product_brand","embeddable":true,"href":"https:\/\/techgovernanceinstitute.com\/es\/wp-json\/wp\/v2\/product_brand?post=3207"},{"taxonomy":"product_cat","embeddable":true,"href":"https:\/\/techgovernanceinstitute.com\/es\/wp-json\/wp\/v2\/product_cat?post=3207"},{"taxonomy":"product_tag","embeddable":true,"href":"https:\/\/techgovernanceinstitute.com\/es\/wp-json\/wp\/v2\/product_tag?post=3207"}],"curies":[{"name":"wp","href":"https:\/\/api.w.org\/{rel}","templated":true}]}}