{"id":3889,"date":"2025-07-18T10:06:08","date_gmt":"2025-07-18T10:06:08","guid":{"rendered":"https:\/\/techgovernanceinstitute.com\/product\/iso-27701-lead-implementer\/"},"modified":"2025-10-14T07:44:34","modified_gmt":"2025-10-14T07:44:34","slug":"iso-27701-lead-implementer","status":"publish","type":"product","link":"https:\/\/techgovernanceinstitute.com\/es\/product\/iso-27701-lead-implementer\/","title":{"rendered":"ISO 27701 Lead Implementer"},"content":{"rendered":"","protected":false},"excerpt":{"rendered":"<p>Domina la implementaci\u00f3n de un Sistema de Gesti\u00f3n de la Informaci\u00f3n de Privacidad (PIMS) alineado con ISO\/IEC 27701.<\/p>\n<p>En solo 5 d\u00edas, el curso ISO\/IEC 27701 Lead Implementer te capacita para planificar, desplegar y gestionar controles de privacidad que aseguren el cumplimiento con normativas globales de protecci\u00f3n de datos y fortalezcan la confianza en toda la organizaci\u00f3n.<\/p>\n<p>A trav\u00e9s de ejercicios pr\u00e1cticos, escenarios reales y gu\u00eda experta, este curso desarrolla tu capacidad para interpretar los requisitos de ISO\/IEC 27701 e integrarlos con ISO\/IEC 27001. Tras aprobar el examen, podr\u00e1s obtener la certificaci\u00f3n PECB Certified ISO\/IEC 27701 Lead Implementer, reconocimiento internacional de tu experiencia en la implementaci\u00f3n de privacidad.<\/p>\n<p>Modalidad: Self-study<br \/>\nIdioma: Ingl\u00e9s<!-- notionvc: 3d96f1e4-67da-4858-917b-3799668e21ad --><\/p>\n<p><!-- notionvc: 360f2cfa-9991-42c8-818d-46ae31f1a231 --><\/p>\n<p><!-- notionvc: 50ba004a-02ce-41f8-bbeb-76685f6a2371 --><\/p>\n<p><!-- notionvc: 450d8ac9-0467-4eea-86f9-a4742ef8ebfe --><\/p>\n<p><!-- notionvc: e9a8218a-2624-4942-8bff-6057727bb0e4 --><\/p>\n<p><!-- notionvc: aa83e682-7873-4e89-9991-24055908a8a0 --><\/p>\n<p><!-- notionvc: 3fa238c9-05ae-4199-8b56-79d256364e04 --><\/p>\n<p><!-- notionvc: 80e3184d-9810-4e29-9980-046f68c3f491 --><\/p>\n<p><!-- notionvc: 35666374-a0b2-4023-82e1-4c4442dda73e --><\/p>\n<p><!-- notionvc: ca456559-c5f4-4687-a915-61361ad1447c --><\/p>\n<p><!-- notionvc: 7ca1e97a-0520-4dac-bb69-761d70bbaa60 --><\/p>\n<p><!-- notionvc: 64550fb3-857c-4e7c-8f70-d5437bdf7d73 --><\/p>\n<p><!-- notionvc: c6014f18-8955-4a96-8e38-d1a30210812c --><\/p>\n<p><!-- notionvc: d15bceaf-e7a0-46bc-943c-cb462a14f1e5 --><\/p>\n<p><!-- notionvc: ea4ad034-f700-4ecc-b213-3aae585d778d --><\/p>\n","protected":false},"featured_media":3890,"comment_status":"open","ping_status":"closed","template":"","meta":{"content-type":""},"product_brand":[],"product_cat":[134,131,147,137,133,129],"product_tag":[],"class_list":{"0":"post-3889","1":"product","2":"type-product","3":"status-publish","4":"has-post-thumbnail","6":"product_cat-d5-days-es","7":"product_cat-autodidacta","8":"product_cat-ias-es","9":"product_cat-implementacion","10":"product_cat-english-es","11":"product_cat-privacy-es","13":"first","14":"instock","15":"taxable","16":"shipping-taxable","17":"purchasable","18":"product-type-simple"},"acf":[],"_links":{"self":[{"href":"https:\/\/techgovernanceinstitute.com\/es\/wp-json\/wp\/v2\/product\/3889","targetHints":{"allow":["GET"]}}],"collection":[{"href":"https:\/\/techgovernanceinstitute.com\/es\/wp-json\/wp\/v2\/product"}],"about":[{"href":"https:\/\/techgovernanceinstitute.com\/es\/wp-json\/wp\/v2\/types\/product"}],"replies":[{"embeddable":true,"href":"https:\/\/techgovernanceinstitute.com\/es\/wp-json\/wp\/v2\/comments?post=3889"}],"version-history":[{"count":12,"href":"https:\/\/techgovernanceinstitute.com\/es\/wp-json\/wp\/v2\/product\/3889\/revisions"}],"predecessor-version":[{"id":5636,"href":"https:\/\/techgovernanceinstitute.com\/es\/wp-json\/wp\/v2\/product\/3889\/revisions\/5636"}],"wp:featuredmedia":[{"embeddable":true,"href":"https:\/\/techgovernanceinstitute.com\/es\/wp-json\/wp\/v2\/media\/3890"}],"wp:attachment":[{"href":"https:\/\/techgovernanceinstitute.com\/es\/wp-json\/wp\/v2\/media?parent=3889"}],"wp:term":[{"taxonomy":"product_brand","embeddable":true,"href":"https:\/\/techgovernanceinstitute.com\/es\/wp-json\/wp\/v2\/product_brand?post=3889"},{"taxonomy":"product_cat","embeddable":true,"href":"https:\/\/techgovernanceinstitute.com\/es\/wp-json\/wp\/v2\/product_cat?post=3889"},{"taxonomy":"product_tag","embeddable":true,"href":"https:\/\/techgovernanceinstitute.com\/es\/wp-json\/wp\/v2\/product_tag?post=3889"}],"curies":[{"name":"wp","href":"https:\/\/api.w.org\/{rel}","templated":true}]}}