{"id":3893,"date":"2025-07-17T12:01:38","date_gmt":"2025-07-17T12:01:38","guid":{"rendered":"https:\/\/techgovernanceinstitute.com\/product\/eu-ai-act-understanding-high-risk-ai-systems\/"},"modified":"2025-08-22T04:38:17","modified_gmt":"2025-08-22T04:38:17","slug":"eu-ai-act-understanding-high-risk-ai-systems","status":"publish","type":"product","link":"https:\/\/techgovernanceinstitute.com\/es\/product\/eu-ai-act-understanding-high-risk-ai-systems\/","title":{"rendered":"EU AI Act: Understanding High-Risk AI Systems"},"content":{"rendered":"","protected":false},"excerpt":{"rendered":"<p>Este curso se centra en uno de los aspectos m\u00e1s cr\u00edticos del Reglamento de IA de la UE: los sistemas de IA de alto riesgo. Ofrece a los profesionales una comprensi\u00f3n clara y pr\u00e1ctica de c\u00f3mo se define la IA de alto riesgo, qu\u00e9 sistemas se clasifican en esta categor\u00eda y qu\u00e9 implica su cumplimiento.<\/p>\n<p>Los participantes aprender\u00e1n a evaluar riesgos, implementar medidas de control y cumplir con las obligaciones legales para evitar sanciones regulatorias y fallos operativos.\u2028Tambi\u00e9n se exploran mecanismos para asegurar que estos sistemas sean transparentes, t\u00e9cnicamente robustos y alineados con los derechos fundamentales de la UE.<\/p>\n<p>Modalidad: E-learning<br \/>\nIdioma: Espa\u00f1ol<br \/>\n<!-- notionvc: 1d6dfdde-4c8a-4f17-adc9-4ef058c25a94 --><\/p>\n<p><!-- notionvc: f0f28f7b-37ed-4614-b816-fc4bb7344469 --><\/p>\n","protected":false},"featured_media":3894,"comment_status":"open","ping_status":"closed","template":"","meta":{"content-type":""},"product_brand":[],"product_cat":[135,132,133,128,130],"product_tag":[],"class_list":{"0":"post-3893","1":"product","2":"type-product","3":"status-publish","4":"has-post-thumbnail","6":"product_cat-e1-week-es","7":"product_cat-ce-learning","8":"product_cat-english-es","9":"product_cat-artificial-intelligence-es","10":"product_cat-bprofessional-es","12":"first","13":"instock","14":"taxable","15":"shipping-taxable","16":"purchasable","17":"product-type-simple"},"acf":[],"_links":{"self":[{"href":"https:\/\/techgovernanceinstitute.com\/es\/wp-json\/wp\/v2\/product\/3893","targetHints":{"allow":["GET"]}}],"collection":[{"href":"https:\/\/techgovernanceinstitute.com\/es\/wp-json\/wp\/v2\/product"}],"about":[{"href":"https:\/\/techgovernanceinstitute.com\/es\/wp-json\/wp\/v2\/types\/product"}],"replies":[{"embeddable":true,"href":"https:\/\/techgovernanceinstitute.com\/es\/wp-json\/wp\/v2\/comments?post=3893"}],"version-history":[{"count":4,"href":"https:\/\/techgovernanceinstitute.com\/es\/wp-json\/wp\/v2\/product\/3893\/revisions"}],"predecessor-version":[{"id":5102,"href":"https:\/\/techgovernanceinstitute.com\/es\/wp-json\/wp\/v2\/product\/3893\/revisions\/5102"}],"wp:featuredmedia":[{"embeddable":true,"href":"https:\/\/techgovernanceinstitute.com\/es\/wp-json\/wp\/v2\/media\/3894"}],"wp:attachment":[{"href":"https:\/\/techgovernanceinstitute.com\/es\/wp-json\/wp\/v2\/media?parent=3893"}],"wp:term":[{"taxonomy":"product_brand","embeddable":true,"href":"https:\/\/techgovernanceinstitute.com\/es\/wp-json\/wp\/v2\/product_brand?post=3893"},{"taxonomy":"product_cat","embeddable":true,"href":"https:\/\/techgovernanceinstitute.com\/es\/wp-json\/wp\/v2\/product_cat?post=3893"},{"taxonomy":"product_tag","embeddable":true,"href":"https:\/\/techgovernanceinstitute.com\/es\/wp-json\/wp\/v2\/product_tag?post=3893"}],"curies":[{"name":"wp","href":"https:\/\/api.w.org\/{rel}","templated":true}]}}