{"id":3914,"date":"2025-07-15T09:43:11","date_gmt":"2025-07-15T09:43:11","guid":{"rendered":"https:\/\/techgovernanceinstitute.com\/product\/iso-42001-practitioner\/"},"modified":"2025-10-07T15:55:47","modified_gmt":"2025-10-07T15:55:47","slug":"iso-42001-practitioner","status":"publish","type":"product","link":"https:\/\/techgovernanceinstitute.com\/es\/product\/iso-42001-practitioner\/","title":{"rendered":"ISO 42001 Practitioner"},"content":{"rendered":"","protected":false},"excerpt":{"rendered":"<p>In\u00edciate en la gesti\u00f3n de sistemas de inteligencia artificial con el curso ISO\/IEC 42001 Practitioner de TRECCERT. Esta formaci\u00f3n de nivel introductorio ofrece una comprensi\u00f3n clara de los conceptos, la terminolog\u00eda, los marcos, las herramientas y las t\u00e9cnicas de los Sistemas de Gesti\u00f3n de Inteligencia Artificial (AIMS), ayudando a profesionales y equipos a contribuir a una gobernanza e implementaci\u00f3n responsable de la IA.<\/p>\n<p>Aprende los beneficios de aplicar la norma ISO\/IEC 42001 en tu organizaci\u00f3n, construye una base s\u00f3lida sobre las expectativas de cumplimiento y desarrolla el conocimiento necesario para apoyar la gesti\u00f3n y supervisi\u00f3n de riesgos de IA.\u2028 Al aprobar el examen, obtendr\u00e1s la credencial Certified ISO\/IEC 42001 Practitioner, un paso clave para convertirte en un profesional reconocido en gobernanza de IA.<\/p>\n<p><!-- notionvc: 4c550c42-1956-4e2f-af39-bc1d1f6ee218 --><\/p>\n<p>Modalidad: Self-study<br \/>\nIdioma: Ingl\u00e9s<\/p>\n","protected":false},"featured_media":3915,"comment_status":"open","ping_status":"closed","template":"","meta":{"content-type":""},"product_brand":[],"product_cat":[152,131,142,133,128],"product_tag":[],"class_list":{"0":"post-3914","1":"product","2":"type-product","3":"status-publish","4":"has-post-thumbnail","6":"product_cat-2-days","7":"product_cat-autodidacta","8":"product_cat-fundamentos","9":"product_cat-english-es","10":"product_cat-artificial-intelligence-es","12":"first","13":"instock","14":"taxable","15":"shipping-taxable","16":"purchasable","17":"product-type-simple"},"acf":[],"_links":{"self":[{"href":"https:\/\/techgovernanceinstitute.com\/es\/wp-json\/wp\/v2\/product\/3914","targetHints":{"allow":["GET"]}}],"collection":[{"href":"https:\/\/techgovernanceinstitute.com\/es\/wp-json\/wp\/v2\/product"}],"about":[{"href":"https:\/\/techgovernanceinstitute.com\/es\/wp-json\/wp\/v2\/types\/product"}],"replies":[{"embeddable":true,"href":"https:\/\/techgovernanceinstitute.com\/es\/wp-json\/wp\/v2\/comments?post=3914"}],"version-history":[{"count":8,"href":"https:\/\/techgovernanceinstitute.com\/es\/wp-json\/wp\/v2\/product\/3914\/revisions"}],"predecessor-version":[{"id":5543,"href":"https:\/\/techgovernanceinstitute.com\/es\/wp-json\/wp\/v2\/product\/3914\/revisions\/5543"}],"wp:featuredmedia":[{"embeddable":true,"href":"https:\/\/techgovernanceinstitute.com\/es\/wp-json\/wp\/v2\/media\/3915"}],"wp:attachment":[{"href":"https:\/\/techgovernanceinstitute.com\/es\/wp-json\/wp\/v2\/media?parent=3914"}],"wp:term":[{"taxonomy":"product_brand","embeddable":true,"href":"https:\/\/techgovernanceinstitute.com\/es\/wp-json\/wp\/v2\/product_brand?post=3914"},{"taxonomy":"product_cat","embeddable":true,"href":"https:\/\/techgovernanceinstitute.com\/es\/wp-json\/wp\/v2\/product_cat?post=3914"},{"taxonomy":"product_tag","embeddable":true,"href":"https:\/\/techgovernanceinstitute.com\/es\/wp-json\/wp\/v2\/product_tag?post=3914"}],"curies":[{"name":"wp","href":"https:\/\/api.w.org\/{rel}","templated":true}]}}