{"id":4387,"date":"2025-07-15T09:20:32","date_gmt":"2025-07-15T09:20:32","guid":{"rendered":"https:\/\/techgovernanceinstitute.com\/product\/iso-42001-foundation\/"},"modified":"2025-10-07T15:55:26","modified_gmt":"2025-10-07T15:55:26","slug":"iso-42001-foundation","status":"publish","type":"product","link":"https:\/\/techgovernanceinstitute.com\/es\/product\/iso-42001-foundation\/","title":{"rendered":"ISO 42001 Foundation"},"content":{"rendered":"","protected":false},"excerpt":{"rendered":"<p>Fortalece tu papel en la gobernanza y cumplimiento de la inteligencia artificial (IA) con el curso Fundaci\u00f3n ISO\/IEC 42001. En solo dos d\u00edas, aprender\u00e1s los fundamentos de los Sistemas de Gesti\u00f3n de Inteligencia Artificial (SGIA), abarcando desde el an\u00e1lisis del contexto, desarrollo de pol\u00edticas y planificaci\u00f3n de gesti\u00f3n de riesgos hasta el control operativo, evaluaci\u00f3n del desempe\u00f1o, auditor\u00edas internas, revisiones de la direcci\u00f3n y mejora continua.<\/p>\n<p>Al finalizar el curso, obtendr\u00e1s los conocimientos y habilidades necesarias para aprobar el examen oficial de certificaci\u00f3n, que demuestra que sabes c\u00f3mo gestionar la IA de forma responsable y conforme a la norma ISO\/IEC 42001 \u2014 un valor agregado importante para tu perfil profesional.<\/p>\n<p><!-- notionvc: 2107e7d9-e878-4da3-9f86-39d78b4b69ae --><\/p>\n<p><!-- notionvc: 36b19af5-f4bc-4bea-9676-a2b0d890b45d --><\/p>\n<p><!-- notionvc: c9bccdd4-9095-4087-8aa3-c5118557476f --><\/p>\n<p><!-- notionvc: ea4ad034-f700-4ecc-b213-3aae585d778d --><\/p>\n","protected":false},"featured_media":4388,"comment_status":"open","ping_status":"closed","template":"","meta":{"content-type":""},"product_brand":[],"product_cat":[152,131,132,142,133,128],"product_tag":[],"class_list":{"0":"post-4387","1":"product","2":"type-product","3":"status-publish","4":"has-post-thumbnail","6":"product_cat-2-days","7":"product_cat-autodidacta","8":"product_cat-ce-learning","9":"product_cat-fundamentos","10":"product_cat-english-es","11":"product_cat-artificial-intelligence-es","13":"first","14":"instock","15":"taxable","16":"shipping-taxable","17":"purchasable","18":"product-type-variable"},"acf":[],"_links":{"self":[{"href":"https:\/\/techgovernanceinstitute.com\/es\/wp-json\/wp\/v2\/product\/4387","targetHints":{"allow":["GET"]}}],"collection":[{"href":"https:\/\/techgovernanceinstitute.com\/es\/wp-json\/wp\/v2\/product"}],"about":[{"href":"https:\/\/techgovernanceinstitute.com\/es\/wp-json\/wp\/v2\/types\/product"}],"replies":[{"embeddable":true,"href":"https:\/\/techgovernanceinstitute.com\/es\/wp-json\/wp\/v2\/comments?post=4387"}],"version-history":[{"count":7,"href":"https:\/\/techgovernanceinstitute.com\/es\/wp-json\/wp\/v2\/product\/4387\/revisions"}],"predecessor-version":[{"id":5542,"href":"https:\/\/techgovernanceinstitute.com\/es\/wp-json\/wp\/v2\/product\/4387\/revisions\/5542"}],"wp:featuredmedia":[{"embeddable":true,"href":"https:\/\/techgovernanceinstitute.com\/es\/wp-json\/wp\/v2\/media\/4388"}],"wp:attachment":[{"href":"https:\/\/techgovernanceinstitute.com\/es\/wp-json\/wp\/v2\/media?parent=4387"}],"wp:term":[{"taxonomy":"product_brand","embeddable":true,"href":"https:\/\/techgovernanceinstitute.com\/es\/wp-json\/wp\/v2\/product_brand?post=4387"},{"taxonomy":"product_cat","embeddable":true,"href":"https:\/\/techgovernanceinstitute.com\/es\/wp-json\/wp\/v2\/product_cat?post=4387"},{"taxonomy":"product_tag","embeddable":true,"href":"https:\/\/techgovernanceinstitute.com\/es\/wp-json\/wp\/v2\/product_tag?post=4387"}],"curies":[{"name":"wp","href":"https:\/\/api.w.org\/{rel}","templated":true}]}}