{"id":4393,"date":"2025-07-17T11:06:06","date_gmt":"2025-07-17T11:06:06","guid":{"rendered":"https:\/\/techgovernanceinstitute.com\/product\/eu-ai-act-ai-fundamentals\/"},"modified":"2025-08-22T03:54:59","modified_gmt":"2025-08-22T03:54:59","slug":"eu-ai-act-ai-fundamentals","status":"publish","type":"product","link":"https:\/\/techgovernanceinstitute.com\/es\/product\/eu-ai-act-ai-fundamentals\/","title":{"rendered":"EU AI ACT: AI Fundamentals"},"content":{"rendered":"","protected":false},"excerpt":{"rendered":"<p>Este curso ofrece a los profesionales una visi\u00f3n pr\u00e1ctica del Reglamento de Inteligencia Artificial de la UE. Desglosa lo que exige la normativa a las organizaciones que desarrollan, utilizan o distribuyen sistemas de IA en la Uni\u00f3n Europea.<\/p>\n<p>Los participantes aprender\u00e1n a identificar pr\u00e1cticas prohibidas, determinar si un sistema es de alto riesgo y comprender las obligaciones para modelos de IA de Prop\u00f3sito General (GPAI). El curso tambi\u00e9n explica las responsabilidades de los desplegadores y usuarios, y qu\u00e9 deben hacer los proveedores de IA para comercializar legalmente sus sistemas en la UE.<br \/>\nEs ideal para equipos que necesiten entender el impacto regulatorio y garantizar el cumplimiento sin perder tiempo con jerga legal innecesaria.<\/p>\n<p>Modalidad: E-learning<br \/>\nIdioma: Ingl\u00e9s<!-- notionvc: b5b80fa8-2e96-4634-ba21-cb712413eef8 --><br \/>\n<!-- notionvc: 52734b90-3016-40c9-b43f-2250289b0820 --><\/p>\n<p><!-- notionvc: f0f28f7b-37ed-4614-b816-fc4bb7344469 --><\/p>\n","protected":false},"featured_media":4394,"comment_status":"open","ping_status":"closed","template":"","meta":{"content-type":""},"product_brand":[],"product_cat":[155,132,133,128,130],"product_tag":[],"class_list":{"0":"post-4393","1":"product","2":"type-product","3":"status-publish","4":"has-post-thumbnail","6":"product_cat-g6-weeks-es","7":"product_cat-ce-learning","8":"product_cat-english-es","9":"product_cat-artificial-intelligence-es","10":"product_cat-bprofessional-es","12":"first","13":"instock","14":"taxable","15":"shipping-taxable","16":"purchasable","17":"product-type-simple"},"acf":[],"_links":{"self":[{"href":"https:\/\/techgovernanceinstitute.com\/es\/wp-json\/wp\/v2\/product\/4393","targetHints":{"allow":["GET"]}}],"collection":[{"href":"https:\/\/techgovernanceinstitute.com\/es\/wp-json\/wp\/v2\/product"}],"about":[{"href":"https:\/\/techgovernanceinstitute.com\/es\/wp-json\/wp\/v2\/types\/product"}],"replies":[{"embeddable":true,"href":"https:\/\/techgovernanceinstitute.com\/es\/wp-json\/wp\/v2\/comments?post=4393"}],"version-history":[{"count":6,"href":"https:\/\/techgovernanceinstitute.com\/es\/wp-json\/wp\/v2\/product\/4393\/revisions"}],"predecessor-version":[{"id":5103,"href":"https:\/\/techgovernanceinstitute.com\/es\/wp-json\/wp\/v2\/product\/4393\/revisions\/5103"}],"wp:featuredmedia":[{"embeddable":true,"href":"https:\/\/techgovernanceinstitute.com\/es\/wp-json\/wp\/v2\/media\/4394"}],"wp:attachment":[{"href":"https:\/\/techgovernanceinstitute.com\/es\/wp-json\/wp\/v2\/media?parent=4393"}],"wp:term":[{"taxonomy":"product_brand","embeddable":true,"href":"https:\/\/techgovernanceinstitute.com\/es\/wp-json\/wp\/v2\/product_brand?post=4393"},{"taxonomy":"product_cat","embeddable":true,"href":"https:\/\/techgovernanceinstitute.com\/es\/wp-json\/wp\/v2\/product_cat?post=4393"},{"taxonomy":"product_tag","embeddable":true,"href":"https:\/\/techgovernanceinstitute.com\/es\/wp-json\/wp\/v2\/product_tag?post=4393"}],"curies":[{"name":"wp","href":"https:\/\/api.w.org\/{rel}","templated":true}]}}