{"id":4418,"date":"2025-06-26T10:35:19","date_gmt":"2025-06-26T10:35:19","guid":{"rendered":"https:\/\/techgovernanceinstitute.com\/product\/iso-iec-42001-lead-auditor-2\/"},"modified":"2025-10-07T15:53:04","modified_gmt":"2025-10-07T15:53:04","slug":"iso-iec-42001-lead-auditor-2","status":"publish","type":"product","link":"https:\/\/techgovernanceinstitute.com\/es\/product\/iso-iec-42001-lead-auditor-2\/","title":{"rendered":"ISO 42001 Lead Auditor"},"content":{"rendered":"","protected":false},"excerpt":{"rendered":"<p>Domina la auditor\u00eda de Sistemas de Gesti\u00f3n de Inteligencia Artificial (SGIA) con el curso ISO\/IEC 42001 Lead Auditor de TRECCERT. Este programa avanzado proporciona un conocimiento integral sobre c\u00f3mo evaluar, auditar y mejorar sistemas de gesti\u00f3n de IA en l\u00ednea con la norma ISO\/IEC 42001 y las directrices de auditor\u00eda ISO 19011.<\/p>\n<p>Aprende a liderar auditor\u00edas de SGIA, desarrollar programas de auditor\u00eda basados en riesgos, evaluar el cumplimiento normativo y guiar a las organizaciones a trav\u00e9s de hallazgos de auditor\u00eda y acciones correctivas. Tras aprobar el examen, obtendr\u00e1s la certificaci\u00f3n Certified ISO\/IEC 42001 Lead Auditor, una credencial reconocida globalmente para profesionales que lideran en gobernanza, cumplimiento y gesti\u00f3n de riesgos de IA.<\/p>\n<p>Modalidad: Self-study<br \/>\nIdioma: Ingl\u00e9s<\/p>\n","protected":false},"featured_media":4419,"comment_status":"open","ping_status":"closed","template":"","meta":{"content-type":""},"product_brand":[],"product_cat":[134,163,131,133,128],"product_tag":[],"class_list":{"0":"post-4418","1":"product","2":"type-product","3":"status-publish","4":"has-post-thumbnail","6":"product_cat-d5-days-es","7":"product_cat-auditoria","8":"product_cat-autodidacta","9":"product_cat-english-es","10":"product_cat-artificial-intelligence-es","12":"first","13":"instock","14":"taxable","15":"shipping-taxable","16":"purchasable","17":"product-type-simple"},"acf":[],"_links":{"self":[{"href":"https:\/\/techgovernanceinstitute.com\/es\/wp-json\/wp\/v2\/product\/4418","targetHints":{"allow":["GET"]}}],"collection":[{"href":"https:\/\/techgovernanceinstitute.com\/es\/wp-json\/wp\/v2\/product"}],"about":[{"href":"https:\/\/techgovernanceinstitute.com\/es\/wp-json\/wp\/v2\/types\/product"}],"replies":[{"embeddable":true,"href":"https:\/\/techgovernanceinstitute.com\/es\/wp-json\/wp\/v2\/comments?post=4418"}],"version-history":[{"count":8,"href":"https:\/\/techgovernanceinstitute.com\/es\/wp-json\/wp\/v2\/product\/4418\/revisions"}],"predecessor-version":[{"id":5539,"href":"https:\/\/techgovernanceinstitute.com\/es\/wp-json\/wp\/v2\/product\/4418\/revisions\/5539"}],"wp:featuredmedia":[{"embeddable":true,"href":"https:\/\/techgovernanceinstitute.com\/es\/wp-json\/wp\/v2\/media\/4419"}],"wp:attachment":[{"href":"https:\/\/techgovernanceinstitute.com\/es\/wp-json\/wp\/v2\/media?parent=4418"}],"wp:term":[{"taxonomy":"product_brand","embeddable":true,"href":"https:\/\/techgovernanceinstitute.com\/es\/wp-json\/wp\/v2\/product_brand?post=4418"},{"taxonomy":"product_cat","embeddable":true,"href":"https:\/\/techgovernanceinstitute.com\/es\/wp-json\/wp\/v2\/product_cat?post=4418"},{"taxonomy":"product_tag","embeddable":true,"href":"https:\/\/techgovernanceinstitute.com\/es\/wp-json\/wp\/v2\/product_tag?post=4418"}],"curies":[{"name":"wp","href":"https:\/\/api.w.org\/{rel}","templated":true}]}}