{"id":4426,"date":"2025-07-14T11:30:23","date_gmt":"2025-07-14T11:30:23","guid":{"rendered":"https:\/\/techgovernanceinstitute.com\/product\/iso-42001-lead-auditor-copy\/"},"modified":"2025-10-07T15:53:54","modified_gmt":"2025-10-07T15:53:54","slug":"iso-42001-lead-auditor-copy","status":"publish","type":"product","link":"https:\/\/techgovernanceinstitute.com\/es\/product\/iso-42001-lead-auditor-copy\/","title":{"rendered":"ISO 42001 Lead Implementer"},"content":{"rendered":"","protected":false},"excerpt":{"rendered":"<p>Domina la implementaci\u00f3n de Sistemas de Gesti\u00f3n de Inteligencia Artificial (SGIA) con el curso Implementador L\u00edder ISO\/IEC 42001. En solo 5 d\u00edas, adquirir\u00e1s la experiencia para traducir estrategias de IA en soluciones pr\u00e1cticas y conformes con la norma ISO\/IEC 42001 dentro de tu organizaci\u00f3n.<\/p>\n<p>Este curso ofrece un enfoque pr\u00e1ctico para la implementaci\u00f3n de SGIA, brind\u00e1ndote las habilidades necesarias para construir, operar y mejorar marcos de gobernanza de IA. Desde la planificaci\u00f3n inicial hasta la preparaci\u00f3n para auditor\u00edas de certificaci\u00f3n por terceros, aprender\u00e1s a liderar proyectos de implementaci\u00f3n SGIA con competencia y seguridad.\u2028 Una vez aprobado el examen, podr\u00e1s solicitar la certificaci\u00f3n oficial como Implementador L\u00edder ISO\/IEC 42001 certificado por PECB, prueba de tu capacidad para implementar sistemas de IA responsables y auditables.<\/p>\n<p><!-- notionvc: ea4ad034-f700-4ecc-b213-3aae585d778d --><\/p>\n","protected":false},"featured_media":4427,"comment_status":"open","ping_status":"closed","template":"","meta":{"content-type":""},"product_brand":[],"product_cat":[134,155,131,132,137,133,128],"product_tag":[],"class_list":{"0":"post-4426","1":"product","2":"type-product","3":"status-publish","4":"has-post-thumbnail","6":"product_cat-d5-days-es","7":"product_cat-g6-weeks-es","8":"product_cat-autodidacta","9":"product_cat-ce-learning","10":"product_cat-implementacion","11":"product_cat-english-es","12":"product_cat-artificial-intelligence-es","14":"first","15":"instock","16":"taxable","17":"shipping-taxable","18":"purchasable","19":"product-type-variable"},"acf":[],"_links":{"self":[{"href":"https:\/\/techgovernanceinstitute.com\/es\/wp-json\/wp\/v2\/product\/4426","targetHints":{"allow":["GET"]}}],"collection":[{"href":"https:\/\/techgovernanceinstitute.com\/es\/wp-json\/wp\/v2\/product"}],"about":[{"href":"https:\/\/techgovernanceinstitute.com\/es\/wp-json\/wp\/v2\/types\/product"}],"replies":[{"embeddable":true,"href":"https:\/\/techgovernanceinstitute.com\/es\/wp-json\/wp\/v2\/comments?post=4426"}],"version-history":[{"count":8,"href":"https:\/\/techgovernanceinstitute.com\/es\/wp-json\/wp\/v2\/product\/4426\/revisions"}],"predecessor-version":[{"id":5540,"href":"https:\/\/techgovernanceinstitute.com\/es\/wp-json\/wp\/v2\/product\/4426\/revisions\/5540"}],"wp:featuredmedia":[{"embeddable":true,"href":"https:\/\/techgovernanceinstitute.com\/es\/wp-json\/wp\/v2\/media\/4427"}],"wp:attachment":[{"href":"https:\/\/techgovernanceinstitute.com\/es\/wp-json\/wp\/v2\/media?parent=4426"}],"wp:term":[{"taxonomy":"product_brand","embeddable":true,"href":"https:\/\/techgovernanceinstitute.com\/es\/wp-json\/wp\/v2\/product_brand?post=4426"},{"taxonomy":"product_cat","embeddable":true,"href":"https:\/\/techgovernanceinstitute.com\/es\/wp-json\/wp\/v2\/product_cat?post=4426"},{"taxonomy":"product_tag","embeddable":true,"href":"https:\/\/techgovernanceinstitute.com\/es\/wp-json\/wp\/v2\/product_tag?post=4426"}],"curies":[{"name":"wp","href":"https:\/\/api.w.org\/{rel}","templated":true}]}}