{"id":4430,"date":"2025-07-15T10:06:10","date_gmt":"2025-07-15T10:06:10","guid":{"rendered":"https:\/\/techgovernanceinstitute.com\/product\/iso-42001-lead-implementer\/"},"modified":"2025-10-07T15:54:19","modified_gmt":"2025-10-07T15:54:19","slug":"iso-42001-lead-implementer","status":"publish","type":"product","link":"https:\/\/techgovernanceinstitute.com\/es\/product\/iso-42001-lead-implementer\/","title":{"rendered":"ISO 42001 Lead Implementer"},"content":{"rendered":"","protected":false},"excerpt":{"rendered":"<p>Desarrolla las habilidades para dise\u00f1ar, implementar y gestionar Sistemas de Gesti\u00f3n de Inteligencia Artificial (SGIA) con el curso ISO\/IEC 42001 Lead Implementer de TRECCERT. Este programa de nivel experto proporciona un enfoque integral para la implementaci\u00f3n de SGIA, basado en el modelo Planificar-Hacer-Verificar-Actuar (PDCA) y alineado con la norma ISO\/IEC 42001.<\/p>\n<p>Aprender\u00e1s a alinear las iniciativas de IA con la estrategia organizacional, gestionar los riesgos asociados a la IA e incorporar la gobernanza y la \u00e9tica en las operaciones de IA. Tras aprobar el examen, obtendr\u00e1s la certificaci\u00f3n Certified ISO\/IEC 42001 Lead Implementer, una credencial reconocida internacionalmente para profesionales que lideran la adopci\u00f3n y operacionalizaci\u00f3n responsable de la inteligencia artificial.<\/p>\n<p><!-- notionvc: d15bceaf-e7a0-46bc-943c-cb462a14f1e5 --><\/p>\n<div id=\"message-list_1753373147.456019\" class=\"c-virtual_list__item\" tabindex=\"0\" role=\"listitem\" aria-setsize=\"-1\" data-qa=\"virtual-list-item\" data-item-key=\"1753373147.456019\">\n<div class=\"c-message_kit__background p-message_pane_message__message c-message_kit__message\" role=\"presentation\" data-qa=\"message_container\" data-qa-unprocessed=\"false\" data-qa-placeholder=\"false\">\n<div class=\"c-message_kit__hover\" role=\"document\" aria-roledescription=\"message\" data-qa-hover=\"true\">\n<div class=\"c-message_kit__actions c-message_kit__actions--default\">\n<div class=\"c-message_kit__gutter\">\n<div class=\"c-message_kit__gutter__right\" role=\"presentation\" data-qa=\"message_content\">\n<div class=\"c-message_kit__blocks c-message_kit__blocks--rich_text\">\n<div class=\"c-message__message_blocks c-message__message_blocks--rich_text\" data-qa=\"message-text\">\n<div class=\"p-block_kit_renderer\" data-qa=\"block-kit-renderer\">\n<div class=\"p-block_kit_renderer__block_wrapper p-block_kit_renderer__block_wrapper--first\">\n<div class=\"p-rich_text_block\" dir=\"auto\">\n<div class=\"p-rich_text_section\">Modalidad: Self-study<br \/>\nIdioma: Ingl\u00e9s<\/div>\n<\/div>\n<\/div>\n<\/div>\n<\/div>\n<\/div>\n<\/div>\n<\/div>\n<\/div>\n<\/div>\n<\/div>\n<\/div>\n<p><!-- notionvc: ea4ad034-f700-4ecc-b213-3aae585d778d --><\/p>\n","protected":false},"featured_media":4431,"comment_status":"open","ping_status":"closed","template":"","meta":{"content-type":""},"product_brand":[],"product_cat":[134,131,137,133,128],"product_tag":[],"class_list":{"0":"post-4430","1":"product","2":"type-product","3":"status-publish","4":"has-post-thumbnail","6":"product_cat-d5-days-es","7":"product_cat-autodidacta","8":"product_cat-implementacion","9":"product_cat-english-es","10":"product_cat-artificial-intelligence-es","12":"first","13":"instock","14":"taxable","15":"shipping-taxable","16":"purchasable","17":"product-type-simple"},"acf":[],"_links":{"self":[{"href":"https:\/\/techgovernanceinstitute.com\/es\/wp-json\/wp\/v2\/product\/4430","targetHints":{"allow":["GET"]}}],"collection":[{"href":"https:\/\/techgovernanceinstitute.com\/es\/wp-json\/wp\/v2\/product"}],"about":[{"href":"https:\/\/techgovernanceinstitute.com\/es\/wp-json\/wp\/v2\/types\/product"}],"replies":[{"embeddable":true,"href":"https:\/\/techgovernanceinstitute.com\/es\/wp-json\/wp\/v2\/comments?post=4430"}],"version-history":[{"count":7,"href":"https:\/\/techgovernanceinstitute.com\/es\/wp-json\/wp\/v2\/product\/4430\/revisions"}],"predecessor-version":[{"id":5541,"href":"https:\/\/techgovernanceinstitute.com\/es\/wp-json\/wp\/v2\/product\/4430\/revisions\/5541"}],"wp:featuredmedia":[{"embeddable":true,"href":"https:\/\/techgovernanceinstitute.com\/es\/wp-json\/wp\/v2\/media\/4431"}],"wp:attachment":[{"href":"https:\/\/techgovernanceinstitute.com\/es\/wp-json\/wp\/v2\/media?parent=4430"}],"wp:term":[{"taxonomy":"product_brand","embeddable":true,"href":"https:\/\/techgovernanceinstitute.com\/es\/wp-json\/wp\/v2\/product_brand?post=4430"},{"taxonomy":"product_cat","embeddable":true,"href":"https:\/\/techgovernanceinstitute.com\/es\/wp-json\/wp\/v2\/product_cat?post=4430"},{"taxonomy":"product_tag","embeddable":true,"href":"https:\/\/techgovernanceinstitute.com\/es\/wp-json\/wp\/v2\/product_tag?post=4430"}],"curies":[{"name":"wp","href":"https:\/\/api.w.org\/{rel}","templated":true}]}}