{"id":4434,"date":"2025-07-15T08:10:07","date_gmt":"2025-07-15T08:10:07","guid":{"rendered":"https:\/\/techgovernanceinstitute.com\/product\/ai-risk-manager\/"},"modified":"2025-11-18T17:22:51","modified_gmt":"2025-11-18T17:22:51","slug":"lead-ai-risk-manager","status":"publish","type":"product","link":"https:\/\/techgovernanceinstitute.com\/es\/product\/lead-ai-risk-manager\/","title":{"rendered":"Lead AI Risk Manager"},"content":{"rendered":"","protected":false},"excerpt":{"rendered":"<p>Desarrolla las competencias necesarias para identificar, evaluar y mitigar riesgos relacionados con la inteligencia artificial con el curso PECB Certified Lead AI Risk Manager. En solo cinco d\u00edas, aprender\u00e1s a gestionar desaf\u00edos complejos como el sesgo, las vulnerabilidades de seguridad, la falta de transparencia y el cumplimiento normativo, aplicando buenas pr\u00e1cticas alineadas con marcos como el NIST AI RMF y el EU AI Act.<\/p>\n<p>Este curso te dota del conocimiento pr\u00e1ctico para integrar la gesti\u00f3n de riesgos de IA en la estrategia y gobernanza de tu organizaci\u00f3n. Te prepara para hacer frente a amenazas emergentes, garantizar una adopci\u00f3n responsable de la IA y cumplir con obligaciones \u00e9ticas y legales. Al aprobar el examen, obtendr\u00e1s la certificaci\u00f3n PECB Certified Lead AI Risk Manager \u2014 un reconocimiento global de tu capacidad profesional para gestionar riesgos en IA.<\/p>\n<p>Modalidad: Self-study<br \/>\nIdioma: Ingl\u00e9s<br \/>\n<!-- notionvc: c9bccdd4-9095-4087-8aa3-c5118557476f --><\/p>\n<p><!-- notionvc: ea4ad034-f700-4ecc-b213-3aae585d778d --><\/p>\n","protected":false},"featured_media":4435,"comment_status":"open","ping_status":"closed","template":"","meta":{"content-type":""},"product_brand":[],"product_cat":[134,131,161,171,133,128],"product_tag":[],"class_list":{"0":"post-4434","1":"product","2":"type-product","3":"status-publish","4":"has-post-thumbnail","6":"product_cat-d5-days-es","7":"product_cat-autodidacta","8":"product_cat-spanish-es","9":"product_cat-emanagement-es","10":"product_cat-english-es","11":"product_cat-artificial-intelligence-es","13":"first","14":"instock","15":"taxable","16":"shipping-taxable","17":"purchasable","18":"product-type-simple"},"acf":[],"_links":{"self":[{"href":"https:\/\/techgovernanceinstitute.com\/es\/wp-json\/wp\/v2\/product\/4434","targetHints":{"allow":["GET"]}}],"collection":[{"href":"https:\/\/techgovernanceinstitute.com\/es\/wp-json\/wp\/v2\/product"}],"about":[{"href":"https:\/\/techgovernanceinstitute.com\/es\/wp-json\/wp\/v2\/types\/product"}],"replies":[{"embeddable":true,"href":"https:\/\/techgovernanceinstitute.com\/es\/wp-json\/wp\/v2\/comments?post=4434"}],"version-history":[{"count":11,"href":"https:\/\/techgovernanceinstitute.com\/es\/wp-json\/wp\/v2\/product\/4434\/revisions"}],"predecessor-version":[{"id":5672,"href":"https:\/\/techgovernanceinstitute.com\/es\/wp-json\/wp\/v2\/product\/4434\/revisions\/5672"}],"wp:featuredmedia":[{"embeddable":true,"href":"https:\/\/techgovernanceinstitute.com\/es\/wp-json\/wp\/v2\/media\/4435"}],"wp:attachment":[{"href":"https:\/\/techgovernanceinstitute.com\/es\/wp-json\/wp\/v2\/media?parent=4434"}],"wp:term":[{"taxonomy":"product_brand","embeddable":true,"href":"https:\/\/techgovernanceinstitute.com\/es\/wp-json\/wp\/v2\/product_brand?post=4434"},{"taxonomy":"product_cat","embeddable":true,"href":"https:\/\/techgovernanceinstitute.com\/es\/wp-json\/wp\/v2\/product_cat?post=4434"},{"taxonomy":"product_tag","embeddable":true,"href":"https:\/\/techgovernanceinstitute.com\/es\/wp-json\/wp\/v2\/product_tag?post=4434"}],"curies":[{"name":"wp","href":"https:\/\/api.w.org\/{rel}","templated":true}]}}