{"id":4443,"date":"2025-07-16T07:22:46","date_gmt":"2025-07-16T07:22:46","guid":{"rendered":"https:\/\/techgovernanceinstitute.com\/product\/iso-27001-foundation\/"},"modified":"2025-10-14T07:39:32","modified_gmt":"2025-10-14T07:39:32","slug":"iso-27001-foundation","status":"publish","type":"product","link":"https:\/\/techgovernanceinstitute.com\/es\/product\/iso-27001-foundation\/","title":{"rendered":"ISO 27001 Foundation"},"content":{"rendered":"","protected":false},"excerpt":{"rendered":"<p>Refuerza tu papel en la gobernanza y el cumplimiento de la seguridad de la informaci\u00f3n con el curso ISO\/IEC 27001 Foundation. En solo dos d\u00edas, aprender\u00e1s los elementos esenciales de un Sistema de Gesti\u00f3n de la Seguridad de la Informaci\u00f3n (SGSI), incluyendo la creaci\u00f3n de pol\u00edticas, definici\u00f3n de procesos, evaluaci\u00f3n del desempe\u00f1o, revisi\u00f3n por la direcci\u00f3n, auditor\u00eda interna y mejora continua.<\/p>\n<p>Al completar este curso, estar\u00e1s preparado para realizar el examen oficial de certificaci\u00f3n y solicitar la credencial PECB Certificate Holder in ISO\/IEC 27001:2022 Foundation \u2014 una certificaci\u00f3n reconocida que valida tus conocimientos sobre los principios, el marco y las buenas pr\u00e1cticas de la gesti\u00f3n de la seguridad de la informaci\u00f3n.<\/p>\n<p><!-- notionvc: 977b95ac-7fa6-4689-8a8e-8d902577f551 --><\/p>\n<p style=\"text-align: left;\"><!-- notionvc: bbaa0eac-7faf-4e19-8296-8dd6389130d3 --><\/p>\n<p><!-- notionvc: 28ffeecb-4cb9-4079-ae2c-d397a19cd6e9 --><\/p>\n<p><!-- notionvc: ea4ad034-f700-4ecc-b213-3aae585d778d --><\/p>\n","protected":false},"featured_media":4444,"comment_status":"open","ping_status":"closed","template":"","meta":{"content-type":""},"product_brand":[],"product_cat":[152,136,131,132,161,142,133,159],"product_tag":[],"class_list":{"0":"post-4443","1":"product","2":"type-product","3":"status-publish","4":"has-post-thumbnail","6":"product_cat-2-days","7":"product_cat-anab-es","8":"product_cat-autodidacta","9":"product_cat-ce-learning","10":"product_cat-spanish-es","11":"product_cat-fundamentos","12":"product_cat-english-es","13":"product_cat-information-security-es","15":"first","16":"instock","17":"taxable","18":"shipping-taxable","19":"purchasable","20":"product-type-variable"},"acf":[],"_links":{"self":[{"href":"https:\/\/techgovernanceinstitute.com\/es\/wp-json\/wp\/v2\/product\/4443","targetHints":{"allow":["GET"]}}],"collection":[{"href":"https:\/\/techgovernanceinstitute.com\/es\/wp-json\/wp\/v2\/product"}],"about":[{"href":"https:\/\/techgovernanceinstitute.com\/es\/wp-json\/wp\/v2\/types\/product"}],"replies":[{"embeddable":true,"href":"https:\/\/techgovernanceinstitute.com\/es\/wp-json\/wp\/v2\/comments?post=4443"}],"version-history":[{"count":8,"href":"https:\/\/techgovernanceinstitute.com\/es\/wp-json\/wp\/v2\/product\/4443\/revisions"}],"predecessor-version":[{"id":5635,"href":"https:\/\/techgovernanceinstitute.com\/es\/wp-json\/wp\/v2\/product\/4443\/revisions\/5635"}],"wp:featuredmedia":[{"embeddable":true,"href":"https:\/\/techgovernanceinstitute.com\/es\/wp-json\/wp\/v2\/media\/4444"}],"wp:attachment":[{"href":"https:\/\/techgovernanceinstitute.com\/es\/wp-json\/wp\/v2\/media?parent=4443"}],"wp:term":[{"taxonomy":"product_brand","embeddable":true,"href":"https:\/\/techgovernanceinstitute.com\/es\/wp-json\/wp\/v2\/product_brand?post=4443"},{"taxonomy":"product_cat","embeddable":true,"href":"https:\/\/techgovernanceinstitute.com\/es\/wp-json\/wp\/v2\/product_cat?post=4443"},{"taxonomy":"product_tag","embeddable":true,"href":"https:\/\/techgovernanceinstitute.com\/es\/wp-json\/wp\/v2\/product_tag?post=4443"}],"curies":[{"name":"wp","href":"https:\/\/api.w.org\/{rel}","templated":true}]}}