{"id":4448,"date":"2025-07-16T07:38:43","date_gmt":"2025-07-16T07:38:43","guid":{"rendered":"https:\/\/techgovernanceinstitute.com\/product\/iso-27001-lead-implementer\/"},"modified":"2025-10-08T09:21:06","modified_gmt":"2025-10-08T09:21:06","slug":"iso-27001-lead-implementer","status":"publish","type":"product","link":"https:\/\/techgovernanceinstitute.com\/es\/product\/iso-27001-lead-implementer\/","title":{"rendered":"ISO 27001 Lead Implementer"},"content":{"rendered":"","protected":false},"excerpt":{"rendered":"<p>Adquiere las competencias necesarias para dise\u00f1ar, implementar y gestionar un Sistema de Gesti\u00f3n de la Seguridad de la Informaci\u00f3n (SGSI) conforme a la norma ISO\/IEC 27001:2022. En solo cinco d\u00edas, el curso ISO\/IEC 27001 Lead Implementer te capacita para liderar proyectos de implementaci\u00f3n de SGSI desde la fase de definici\u00f3n del alcance hasta la certificaci\u00f3n, aline\u00e1ndote con las mejores pr\u00e1cticas en gesti\u00f3n de riesgos, documentaci\u00f3n y mejora continua.<br \/>\nA trav\u00e9s de ejercicios pr\u00e1cticos, estudios de caso y metodolog\u00edas guiadas, este curso te permite traducir los requisitos de la norma ISO\/IEC 27001 en pol\u00edticas y controles accionables.<\/p>\n<p>Al aprobar el examen, podr\u00e1s solicitar la credencial PECB Certified ISO\/IEC 27001 Lead Implementer, una certificaci\u00f3n reconocida que acredita tu capacidad para implementar y mantener entornos de informaci\u00f3n seguros.<\/p>\n<p><!-- notionvc: 67bd01e1-bb34-432e-a72c-1b1364b748c3 --><\/p>\n<p><!-- notionvc: 977b95ac-7fa6-4689-8a8e-8d902577f551 --><\/p>\n<p style=\"text-align: left;\"><!-- notionvc: bbaa0eac-7faf-4e19-8296-8dd6389130d3 --><\/p>\n<p><!-- notionvc: 28ffeecb-4cb9-4079-ae2c-d397a19cd6e9 --><\/p>\n<p><!-- notionvc: ea4ad034-f700-4ecc-b213-3aae585d778d --><\/p>\n","protected":false},"featured_media":4449,"comment_status":"open","ping_status":"closed","template":"","meta":{"content-type":""},"product_brand":[],"product_cat":[152,131,145,132,161,142,147,133,159,149],"product_tag":[],"class_list":{"0":"post-4448","1":"product","2":"type-product","3":"status-publish","4":"has-post-thumbnail","6":"product_cat-2-days","7":"product_cat-autodidacta","8":"product_cat-cpd-es","9":"product_cat-ce-learning","10":"product_cat-spanish-es","11":"product_cat-fundamentos","12":"product_cat-ias-es","13":"product_cat-english-es","14":"product_cat-information-security-es","15":"product_cat-ukas-es","17":"first","18":"instock","19":"taxable","20":"shipping-taxable","21":"purchasable","22":"product-type-variable"},"acf":[],"_links":{"self":[{"href":"https:\/\/techgovernanceinstitute.com\/es\/wp-json\/wp\/v2\/product\/4448","targetHints":{"allow":["GET"]}}],"collection":[{"href":"https:\/\/techgovernanceinstitute.com\/es\/wp-json\/wp\/v2\/product"}],"about":[{"href":"https:\/\/techgovernanceinstitute.com\/es\/wp-json\/wp\/v2\/types\/product"}],"replies":[{"embeddable":true,"href":"https:\/\/techgovernanceinstitute.com\/es\/wp-json\/wp\/v2\/comments?post=4448"}],"version-history":[{"count":4,"href":"https:\/\/techgovernanceinstitute.com\/es\/wp-json\/wp\/v2\/product\/4448\/revisions"}],"predecessor-version":[{"id":5627,"href":"https:\/\/techgovernanceinstitute.com\/es\/wp-json\/wp\/v2\/product\/4448\/revisions\/5627"}],"wp:featuredmedia":[{"embeddable":true,"href":"https:\/\/techgovernanceinstitute.com\/es\/wp-json\/wp\/v2\/media\/4449"}],"wp:attachment":[{"href":"https:\/\/techgovernanceinstitute.com\/es\/wp-json\/wp\/v2\/media?parent=4448"}],"wp:term":[{"taxonomy":"product_brand","embeddable":true,"href":"https:\/\/techgovernanceinstitute.com\/es\/wp-json\/wp\/v2\/product_brand?post=4448"},{"taxonomy":"product_cat","embeddable":true,"href":"https:\/\/techgovernanceinstitute.com\/es\/wp-json\/wp\/v2\/product_cat?post=4448"},{"taxonomy":"product_tag","embeddable":true,"href":"https:\/\/techgovernanceinstitute.com\/es\/wp-json\/wp\/v2\/product_tag?post=4448"}],"curies":[{"name":"wp","href":"https:\/\/api.w.org\/{rel}","templated":true}]}}