{"id":4452,"date":"2025-07-16T07:59:24","date_gmt":"2025-07-16T07:59:24","guid":{"rendered":"https:\/\/techgovernanceinstitute.com\/product\/iso-27001-lead-auditor\/"},"modified":"2025-10-08T09:20:22","modified_gmt":"2025-10-08T09:20:22","slug":"iso-27001-lead-auditor","status":"publish","type":"product","link":"https:\/\/techgovernanceinstitute.com\/es\/product\/iso-27001-lead-auditor\/","title":{"rendered":"ISO 27001 Lead Auditor"},"content":{"rendered":"","protected":false},"excerpt":{"rendered":"<p data-start=\"0\" data-end=\"280\">Domina la auditor\u00eda de Sistemas de Gesti\u00f3n de Seguridad de la Informaci\u00f3n (SGSI) basados en la norma ISO\/IEC 27001, en un contexto donde las organizaciones se enfrentan a una presi\u00f3n creciente para proteger sus datos cr\u00edticos frente a amenazas de seguridad en constante evoluci\u00f3n.<\/p>\n<p data-start=\"282\" data-end=\"608\">En solo 5 d\u00edas, adquiere las competencias necesarias para realizar auditor\u00edas internas y externas conforme a las normas ISO 19011 e ISO\/IEC 17021-1. El curso combina ejercicios pr\u00e1cticos, estudios de caso y simulaciones para prepararte ante escenarios reales de auditor\u00eda y para la gesti\u00f3n de programas de auditor\u00eda completos.<\/p>\n<p data-start=\"610\" data-end=\"862\" data-is-last-node=\"\" data-is-only-node=\"\">Al finalizar el curso, podr\u00e1s presentarte al examen de certificaci\u00f3n y, si lo apruebas, solicitar la credencial de Auditor L\u00edder ISO\/IEC 27001 certificado por PECB \u2014 un reconocimiento claro de tu experiencia en auditor\u00eda de seguridad de la informaci\u00f3n.<\/p>\n<p><!-- notionvc: 6c94c916-f100-4ed3-a090-e77607044588 --><\/p>\n<p><!-- notionvc: 67bd01e1-bb34-432e-a72c-1b1364b748c3 --><\/p>\n<p><!-- notionvc: 977b95ac-7fa6-4689-8a8e-8d902577f551 --><\/p>\n<p style=\"text-align: left;\"><!-- notionvc: bbaa0eac-7faf-4e19-8296-8dd6389130d3 --><\/p>\n<p><!-- notionvc: 28ffeecb-4cb9-4079-ae2c-d397a19cd6e9 --><\/p>\n<p><!-- notionvc: ea4ad034-f700-4ecc-b213-3aae585d778d --><\/p>\n","protected":false},"featured_media":4944,"comment_status":"open","ping_status":"closed","template":"","meta":{"content-type":""},"product_brand":[],"product_cat":[134,163,131,145,132,161,147,133,148,159,149],"product_tag":[],"class_list":{"0":"post-4452","1":"product","2":"type-product","3":"status-publish","4":"has-post-thumbnail","6":"product_cat-d5-days-es","7":"product_cat-auditoria","8":"product_cat-autodidacta","9":"product_cat-cpd-es","10":"product_cat-ce-learning","11":"product_cat-spanish-es","12":"product_cat-ias-es","13":"product_cat-english-es","14":"product_cat-kab-es","15":"product_cat-information-security-es","16":"product_cat-ukas-es","18":"first","19":"instock","20":"taxable","21":"shipping-taxable","22":"purchasable","23":"product-type-variable"},"acf":[],"_links":{"self":[{"href":"https:\/\/techgovernanceinstitute.com\/es\/wp-json\/wp\/v2\/product\/4452","targetHints":{"allow":["GET"]}}],"collection":[{"href":"https:\/\/techgovernanceinstitute.com\/es\/wp-json\/wp\/v2\/product"}],"about":[{"href":"https:\/\/techgovernanceinstitute.com\/es\/wp-json\/wp\/v2\/types\/product"}],"replies":[{"embeddable":true,"href":"https:\/\/techgovernanceinstitute.com\/es\/wp-json\/wp\/v2\/comments?post=4452"}],"version-history":[{"count":11,"href":"https:\/\/techgovernanceinstitute.com\/es\/wp-json\/wp\/v2\/product\/4452\/revisions"}],"predecessor-version":[{"id":5626,"href":"https:\/\/techgovernanceinstitute.com\/es\/wp-json\/wp\/v2\/product\/4452\/revisions\/5626"}],"wp:featuredmedia":[{"embeddable":true,"href":"https:\/\/techgovernanceinstitute.com\/es\/wp-json\/wp\/v2\/media\/4944"}],"wp:attachment":[{"href":"https:\/\/techgovernanceinstitute.com\/es\/wp-json\/wp\/v2\/media?parent=4452"}],"wp:term":[{"taxonomy":"product_brand","embeddable":true,"href":"https:\/\/techgovernanceinstitute.com\/es\/wp-json\/wp\/v2\/product_brand?post=4452"},{"taxonomy":"product_cat","embeddable":true,"href":"https:\/\/techgovernanceinstitute.com\/es\/wp-json\/wp\/v2\/product_cat?post=4452"},{"taxonomy":"product_tag","embeddable":true,"href":"https:\/\/techgovernanceinstitute.com\/es\/wp-json\/wp\/v2\/product_tag?post=4452"}],"curies":[{"name":"wp","href":"https:\/\/api.w.org\/{rel}","templated":true}]}}