{"id":4457,"date":"2025-07-16T08:43:39","date_gmt":"2025-07-16T08:43:39","guid":{"rendered":"https:\/\/techgovernanceinstitute.com\/product\/iso-27001-transition\/"},"modified":"2025-10-08T09:19:43","modified_gmt":"2025-10-08T09:19:43","slug":"iso-27001-transition","status":"publish","type":"product","link":"https:\/\/techgovernanceinstitute.com\/es\/product\/iso-27001-transition\/","title":{"rendered":"ISO 27001 Transition"},"content":{"rendered":"","protected":false},"excerpt":{"rendered":"<p>Mantente actualizado con los est\u00e1ndares de seguridad de la informaci\u00f3n a trav\u00e9s del curso ISO\/IEC 27001 Transition. En solo dos d\u00edas, obtendr\u00e1s una comprensi\u00f3n clara de las principales diferencias entre las versiones ISO\/IEC 27001:2013 e ISO\/IEC 27001:2022 \u2014 incluyendo los cambios en las cl\u00e1usulas, la actualizaci\u00f3n de los controles del Anexo A y la introducci\u00f3n de nueva terminolog\u00eda alineada con la ISO\/IEC 27002:2022.<br \/>\nEste curso te proporciona el conocimiento y las habilidades necesarias para apoyar a las organizaciones en la planificaci\u00f3n e implementaci\u00f3n de los cambios requeridos en su SGSI para asegurar el alineamiento total con la ISO\/IEC 27001:2022. Al finalizar, podr\u00e1s realizar el examen de certificaci\u00f3n y solicitar la credencial PECB Certified ISO\/IEC 27001 Transition, que demuestra tu experiencia actualizada en modernizaci\u00f3n y alineamiento de SGSI.<\/p>\n<p>Modalidad: Self-study<br \/>\nIdioma: Ingl\u00e9s<\/p>\n<p><!-- notionvc: 7717717d-d34a-4779-9db1-26e41cfbcf25 --><\/p>\n<p><!-- notionvc: 6c94c916-f100-4ed3-a090-e77607044588 --><\/p>\n<p><!-- notionvc: 67bd01e1-bb34-432e-a72c-1b1364b748c3 --><\/p>\n<p><!-- notionvc: 977b95ac-7fa6-4689-8a8e-8d902577f551 --><\/p>\n<p style=\"text-align: left;\"><!-- notionvc: bbaa0eac-7faf-4e19-8296-8dd6389130d3 --><\/p>\n<p><!-- notionvc: 28ffeecb-4cb9-4079-ae2c-d397a19cd6e9 --><\/p>\n<p><!-- notionvc: ea4ad034-f700-4ecc-b213-3aae585d778d --><\/p>\n","protected":false},"featured_media":4458,"comment_status":"open","ping_status":"closed","template":"","meta":{"content-type":""},"product_brand":[],"product_cat":[152,131,161,133,159,173],"product_tag":[],"class_list":{"0":"post-4457","1":"product","2":"type-product","3":"status-publish","4":"has-post-thumbnail","6":"product_cat-2-days","7":"product_cat-autodidacta","8":"product_cat-spanish-es","9":"product_cat-english-es","10":"product_cat-information-security-es","11":"product_cat-transition-es","13":"first","14":"instock","15":"taxable","16":"shipping-taxable","17":"purchasable","18":"product-type-variable"},"acf":[],"_links":{"self":[{"href":"https:\/\/techgovernanceinstitute.com\/es\/wp-json\/wp\/v2\/product\/4457","targetHints":{"allow":["GET"]}}],"collection":[{"href":"https:\/\/techgovernanceinstitute.com\/es\/wp-json\/wp\/v2\/product"}],"about":[{"href":"https:\/\/techgovernanceinstitute.com\/es\/wp-json\/wp\/v2\/types\/product"}],"replies":[{"embeddable":true,"href":"https:\/\/techgovernanceinstitute.com\/es\/wp-json\/wp\/v2\/comments?post=4457"}],"version-history":[{"count":8,"href":"https:\/\/techgovernanceinstitute.com\/es\/wp-json\/wp\/v2\/product\/4457\/revisions"}],"predecessor-version":[{"id":5625,"href":"https:\/\/techgovernanceinstitute.com\/es\/wp-json\/wp\/v2\/product\/4457\/revisions\/5625"}],"wp:featuredmedia":[{"embeddable":true,"href":"https:\/\/techgovernanceinstitute.com\/es\/wp-json\/wp\/v2\/media\/4458"}],"wp:attachment":[{"href":"https:\/\/techgovernanceinstitute.com\/es\/wp-json\/wp\/v2\/media?parent=4457"}],"wp:term":[{"taxonomy":"product_brand","embeddable":true,"href":"https:\/\/techgovernanceinstitute.com\/es\/wp-json\/wp\/v2\/product_brand?post=4457"},{"taxonomy":"product_cat","embeddable":true,"href":"https:\/\/techgovernanceinstitute.com\/es\/wp-json\/wp\/v2\/product_cat?post=4457"},{"taxonomy":"product_tag","embeddable":true,"href":"https:\/\/techgovernanceinstitute.com\/es\/wp-json\/wp\/v2\/product_tag?post=4457"}],"curies":[{"name":"wp","href":"https:\/\/api.w.org\/{rel}","templated":true}]}}