{"id":4462,"date":"2025-07-16T10:02:17","date_gmt":"2025-07-16T10:02:17","guid":{"rendered":"https:\/\/techgovernanceinstitute.com\/product\/iso-27002-foundation\/"},"modified":"2025-10-08T09:18:36","modified_gmt":"2025-10-08T09:18:36","slug":"iso-27002-foundation","status":"publish","type":"product","link":"https:\/\/techgovernanceinstitute.com\/es\/product\/iso-27002-foundation\/","title":{"rendered":"ISO 27002 Foundation"},"content":{"rendered":"","protected":false},"excerpt":{"rendered":"<p>Introd\u00facete en los controles de seguridad de la informaci\u00f3n con el curso ISO\/IEC 27002 Foundation. En solo dos d\u00edas, aprender\u00e1s los conceptos fundamentales y las categor\u00edas clave de los controles de seguridad de la informaci\u00f3n, alineados con la norma ISO\/IEC 27002 \u2014 incluyendo salvaguardas organizativas, relacionadas con personas, f\u00edsicas y tecnol\u00f3gicas. Tambi\u00e9n comprender\u00e1s c\u00f3mo esta norma se conecta con otras como ISO\/IEC 27001 e ISO\/IEC 27003.<\/p>\n<p>Al completar el curso, estar\u00e1s preparado para realizar el examen de certificaci\u00f3n y solicitar la credencial PECB Certificate Holder in ISO\/IEC 27002 Foundation \u2014 que demuestra tu comprensi\u00f3n de los controles clave de seguridad y su aplicaci\u00f3n en entornos modernos de SGSI.<\/p>\n<p>Modalidad: Self-study<br \/>\nIdioma: Ingl\u00e9s<!-- notionvc: d3c77769-d9ce-4cc5-970e-51a816c9786d --><\/p>\n<p><!-- notionvc: 259c92cd-86aa-4908-9739-8ca1bd3e4568 --><\/p>\n<p><!-- notionvc: 70949ed2-0ded-4e93-bb14-88302eb5aee8 --><\/p>\n<p><!-- notionvc: 87daf94c-e5bd-4930-8b4e-486615e0a785 --><\/p>\n<p><!-- notionvc: 28ffeecb-4cb9-4079-ae2c-d397a19cd6e9 --><\/p>\n<p><!-- notionvc: ea4ad034-f700-4ecc-b213-3aae585d778d --><\/p>\n","protected":false},"featured_media":4463,"comment_status":"open","ping_status":"closed","template":"","meta":{"content-type":""},"product_brand":[],"product_cat":[152,131,142,133,159],"product_tag":[],"class_list":{"0":"post-4462","1":"product","2":"type-product","3":"status-publish","4":"has-post-thumbnail","6":"product_cat-2-days","7":"product_cat-autodidacta","8":"product_cat-fundamentos","9":"product_cat-english-es","10":"product_cat-information-security-es","12":"first","13":"instock","14":"taxable","15":"shipping-taxable","16":"purchasable","17":"product-type-simple"},"acf":[],"_links":{"self":[{"href":"https:\/\/techgovernanceinstitute.com\/es\/wp-json\/wp\/v2\/product\/4462","targetHints":{"allow":["GET"]}}],"collection":[{"href":"https:\/\/techgovernanceinstitute.com\/es\/wp-json\/wp\/v2\/product"}],"about":[{"href":"https:\/\/techgovernanceinstitute.com\/es\/wp-json\/wp\/v2\/types\/product"}],"replies":[{"embeddable":true,"href":"https:\/\/techgovernanceinstitute.com\/es\/wp-json\/wp\/v2\/comments?post=4462"}],"version-history":[{"count":8,"href":"https:\/\/techgovernanceinstitute.com\/es\/wp-json\/wp\/v2\/product\/4462\/revisions"}],"predecessor-version":[{"id":5622,"href":"https:\/\/techgovernanceinstitute.com\/es\/wp-json\/wp\/v2\/product\/4462\/revisions\/5622"}],"wp:featuredmedia":[{"embeddable":true,"href":"https:\/\/techgovernanceinstitute.com\/es\/wp-json\/wp\/v2\/media\/4463"}],"wp:attachment":[{"href":"https:\/\/techgovernanceinstitute.com\/es\/wp-json\/wp\/v2\/media?parent=4462"}],"wp:term":[{"taxonomy":"product_brand","embeddable":true,"href":"https:\/\/techgovernanceinstitute.com\/es\/wp-json\/wp\/v2\/product_brand?post=4462"},{"taxonomy":"product_cat","embeddable":true,"href":"https:\/\/techgovernanceinstitute.com\/es\/wp-json\/wp\/v2\/product_cat?post=4462"},{"taxonomy":"product_tag","embeddable":true,"href":"https:\/\/techgovernanceinstitute.com\/es\/wp-json\/wp\/v2\/product_tag?post=4462"}],"curies":[{"name":"wp","href":"https:\/\/api.w.org\/{rel}","templated":true}]}}