{"id":4467,"date":"2025-07-17T11:21:44","date_gmt":"2025-07-17T11:21:44","guid":{"rendered":"https:\/\/techgovernanceinstitute.com\/product\/iso-iec-27002-manager\/"},"modified":"2025-10-08T09:14:24","modified_gmt":"2025-10-08T09:14:24","slug":"iso-iec-27002-manager","status":"publish","type":"product","link":"https:\/\/techgovernanceinstitute.com\/es\/product\/iso-iec-27002-manager\/","title":{"rendered":"ISO 27002 Manager"},"content":{"rendered":"","protected":false},"excerpt":{"rendered":"<p>Adquiere las habilidades necesarias para implementar y gestionar controles de seguridad de la informaci\u00f3n alineados con ISO\/IEC 27002 mediante el curso PECB Certified ISO\/IEC 27002 Manager. Durante 3 d\u00edas, desarrollar\u00e1s conocimientos pr\u00e1cticos para seleccionar, dise\u00f1ar y aplicar controles de seguridad adaptados al contexto de riesgos de tu organizaci\u00f3n \u2014 especialmente en el marco de un SGSI basado en ISO\/IEC 27001.<br \/>\nEste curso ofrece un enfoque estructurado para interpretar la norma ISO\/IEC 27002, cubriendo controles organizativos, relacionados con personas, f\u00edsicos y tecnol\u00f3gicos.\u2028 Al aprobar el examen, podr\u00e1s solicitar la credencial PECB Certified ISO\/IEC 27002 Manager, que valida tu capacidad para operacionalizar marcos de seguridad de forma efectiva.<\/p>\n<p>Modalidad : Self-study<br \/>\nIdioma : Ingl\u00e9s<!-- notionvc: 64550fb3-857c-4e7c-8f70-d5437bdf7d73 --><\/p>\n<p><!-- notionvc: c6014f18-8955-4a96-8e38-d1a30210812c --><\/p>\n<p><!-- notionvc: d15bceaf-e7a0-46bc-943c-cb462a14f1e5 --><\/p>\n<p><!-- notionvc: ea4ad034-f700-4ecc-b213-3aae585d778d --><\/p>\n","protected":false},"featured_media":4468,"comment_status":"open","ping_status":"closed","template":"","meta":{"content-type":""},"product_brand":[],"product_cat":[153,131,171,133,159],"product_tag":[],"class_list":{"0":"post-4467","1":"product","2":"type-product","3":"status-publish","4":"has-post-thumbnail","6":"product_cat-c3-days-es","7":"product_cat-autodidacta","8":"product_cat-emanagement-es","9":"product_cat-english-es","10":"product_cat-information-security-es","12":"first","13":"instock","14":"taxable","15":"shipping-taxable","16":"purchasable","17":"product-type-simple"},"acf":[],"_links":{"self":[{"href":"https:\/\/techgovernanceinstitute.com\/es\/wp-json\/wp\/v2\/product\/4467","targetHints":{"allow":["GET"]}}],"collection":[{"href":"https:\/\/techgovernanceinstitute.com\/es\/wp-json\/wp\/v2\/product"}],"about":[{"href":"https:\/\/techgovernanceinstitute.com\/es\/wp-json\/wp\/v2\/types\/product"}],"replies":[{"embeddable":true,"href":"https:\/\/techgovernanceinstitute.com\/es\/wp-json\/wp\/v2\/comments?post=4467"}],"version-history":[{"count":8,"href":"https:\/\/techgovernanceinstitute.com\/es\/wp-json\/wp\/v2\/product\/4467\/revisions"}],"predecessor-version":[{"id":5607,"href":"https:\/\/techgovernanceinstitute.com\/es\/wp-json\/wp\/v2\/product\/4467\/revisions\/5607"}],"wp:featuredmedia":[{"embeddable":true,"href":"https:\/\/techgovernanceinstitute.com\/es\/wp-json\/wp\/v2\/media\/4468"}],"wp:attachment":[{"href":"https:\/\/techgovernanceinstitute.com\/es\/wp-json\/wp\/v2\/media?parent=4467"}],"wp:term":[{"taxonomy":"product_brand","embeddable":true,"href":"https:\/\/techgovernanceinstitute.com\/es\/wp-json\/wp\/v2\/product_brand?post=4467"},{"taxonomy":"product_cat","embeddable":true,"href":"https:\/\/techgovernanceinstitute.com\/es\/wp-json\/wp\/v2\/product_cat?post=4467"},{"taxonomy":"product_tag","embeddable":true,"href":"https:\/\/techgovernanceinstitute.com\/es\/wp-json\/wp\/v2\/product_tag?post=4467"}],"curies":[{"name":"wp","href":"https:\/\/api.w.org\/{rel}","templated":true}]}}