{"id":4472,"date":"2025-07-16T16:20:06","date_gmt":"2025-07-16T16:20:06","guid":{"rendered":"https:\/\/techgovernanceinstitute.com\/product\/iso-27002-lead-manager\/"},"modified":"2025-10-08T09:15:19","modified_gmt":"2025-10-08T09:15:19","slug":"iso-27002-lead-manager","status":"publish","type":"product","link":"https:\/\/techgovernanceinstitute.com\/es\/product\/iso-27002-lead-manager\/","title":{"rendered":"ISO 27002 Lead Manager"},"content":{"rendered":"","protected":false},"excerpt":{"rendered":"<p>Domina la implementaci\u00f3n y gesti\u00f3n operativa de controles de seguridad de la informaci\u00f3n con el curso ISO\/IEC 27002 Lead Manager. En 5 d\u00edas, adquirir\u00e1s las habilidades necesarias para seleccionar, aplicar y mantener controles de seguridad alineados con la norma ISO\/IEC 27002, lo que te permitir\u00e1 proteger eficazmente los activos de informaci\u00f3n en los \u00e1mbitos organizativo, humano, f\u00edsico y tecnol\u00f3gico.<\/p>\n<p>A trav\u00e9s de ejemplos pr\u00e1cticos y una gu\u00eda estructurada, este curso te ayudar\u00e1 a interpretar e implementar controles adaptados al perfil de riesgos y contexto de tu organizaci\u00f3n. Al aprobar el examen, podr\u00e1s solicitar la credencial PECB Certified ISO\/IEC 27002 Lead Manager, que valida tu capacidad para gestionar y mantener marcos de control conforme a ISO\/IEC 27002.<\/p>\n<p><!-- notionvc: c6014f18-8955-4a96-8e38-d1a30210812c --><\/p>\n<p><!-- notionvc: d15bceaf-e7a0-46bc-943c-cb462a14f1e5 --><\/p>\n<p><!-- notionvc: ea4ad034-f700-4ecc-b213-3aae585d778d --><\/p>\n","protected":false},"featured_media":4473,"comment_status":"open","ping_status":"closed","template":"","meta":{"content-type":""},"product_brand":[],"product_cat":[134,131,161,171,133,159],"product_tag":[],"class_list":{"0":"post-4472","1":"product","2":"type-product","3":"status-publish","4":"has-post-thumbnail","6":"product_cat-d5-days-es","7":"product_cat-autodidacta","8":"product_cat-spanish-es","9":"product_cat-emanagement-es","10":"product_cat-english-es","11":"product_cat-information-security-es","13":"first","14":"instock","15":"taxable","16":"shipping-taxable","17":"purchasable","18":"product-type-variable"},"acf":[],"_links":{"self":[{"href":"https:\/\/techgovernanceinstitute.com\/es\/wp-json\/wp\/v2\/product\/4472","targetHints":{"allow":["GET"]}}],"collection":[{"href":"https:\/\/techgovernanceinstitute.com\/es\/wp-json\/wp\/v2\/product"}],"about":[{"href":"https:\/\/techgovernanceinstitute.com\/es\/wp-json\/wp\/v2\/types\/product"}],"replies":[{"embeddable":true,"href":"https:\/\/techgovernanceinstitute.com\/es\/wp-json\/wp\/v2\/comments?post=4472"}],"version-history":[{"count":8,"href":"https:\/\/techgovernanceinstitute.com\/es\/wp-json\/wp\/v2\/product\/4472\/revisions"}],"predecessor-version":[{"id":5609,"href":"https:\/\/techgovernanceinstitute.com\/es\/wp-json\/wp\/v2\/product\/4472\/revisions\/5609"}],"wp:featuredmedia":[{"embeddable":true,"href":"https:\/\/techgovernanceinstitute.com\/es\/wp-json\/wp\/v2\/media\/4473"}],"wp:attachment":[{"href":"https:\/\/techgovernanceinstitute.com\/es\/wp-json\/wp\/v2\/media?parent=4472"}],"wp:term":[{"taxonomy":"product_brand","embeddable":true,"href":"https:\/\/techgovernanceinstitute.com\/es\/wp-json\/wp\/v2\/product_brand?post=4472"},{"taxonomy":"product_cat","embeddable":true,"href":"https:\/\/techgovernanceinstitute.com\/es\/wp-json\/wp\/v2\/product_cat?post=4472"},{"taxonomy":"product_tag","embeddable":true,"href":"https:\/\/techgovernanceinstitute.com\/es\/wp-json\/wp\/v2\/product_tag?post=4472"}],"curies":[{"name":"wp","href":"https:\/\/api.w.org\/{rel}","templated":true}]}}