{"id":4481,"date":"2025-07-17T11:44:45","date_gmt":"2025-07-17T11:44:45","guid":{"rendered":"https:\/\/techgovernanceinstitute.com\/product\/iso-27005-risk-manager\/"},"modified":"2025-10-08T09:13:41","modified_gmt":"2025-10-08T09:13:41","slug":"iso-27005-risk-manager","status":"publish","type":"product","link":"https:\/\/techgovernanceinstitute.com\/es\/product\/iso-27005-risk-manager\/","title":{"rendered":"ISO 27005 Risk Manager"},"content":{"rendered":"","protected":false},"excerpt":{"rendered":"<p>Adquiere las habilidades esenciales para implementar y apoyar un programa de gesti\u00f3n de riesgos en seguridad de la informaci\u00f3n con el curso ISO\/IEC 27005:2022 Risk Manager. En solo tres d\u00edas, aprender\u00e1s a identificar, evaluar, tratar y comunicar riesgos de acuerdo con ISO\/IEC 27005 y ISO 31000, al mismo tiempo que das soporte al cumplimiento con la norma ISO\/IEC 27001.<\/p>\n<p>Este curso combina teor\u00eda con ejercicios pr\u00e1cticos, cuestionarios y estudios de caso. Tambi\u00e9n explorar\u00e1s metodolog\u00edas reconocidas de evaluaci\u00f3n de riesgos como OCTAVE, MEHARI, EBIOS, NIST, CRAMM y TRA.\u2028 Al aprobar el examen, podr\u00e1s solicitar la credencial PECB Certified ISO\/IEC 27005:2022 Risk Manager, una valiosa validaci\u00f3n de tu competencia en gesti\u00f3n de riesgos de SI.<\/p>\n<p><!-- notionvc: ca456559-c5f4-4687-a915-61361ad1447c --><\/p>\n<p><!-- notionvc: 7ca1e97a-0520-4dac-bb69-761d70bbaa60 --><\/p>\n<p><!-- notionvc: 64550fb3-857c-4e7c-8f70-d5437bdf7d73 --><\/p>\n<p><!-- notionvc: c6014f18-8955-4a96-8e38-d1a30210812c --><\/p>\n<p><!-- notionvc: d15bceaf-e7a0-46bc-943c-cb462a14f1e5 --><\/p>\n<p><!-- notionvc: ea4ad034-f700-4ecc-b213-3aae585d778d --><\/p>\n","protected":false},"featured_media":4482,"comment_status":"open","ping_status":"closed","template":"","meta":{"content-type":""},"product_brand":[],"product_cat":[153,131,143,144,132,161,171,147,133,159],"product_tag":[],"class_list":{"0":"post-4481","1":"product","2":"type-product","3":"status-publish","4":"has-post-thumbnail","6":"product_cat-c3-days-es","7":"product_cat-autodidacta","8":"product_cat-certified-by-es","9":"product_cat-cofrac-es","10":"product_cat-ce-learning","11":"product_cat-spanish-es","12":"product_cat-emanagement-es","13":"product_cat-ias-es","14":"product_cat-english-es","15":"product_cat-information-security-es","17":"first","18":"instock","19":"taxable","20":"shipping-taxable","21":"purchasable","22":"product-type-variable"},"acf":[],"_links":{"self":[{"href":"https:\/\/techgovernanceinstitute.com\/es\/wp-json\/wp\/v2\/product\/4481","targetHints":{"allow":["GET"]}}],"collection":[{"href":"https:\/\/techgovernanceinstitute.com\/es\/wp-json\/wp\/v2\/product"}],"about":[{"href":"https:\/\/techgovernanceinstitute.com\/es\/wp-json\/wp\/v2\/types\/product"}],"replies":[{"embeddable":true,"href":"https:\/\/techgovernanceinstitute.com\/es\/wp-json\/wp\/v2\/comments?post=4481"}],"version-history":[{"count":9,"href":"https:\/\/techgovernanceinstitute.com\/es\/wp-json\/wp\/v2\/product\/4481\/revisions"}],"predecessor-version":[{"id":5605,"href":"https:\/\/techgovernanceinstitute.com\/es\/wp-json\/wp\/v2\/product\/4481\/revisions\/5605"}],"wp:featuredmedia":[{"embeddable":true,"href":"https:\/\/techgovernanceinstitute.com\/es\/wp-json\/wp\/v2\/media\/4482"}],"wp:attachment":[{"href":"https:\/\/techgovernanceinstitute.com\/es\/wp-json\/wp\/v2\/media?parent=4481"}],"wp:term":[{"taxonomy":"product_brand","embeddable":true,"href":"https:\/\/techgovernanceinstitute.com\/es\/wp-json\/wp\/v2\/product_brand?post=4481"},{"taxonomy":"product_cat","embeddable":true,"href":"https:\/\/techgovernanceinstitute.com\/es\/wp-json\/wp\/v2\/product_cat?post=4481"},{"taxonomy":"product_tag","embeddable":true,"href":"https:\/\/techgovernanceinstitute.com\/es\/wp-json\/wp\/v2\/product_tag?post=4481"}],"curies":[{"name":"wp","href":"https:\/\/api.w.org\/{rel}","templated":true}]}}