{"id":4486,"date":"2025-07-17T14:43:20","date_gmt":"2025-07-17T14:43:20","guid":{"rendered":"https:\/\/techgovernanceinstitute.com\/product\/iso-27005-lead-risk-manager\/"},"modified":"2025-10-08T09:12:47","modified_gmt":"2025-10-08T09:12:47","slug":"iso-27005-lead-risk-manager","status":"publish","type":"product","link":"https:\/\/techgovernanceinstitute.com\/es\/product\/iso-27005-lead-risk-manager\/","title":{"rendered":"ISO 27005 Lead Risk Manager"},"content":{"rendered":"","protected":false},"excerpt":{"rendered":"<p>Domina los principios y pr\u00e1cticas de la gesti\u00f3n de riesgos en seguridad de la informaci\u00f3n con el curso ISO\/IEC 27005:2022 Lead Risk Manager. En cinco d\u00edas, desarrollar\u00e1s las habilidades necesarias para dise\u00f1ar, implementar y gestionar un programa de gesti\u00f3n de riesgos alineado con la norma ISO\/IEC 27005, al tiempo que das soporte al cumplimiento del SGSI seg\u00fan ISO\/IEC 27001.<\/p>\n<p>Este curso ofrece una gu\u00eda pr\u00e1ctica para identificar, evaluar y tratar riesgos de seguridad de la informaci\u00f3n mediante metodolog\u00edas reconocidas como OCTAVE, MEHARI, EBIOS y TRA. Al aprobar el examen, podr\u00e1s solicitar la credencial PECB Certified ISO\/IEC 27005:2022 Lead Risk Manager, que valida tu capacidad para liderar actividades de gesti\u00f3n de riesgos en SI.<\/p>\n<p>Modalidad: Self-study<br \/>\nIdioma: Ingl\u00e9s<!-- notionvc: 35666374-a0b2-4023-82e1-4c4442dda73e --><\/p>\n<p><!-- notionvc: ca456559-c5f4-4687-a915-61361ad1447c --><\/p>\n<p><!-- notionvc: 7ca1e97a-0520-4dac-bb69-761d70bbaa60 --><\/p>\n<p><!-- notionvc: 64550fb3-857c-4e7c-8f70-d5437bdf7d73 --><\/p>\n<p><!-- notionvc: c6014f18-8955-4a96-8e38-d1a30210812c --><\/p>\n<p><!-- notionvc: d15bceaf-e7a0-46bc-943c-cb462a14f1e5 --><\/p>\n<p><!-- notionvc: ea4ad034-f700-4ecc-b213-3aae585d778d --><\/p>\n","protected":false},"featured_media":4487,"comment_status":"open","ping_status":"closed","template":"","meta":{"content-type":""},"product_brand":[],"product_cat":[134,131,143,144,171,147,133,159],"product_tag":[],"class_list":{"0":"post-4486","1":"product","2":"type-product","3":"status-publish","4":"has-post-thumbnail","6":"product_cat-d5-days-es","7":"product_cat-autodidacta","8":"product_cat-certified-by-es","9":"product_cat-cofrac-es","10":"product_cat-emanagement-es","11":"product_cat-ias-es","12":"product_cat-english-es","13":"product_cat-information-security-es","15":"first","16":"instock","17":"taxable","18":"shipping-taxable","19":"purchasable","20":"product-type-simple"},"acf":[],"_links":{"self":[{"href":"https:\/\/techgovernanceinstitute.com\/es\/wp-json\/wp\/v2\/product\/4486","targetHints":{"allow":["GET"]}}],"collection":[{"href":"https:\/\/techgovernanceinstitute.com\/es\/wp-json\/wp\/v2\/product"}],"about":[{"href":"https:\/\/techgovernanceinstitute.com\/es\/wp-json\/wp\/v2\/types\/product"}],"replies":[{"embeddable":true,"href":"https:\/\/techgovernanceinstitute.com\/es\/wp-json\/wp\/v2\/comments?post=4486"}],"version-history":[{"count":8,"href":"https:\/\/techgovernanceinstitute.com\/es\/wp-json\/wp\/v2\/product\/4486\/revisions"}],"predecessor-version":[{"id":5604,"href":"https:\/\/techgovernanceinstitute.com\/es\/wp-json\/wp\/v2\/product\/4486\/revisions\/5604"}],"wp:featuredmedia":[{"embeddable":true,"href":"https:\/\/techgovernanceinstitute.com\/es\/wp-json\/wp\/v2\/media\/4487"}],"wp:attachment":[{"href":"https:\/\/techgovernanceinstitute.com\/es\/wp-json\/wp\/v2\/media?parent=4486"}],"wp:term":[{"taxonomy":"product_brand","embeddable":true,"href":"https:\/\/techgovernanceinstitute.com\/es\/wp-json\/wp\/v2\/product_brand?post=4486"},{"taxonomy":"product_cat","embeddable":true,"href":"https:\/\/techgovernanceinstitute.com\/es\/wp-json\/wp\/v2\/product_cat?post=4486"},{"taxonomy":"product_tag","embeddable":true,"href":"https:\/\/techgovernanceinstitute.com\/es\/wp-json\/wp\/v2\/product_tag?post=4486"}],"curies":[{"name":"wp","href":"https:\/\/api.w.org\/{rel}","templated":true}]}}