{"id":4503,"date":"2025-07-17T16:17:08","date_gmt":"2025-07-17T16:17:08","guid":{"rendered":"https:\/\/techgovernanceinstitute.com\/product\/iso-27035-lead-incident-manager\/"},"modified":"2025-10-08T09:11:14","modified_gmt":"2025-10-08T09:11:14","slug":"iso-27035-lead-incident-manager","status":"publish","type":"product","link":"https:\/\/techgovernanceinstitute.com\/es\/product\/iso-27035-lead-incident-manager\/","title":{"rendered":"ISO 27035 Lead Incident Manager"},"content":{"rendered":"","protected":false},"excerpt":{"rendered":"<p>Domina la implementaci\u00f3n y gesti\u00f3n de procesos de gesti\u00f3n de incidentes de seguridad de la informaci\u00f3n con el curso ISO\/IEC 27035 Lead Incident Manager. En solo 5 d\u00edas, adquirir\u00e1s las habilidades necesarias para detectar, evaluar, responder y reportar incidentes de seguridad, ayudando as\u00ed a las organizaciones a reducir riesgos y proteger activos cr\u00edticos de informaci\u00f3n.<\/p>\n<p>Alineado con ISO\/IEC 27001, ISO\/IEC 27005 y otras normas relacionadas, este curso ofrece herramientas pr\u00e1cticas para dise\u00f1ar y gestionar planes y equipos efectivos de respuesta a incidentes. Tras aprobar el examen, podr\u00e1s optar a la certificaci\u00f3n PECB Certified ISO\/IEC 27035 Lead Incident Manager, prueba de tu capacidad para liderar operaciones de gesti\u00f3n de incidentes de forma estrat\u00e9gica y eficiente.<\/p>\n","protected":false},"featured_media":4504,"comment_status":"open","ping_status":"closed","template":"","meta":{"content-type":""},"product_brand":[],"product_cat":[134,131,171,133,159],"product_tag":[],"class_list":{"0":"post-4503","1":"product","2":"type-product","3":"status-publish","4":"has-post-thumbnail","6":"product_cat-d5-days-es","7":"product_cat-autodidacta","8":"product_cat-emanagement-es","9":"product_cat-english-es","10":"product_cat-information-security-es","12":"first","13":"instock","14":"taxable","15":"shipping-taxable","16":"purchasable","17":"product-type-variable"},"acf":[],"_links":{"self":[{"href":"https:\/\/techgovernanceinstitute.com\/es\/wp-json\/wp\/v2\/product\/4503","targetHints":{"allow":["GET"]}}],"collection":[{"href":"https:\/\/techgovernanceinstitute.com\/es\/wp-json\/wp\/v2\/product"}],"about":[{"href":"https:\/\/techgovernanceinstitute.com\/es\/wp-json\/wp\/v2\/types\/product"}],"replies":[{"embeddable":true,"href":"https:\/\/techgovernanceinstitute.com\/es\/wp-json\/wp\/v2\/comments?post=4503"}],"version-history":[{"count":9,"href":"https:\/\/techgovernanceinstitute.com\/es\/wp-json\/wp\/v2\/product\/4503\/revisions"}],"predecessor-version":[{"id":5599,"href":"https:\/\/techgovernanceinstitute.com\/es\/wp-json\/wp\/v2\/product\/4503\/revisions\/5599"}],"wp:featuredmedia":[{"embeddable":true,"href":"https:\/\/techgovernanceinstitute.com\/es\/wp-json\/wp\/v2\/media\/4504"}],"wp:attachment":[{"href":"https:\/\/techgovernanceinstitute.com\/es\/wp-json\/wp\/v2\/media?parent=4503"}],"wp:term":[{"taxonomy":"product_brand","embeddable":true,"href":"https:\/\/techgovernanceinstitute.com\/es\/wp-json\/wp\/v2\/product_brand?post=4503"},{"taxonomy":"product_cat","embeddable":true,"href":"https:\/\/techgovernanceinstitute.com\/es\/wp-json\/wp\/v2\/product_cat?post=4503"},{"taxonomy":"product_tag","embeddable":true,"href":"https:\/\/techgovernanceinstitute.com\/es\/wp-json\/wp\/v2\/product_tag?post=4503"}],"curies":[{"name":"wp","href":"https:\/\/api.w.org\/{rel}","templated":true}]}}