{"id":4508,"date":"2025-07-16T09:45:40","date_gmt":"2025-07-16T09:45:40","guid":{"rendered":"https:\/\/techgovernanceinstitute.com\/product\/information-security-specialist-in-remote-work\/"},"modified":"2025-10-08T09:18:54","modified_gmt":"2025-10-08T09:18:54","slug":"information-security-specialist-in-remote-work","status":"publish","type":"product","link":"https:\/\/techgovernanceinstitute.com\/es\/product\/information-security-specialist-in-remote-work\/","title":{"rendered":"Information Security Specialist in Remote Work"},"content":{"rendered":"","protected":false},"excerpt":{"rendered":"<p>Adquiere conocimientos pr\u00e1cticos para proteger entornos de trabajo remoto con el curso Information Security Specialist in Remote Work (ISSRW) de TRECCERT. Este curso est\u00e1 dise\u00f1ado para ayudar a los profesionales a comprender e implementar medidas s\u00f3lidas de seguridad de la informaci\u00f3n alineadas con ISO\/IEC 27001, enfocadas en contextos distribuidos y de trabajo a distancia.<\/p>\n<p>En solo un d\u00eda, aprender\u00e1s a identificar vulnerabilidades, implementar controles y gestionar riesgos de seguridad asociados al trabajo remoto. Tras aprobar el examen, obtendr\u00e1s la credencial Certified Information Security Specialist in Remote Work, que valida tu capacidad para proteger datos sensibles y garantizar el cumplimiento en entornos laborales descentralizados.<\/p>\n<p>Modalidad: Self-study<br \/>\nIdioma: Ingl\u00e9s<!-- notionvc: 259c92cd-86aa-4908-9739-8ca1bd3e4568 --><\/p>\n<p><!-- notionvc: 70949ed2-0ded-4e93-bb14-88302eb5aee8 --><\/p>\n<p><!-- notionvc: 87daf94c-e5bd-4930-8b4e-486615e0a785 --><\/p>\n<p><!-- notionvc: 28ffeecb-4cb9-4079-ae2c-d397a19cd6e9 --><\/p>\n<p><!-- notionvc: ea4ad034-f700-4ecc-b213-3aae585d778d --><\/p>\n","protected":false},"featured_media":4940,"comment_status":"open","ping_status":"closed","template":"","meta":{"content-type":""},"product_brand":[],"product_cat":[151,131,133,130,159],"product_tag":[],"class_list":{"0":"post-4508","1":"product","2":"type-product","3":"status-publish","4":"has-post-thumbnail","6":"product_cat-a1-day-es","7":"product_cat-autodidacta","8":"product_cat-english-es","9":"product_cat-bprofessional-es","10":"product_cat-information-security-es","12":"first","13":"instock","14":"taxable","15":"shipping-taxable","16":"purchasable","17":"product-type-simple"},"acf":[],"_links":{"self":[{"href":"https:\/\/techgovernanceinstitute.com\/es\/wp-json\/wp\/v2\/product\/4508","targetHints":{"allow":["GET"]}}],"collection":[{"href":"https:\/\/techgovernanceinstitute.com\/es\/wp-json\/wp\/v2\/product"}],"about":[{"href":"https:\/\/techgovernanceinstitute.com\/es\/wp-json\/wp\/v2\/types\/product"}],"replies":[{"embeddable":true,"href":"https:\/\/techgovernanceinstitute.com\/es\/wp-json\/wp\/v2\/comments?post=4508"}],"version-history":[{"count":8,"href":"https:\/\/techgovernanceinstitute.com\/es\/wp-json\/wp\/v2\/product\/4508\/revisions"}],"predecessor-version":[{"id":5623,"href":"https:\/\/techgovernanceinstitute.com\/es\/wp-json\/wp\/v2\/product\/4508\/revisions\/5623"}],"wp:featuredmedia":[{"embeddable":true,"href":"https:\/\/techgovernanceinstitute.com\/es\/wp-json\/wp\/v2\/media\/4940"}],"wp:attachment":[{"href":"https:\/\/techgovernanceinstitute.com\/es\/wp-json\/wp\/v2\/media?parent=4508"}],"wp:term":[{"taxonomy":"product_brand","embeddable":true,"href":"https:\/\/techgovernanceinstitute.com\/es\/wp-json\/wp\/v2\/product_brand?post=4508"},{"taxonomy":"product_cat","embeddable":true,"href":"https:\/\/techgovernanceinstitute.com\/es\/wp-json\/wp\/v2\/product_cat?post=4508"},{"taxonomy":"product_tag","embeddable":true,"href":"https:\/\/techgovernanceinstitute.com\/es\/wp-json\/wp\/v2\/product_tag?post=4508"}],"curies":[{"name":"wp","href":"https:\/\/api.w.org\/{rel}","templated":true}]}}