{"id":4516,"date":"2025-07-16T12:49:13","date_gmt":"2025-07-16T12:49:13","guid":{"rendered":"https:\/\/techgovernanceinstitute.com\/product\/iso-27001-lead-implementer-2\/"},"modified":"2025-11-18T10:22:25","modified_gmt":"2025-11-18T10:22:25","slug":"iso-27001-lead-implementer-2","status":"publish","type":"product","link":"https:\/\/techgovernanceinstitute.com\/es\/product\/iso-27001-lead-implementer-2\/","title":{"rendered":"ISO 27001 Lead Implementer"},"content":{"rendered":"","protected":false},"excerpt":{"rendered":"<p>Domina la implementaci\u00f3n de Sistemas de Gesti\u00f3n de Seguridad de la Informaci\u00f3n (SGSI) con el curso ISO\/IEC 27001 Lead Implementer de TRECCERT. Esta certificaci\u00f3n de nivel experto, acreditada por ANAB, capacita a los profesionales para dise\u00f1ar, desplegar y mantener un SGSI totalmente conforme con la norma ISO\/IEC 27001:2022.<\/p>\n<p>Adquiere conocimientos pr\u00e1cticos sobre c\u00f3mo alinear los controles del SGSI con los objetivos de la organizaci\u00f3n, realizar evaluaciones de brechas, liderar proyectos de implementaci\u00f3n y establecer un proceso de mejora continua. Tras aprobar el examen, obtendr\u00e1s la credencial TRECCERT ISO\/IEC 27001 Lead Implementer \u2014 una validaci\u00f3n reconocida a nivel mundial de tu capacidad para liderar y proteger entornos digitales.<!-- notionvc: 57f721e0-d6d5-4074-aaa9-a2733854ceaf --><\/p>\n<p><!-- notionvc: 59b67405-bc93-4a03-8e36-e26480c13801 --><\/p>\n<p><!-- notionvc: 5cde8fea-8b59-4e61-8aa6-78cb0866959b --><\/p>\n<p><!-- notionvc: 259c92cd-86aa-4908-9739-8ca1bd3e4568 --><\/p>\n<p><!-- notionvc: 70949ed2-0ded-4e93-bb14-88302eb5aee8 --><\/p>\n<p><!-- notionvc: 87daf94c-e5bd-4930-8b4e-486615e0a785 --><\/p>\n<p><!-- notionvc: 28ffeecb-4cb9-4079-ae2c-d397a19cd6e9 --><\/p>\n<p><!-- notionvc: ea4ad034-f700-4ecc-b213-3aae585d778d --><\/p>\n","protected":false},"featured_media":4518,"comment_status":"open","ping_status":"closed","template":"","meta":{"content-type":""},"product_brand":[],"product_cat":[134,131,132,137,133,159],"product_tag":[],"class_list":{"0":"post-4516","1":"product","2":"type-product","3":"status-publish","4":"has-post-thumbnail","6":"product_cat-d5-days-es","7":"product_cat-autodidacta","8":"product_cat-ce-learning","9":"product_cat-implementacion","10":"product_cat-english-es","11":"product_cat-information-security-es","13":"first","14":"instock","15":"taxable","16":"shipping-taxable","17":"purchasable","18":"product-type-variable"},"acf":[],"_links":{"self":[{"href":"https:\/\/techgovernanceinstitute.com\/es\/wp-json\/wp\/v2\/product\/4516","targetHints":{"allow":["GET"]}}],"collection":[{"href":"https:\/\/techgovernanceinstitute.com\/es\/wp-json\/wp\/v2\/product"}],"about":[{"href":"https:\/\/techgovernanceinstitute.com\/es\/wp-json\/wp\/v2\/types\/product"}],"replies":[{"embeddable":true,"href":"https:\/\/techgovernanceinstitute.com\/es\/wp-json\/wp\/v2\/comments?post=4516"}],"version-history":[{"count":7,"href":"https:\/\/techgovernanceinstitute.com\/es\/wp-json\/wp\/v2\/product\/4516\/revisions"}],"predecessor-version":[{"id":5662,"href":"https:\/\/techgovernanceinstitute.com\/es\/wp-json\/wp\/v2\/product\/4516\/revisions\/5662"}],"wp:featuredmedia":[{"embeddable":true,"href":"https:\/\/techgovernanceinstitute.com\/es\/wp-json\/wp\/v2\/media\/4518"}],"wp:attachment":[{"href":"https:\/\/techgovernanceinstitute.com\/es\/wp-json\/wp\/v2\/media?parent=4516"}],"wp:term":[{"taxonomy":"product_brand","embeddable":true,"href":"https:\/\/techgovernanceinstitute.com\/es\/wp-json\/wp\/v2\/product_brand?post=4516"},{"taxonomy":"product_cat","embeddable":true,"href":"https:\/\/techgovernanceinstitute.com\/es\/wp-json\/wp\/v2\/product_cat?post=4516"},{"taxonomy":"product_tag","embeddable":true,"href":"https:\/\/techgovernanceinstitute.com\/es\/wp-json\/wp\/v2\/product_tag?post=4516"}],"curies":[{"name":"wp","href":"https:\/\/api.w.org\/{rel}","templated":true}]}}