{"id":4521,"date":"2025-07-16T13:12:39","date_gmt":"2025-07-16T13:12:39","guid":{"rendered":"https:\/\/techgovernanceinstitute.com\/product\/iso-270012022-transition\/"},"modified":"2025-10-08T09:17:16","modified_gmt":"2025-10-08T09:17:16","slug":"iso-270012022-transition","status":"publish","type":"product","link":"https:\/\/techgovernanceinstitute.com\/es\/product\/iso-270012022-transition\/","title":{"rendered":"ISO 27001:2022 Transition"},"content":{"rendered":"","protected":false},"excerpt":{"rendered":"<p>Mantente a la vanguardia dominando la transici\u00f3n al nuevo est\u00e1ndar ISO\/IEC 27001:2022.\u2028 El curso de transici\u00f3n ISO\/IEC 27001:2022 ofrece una formaci\u00f3n intensiva de un d\u00eda dirigida a profesionales responsables de actualizar y adaptar su Sistema de Gesti\u00f3n de Seguridad de la Informaci\u00f3n (SGSI) para alinearse con la nueva versi\u00f3n.<\/p>\n<p>Explorar\u00e1s los requisitos actualizados en evaluaci\u00f3n de riesgos, gesti\u00f3n de incidentes y gobernanza, y adquirir\u00e1s las competencias necesarias para guiar a las organizaciones en una transici\u00f3n fluida y conforme. Tras aprobar el examen, obtendr\u00e1s la credencial Certified ISO\/IEC 27001:2022 Transition, que valida tu experiencia en el marco actualizado del SGSI.<\/p>\n<p><!-- notionvc: 6e683a93-cb3a-4d0d-896a-83c444270007 --><\/p>\n<p>Modalidad: Self-study<br \/>\nIdioma: Ingl\u00e9s<\/p>\n<p><!-- notionvc: 57f721e0-d6d5-4074-aaa9-a2733854ceaf --><\/p>\n<p><!-- notionvc: 59b67405-bc93-4a03-8e36-e26480c13801 --><\/p>\n<p><!-- notionvc: 5cde8fea-8b59-4e61-8aa6-78cb0866959b --><\/p>\n<p><!-- notionvc: 259c92cd-86aa-4908-9739-8ca1bd3e4568 --><\/p>\n<p><!-- notionvc: 70949ed2-0ded-4e93-bb14-88302eb5aee8 --><\/p>\n<p><!-- notionvc: 87daf94c-e5bd-4930-8b4e-486615e0a785 --><\/p>\n<p><!-- notionvc: 28ffeecb-4cb9-4079-ae2c-d397a19cd6e9 --><\/p>\n<p><!-- notionvc: ea4ad034-f700-4ecc-b213-3aae585d778d --><\/p>\n","protected":false},"featured_media":4522,"comment_status":"open","ping_status":"closed","template":"","meta":{"content-type":""},"product_brand":[],"product_cat":[151,131,137,133,159],"product_tag":[],"class_list":{"0":"post-4521","1":"product","2":"type-product","3":"status-publish","4":"has-post-thumbnail","6":"product_cat-a1-day-es","7":"product_cat-autodidacta","8":"product_cat-implementacion","9":"product_cat-english-es","10":"product_cat-information-security-es","12":"first","13":"instock","14":"taxable","15":"shipping-taxable","16":"purchasable","17":"product-type-simple"},"acf":[],"_links":{"self":[{"href":"https:\/\/techgovernanceinstitute.com\/es\/wp-json\/wp\/v2\/product\/4521","targetHints":{"allow":["GET"]}}],"collection":[{"href":"https:\/\/techgovernanceinstitute.com\/es\/wp-json\/wp\/v2\/product"}],"about":[{"href":"https:\/\/techgovernanceinstitute.com\/es\/wp-json\/wp\/v2\/types\/product"}],"replies":[{"embeddable":true,"href":"https:\/\/techgovernanceinstitute.com\/es\/wp-json\/wp\/v2\/comments?post=4521"}],"version-history":[{"count":6,"href":"https:\/\/techgovernanceinstitute.com\/es\/wp-json\/wp\/v2\/product\/4521\/revisions"}],"predecessor-version":[{"id":5616,"href":"https:\/\/techgovernanceinstitute.com\/es\/wp-json\/wp\/v2\/product\/4521\/revisions\/5616"}],"wp:featuredmedia":[{"embeddable":true,"href":"https:\/\/techgovernanceinstitute.com\/es\/wp-json\/wp\/v2\/media\/4522"}],"wp:attachment":[{"href":"https:\/\/techgovernanceinstitute.com\/es\/wp-json\/wp\/v2\/media?parent=4521"}],"wp:term":[{"taxonomy":"product_brand","embeddable":true,"href":"https:\/\/techgovernanceinstitute.com\/es\/wp-json\/wp\/v2\/product_brand?post=4521"},{"taxonomy":"product_cat","embeddable":true,"href":"https:\/\/techgovernanceinstitute.com\/es\/wp-json\/wp\/v2\/product_cat?post=4521"},{"taxonomy":"product_tag","embeddable":true,"href":"https:\/\/techgovernanceinstitute.com\/es\/wp-json\/wp\/v2\/product_tag?post=4521"}],"curies":[{"name":"wp","href":"https:\/\/api.w.org\/{rel}","templated":true}]}}