{"id":4525,"date":"2025-07-16T13:32:21","date_gmt":"2025-07-16T13:32:21","guid":{"rendered":"https:\/\/techgovernanceinstitute.com\/product\/iso-27005-professional\/"},"modified":"2025-10-08T09:16:58","modified_gmt":"2025-10-08T09:16:58","slug":"iso-27005-professional","status":"publish","type":"product","link":"https:\/\/techgovernanceinstitute.com\/es\/product\/iso-27005-professional\/","title":{"rendered":"ISO 27005 Professional"},"content":{"rendered":"","protected":false},"excerpt":{"rendered":"<p>Perfecciona tu experiencia en la Gesti\u00f3n de Riesgos de Seguridad de la Informaci\u00f3n (ISRM) con el curso ISO\/IEC 27005 Professional de TRECCERT. Este programa avanzado de 3 d\u00edas est\u00e1 dise\u00f1ado para ofrecer una comprensi\u00f3n profunda de las directrices de la norma ISO\/IEC 27005 para identificar, evaluar, tratar y supervisar riesgos de seguridad de la informaci\u00f3n en organizaciones.<\/p>\n<p>Los participantes adquirir\u00e1n las competencias necesarias para liderar procesos de gesti\u00f3n de riesgos, dise\u00f1ar planes de tratamiento y consolidar la gesti\u00f3n de riesgos dentro de un SGSI m\u00e1s amplio. Tras aprobar el examen, obtendr\u00e1s la credencial Certified ISO\/IEC 27005 Professional, que valida tu liderazgo en la gesti\u00f3n de amenazas de seguridad y tu alineaci\u00f3n con est\u00e1ndares globales de riesgos.<\/p>\n<p>Modalidad: Self-study<br \/>\nIdioma: Ingl\u00e9s<!-- notionvc: 60e3b3f4-f5aa-4a70-8f28-107e3ad7f83f --><\/p>\n<p><!-- notionvc: 6e683a93-cb3a-4d0d-896a-83c444270007 --><\/p>\n<p><!-- notionvc: 57f721e0-d6d5-4074-aaa9-a2733854ceaf --><\/p>\n<p><!-- notionvc: 59b67405-bc93-4a03-8e36-e26480c13801 --><\/p>\n<p><!-- notionvc: 5cde8fea-8b59-4e61-8aa6-78cb0866959b --><\/p>\n<p><!-- notionvc: 259c92cd-86aa-4908-9739-8ca1bd3e4568 --><\/p>\n<p><!-- notionvc: 70949ed2-0ded-4e93-bb14-88302eb5aee8 --><\/p>\n<p><!-- notionvc: 87daf94c-e5bd-4930-8b4e-486615e0a785 --><\/p>\n<p><!-- notionvc: 28ffeecb-4cb9-4079-ae2c-d397a19cd6e9 --><\/p>\n<p><!-- notionvc: ea4ad034-f700-4ecc-b213-3aae585d778d --><\/p>\n","protected":false},"featured_media":4526,"comment_status":"open","ping_status":"closed","template":"","meta":{"content-type":""},"product_brand":[],"product_cat":[153,131,133,130,159],"product_tag":[],"class_list":{"0":"post-4525","1":"product","2":"type-product","3":"status-publish","4":"has-post-thumbnail","6":"product_cat-c3-days-es","7":"product_cat-autodidacta","8":"product_cat-english-es","9":"product_cat-bprofessional-es","10":"product_cat-information-security-es","12":"first","13":"instock","14":"taxable","15":"shipping-taxable","16":"purchasable","17":"product-type-simple"},"acf":[],"_links":{"self":[{"href":"https:\/\/techgovernanceinstitute.com\/es\/wp-json\/wp\/v2\/product\/4525","targetHints":{"allow":["GET"]}}],"collection":[{"href":"https:\/\/techgovernanceinstitute.com\/es\/wp-json\/wp\/v2\/product"}],"about":[{"href":"https:\/\/techgovernanceinstitute.com\/es\/wp-json\/wp\/v2\/types\/product"}],"replies":[{"embeddable":true,"href":"https:\/\/techgovernanceinstitute.com\/es\/wp-json\/wp\/v2\/comments?post=4525"}],"version-history":[{"count":8,"href":"https:\/\/techgovernanceinstitute.com\/es\/wp-json\/wp\/v2\/product\/4525\/revisions"}],"predecessor-version":[{"id":5615,"href":"https:\/\/techgovernanceinstitute.com\/es\/wp-json\/wp\/v2\/product\/4525\/revisions\/5615"}],"wp:featuredmedia":[{"embeddable":true,"href":"https:\/\/techgovernanceinstitute.com\/es\/wp-json\/wp\/v2\/media\/4526"}],"wp:attachment":[{"href":"https:\/\/techgovernanceinstitute.com\/es\/wp-json\/wp\/v2\/media?parent=4525"}],"wp:term":[{"taxonomy":"product_brand","embeddable":true,"href":"https:\/\/techgovernanceinstitute.com\/es\/wp-json\/wp\/v2\/product_brand?post=4525"},{"taxonomy":"product_cat","embeddable":true,"href":"https:\/\/techgovernanceinstitute.com\/es\/wp-json\/wp\/v2\/product_cat?post=4525"},{"taxonomy":"product_tag","embeddable":true,"href":"https:\/\/techgovernanceinstitute.com\/es\/wp-json\/wp\/v2\/product_tag?post=4525"}],"curies":[{"name":"wp","href":"https:\/\/api.w.org\/{rel}","templated":true}]}}