{"id":4530,"date":"2025-07-15T10:48:23","date_gmt":"2025-07-15T10:48:23","guid":{"rendered":"https:\/\/techgovernanceinstitute.com\/product\/ciso-training-course-certification\/"},"modified":"2025-10-08T09:23:09","modified_gmt":"2025-10-08T09:23:09","slug":"ciso-training-course-certification","status":"publish","type":"product","link":"https:\/\/techgovernanceinstitute.com\/es\/product\/ciso-training-course-certification\/","title":{"rendered":"CISO Certification"},"content":{"rendered":"","protected":false},"excerpt":{"rendered":"<p>Obt\u00e9n la experiencia para liderar y gobernar programas de seguridad de la informaci\u00f3n con el curso Chief Information Security Officer (CISO) de PECB. En solo cinco d\u00edas, adquirir\u00e1s habilidades estrat\u00e9gicas, t\u00e9cnicas y operativas para dise\u00f1ar, implementar y supervisar un programa integral de seguridad de la informaci\u00f3n alineado con marcos normativos, leyes y est\u00e1ndares del sector.<\/p>\n<p>Este curso est\u00e1 dise\u00f1ado para profesionales que avanzan hacia roles ejecutivos y cubre desde gesti\u00f3n de riesgos y cumplimiento normativo, hasta dise\u00f1o de arquitecturas de seguridad, programas de concienciaci\u00f3n y respuesta ante incidentes.\u2028 Tras aprobar el examen, podr\u00e1s solicitar la certificaci\u00f3n PECB Chief Information Security Officer, un reconocimiento global de tu capacidad para liderar la seguridad de la informaci\u00f3n a nivel corporativo.<\/p>\n<p><!-- notionvc: 28ffeecb-4cb9-4079-ae2c-d397a19cd6e9 --><\/p>\n<p><!-- notionvc: ea4ad034-f700-4ecc-b213-3aae585d778d --><\/p>\n","protected":false},"featured_media":4531,"comment_status":"open","ping_status":"closed","template":"","meta":{"content-type":""},"product_brand":[],"product_cat":[134,131,161,133,130,159],"product_tag":[],"class_list":{"0":"post-4530","1":"product","2":"type-product","3":"status-publish","4":"has-post-thumbnail","6":"product_cat-d5-days-es","7":"product_cat-autodidacta","8":"product_cat-spanish-es","9":"product_cat-english-es","10":"product_cat-bprofessional-es","11":"product_cat-information-security-es","13":"first","14":"instock","15":"taxable","16":"shipping-taxable","17":"purchasable","18":"product-type-variable"},"acf":[],"_links":{"self":[{"href":"https:\/\/techgovernanceinstitute.com\/es\/wp-json\/wp\/v2\/product\/4530","targetHints":{"allow":["GET"]}}],"collection":[{"href":"https:\/\/techgovernanceinstitute.com\/es\/wp-json\/wp\/v2\/product"}],"about":[{"href":"https:\/\/techgovernanceinstitute.com\/es\/wp-json\/wp\/v2\/types\/product"}],"replies":[{"embeddable":true,"href":"https:\/\/techgovernanceinstitute.com\/es\/wp-json\/wp\/v2\/comments?post=4530"}],"version-history":[{"count":6,"href":"https:\/\/techgovernanceinstitute.com\/es\/wp-json\/wp\/v2\/product\/4530\/revisions"}],"predecessor-version":[{"id":5631,"href":"https:\/\/techgovernanceinstitute.com\/es\/wp-json\/wp\/v2\/product\/4530\/revisions\/5631"}],"wp:featuredmedia":[{"embeddable":true,"href":"https:\/\/techgovernanceinstitute.com\/es\/wp-json\/wp\/v2\/media\/4531"}],"wp:attachment":[{"href":"https:\/\/techgovernanceinstitute.com\/es\/wp-json\/wp\/v2\/media?parent=4530"}],"wp:term":[{"taxonomy":"product_brand","embeddable":true,"href":"https:\/\/techgovernanceinstitute.com\/es\/wp-json\/wp\/v2\/product_brand?post=4530"},{"taxonomy":"product_cat","embeddable":true,"href":"https:\/\/techgovernanceinstitute.com\/es\/wp-json\/wp\/v2\/product_cat?post=4530"},{"taxonomy":"product_tag","embeddable":true,"href":"https:\/\/techgovernanceinstitute.com\/es\/wp-json\/wp\/v2\/product_tag?post=4530"}],"curies":[{"name":"wp","href":"https:\/\/api.w.org\/{rel}","templated":true}]}}