{"id":4535,"date":"2025-07-15T14:49:59","date_gmt":"2025-07-15T14:49:59","guid":{"rendered":"https:\/\/techgovernanceinstitute.com\/product\/digital-transformation-officer\/"},"modified":"2025-10-08T09:22:16","modified_gmt":"2025-10-08T09:22:16","slug":"digital-transformation-officer","status":"publish","type":"product","link":"https:\/\/techgovernanceinstitute.com\/es\/product\/digital-transformation-officer\/","title":{"rendered":"Digital Transformation Officer"},"content":{"rendered":"","protected":false},"excerpt":{"rendered":"<p style=\"text-align: left;\">Domina la implementaci\u00f3n de estrategias de transformaci\u00f3n digital con el curso PECB Certified Digital Transformation Officer. En 5 d\u00edas adquirir\u00e1s los conocimientos y habilidades necesarios para liderar transformaciones digitales a escala organizativa, alineando tecnolog\u00eda, personas y procesos con los objetivos de negocio.<br \/>\nEl curso cubre tecnolog\u00edas clave (IA, ML, IoT, blockchain, cloud, big data), planificaci\u00f3n estrat\u00e9gica, gesti\u00f3n de riesgos, comunicaci\u00f3n del cambio y seguimiento del rendimiento.\u2028Tras aprobar el examen, obtendr\u00e1s la certificaci\u00f3n PECB Certified Digital Transformation Officer, reconocida internacionalmente para profesionales que lideran la innovaci\u00f3n y el cambio.<\/p>\n<p style=\"text-align: left;\"><!-- notionvc: bbaa0eac-7faf-4e19-8296-8dd6389130d3 --><\/p>\n<p>Modalidad: Self-study<br \/>\nIdioma: Ingl\u00e9s<\/p>\n<p><!-- notionvc: 28ffeecb-4cb9-4079-ae2c-d397a19cd6e9 --><\/p>\n<p><!-- notionvc: ea4ad034-f700-4ecc-b213-3aae585d778d --><\/p>\n","protected":false},"featured_media":4536,"comment_status":"open","ping_status":"closed","template":"","meta":{"content-type":""},"product_brand":[],"product_cat":[134,131,133,130,159],"product_tag":[],"class_list":{"0":"post-4535","1":"product","2":"type-product","3":"status-publish","4":"has-post-thumbnail","6":"product_cat-d5-days-es","7":"product_cat-autodidacta","8":"product_cat-english-es","9":"product_cat-bprofessional-es","10":"product_cat-information-security-es","12":"first","13":"instock","14":"taxable","15":"shipping-taxable","16":"purchasable","17":"product-type-simple"},"acf":[],"_links":{"self":[{"href":"https:\/\/techgovernanceinstitute.com\/es\/wp-json\/wp\/v2\/product\/4535","targetHints":{"allow":["GET"]}}],"collection":[{"href":"https:\/\/techgovernanceinstitute.com\/es\/wp-json\/wp\/v2\/product"}],"about":[{"href":"https:\/\/techgovernanceinstitute.com\/es\/wp-json\/wp\/v2\/types\/product"}],"replies":[{"embeddable":true,"href":"https:\/\/techgovernanceinstitute.com\/es\/wp-json\/wp\/v2\/comments?post=4535"}],"version-history":[{"count":8,"href":"https:\/\/techgovernanceinstitute.com\/es\/wp-json\/wp\/v2\/product\/4535\/revisions"}],"predecessor-version":[{"id":5629,"href":"https:\/\/techgovernanceinstitute.com\/es\/wp-json\/wp\/v2\/product\/4535\/revisions\/5629"}],"wp:featuredmedia":[{"embeddable":true,"href":"https:\/\/techgovernanceinstitute.com\/es\/wp-json\/wp\/v2\/media\/4536"}],"wp:attachment":[{"href":"https:\/\/techgovernanceinstitute.com\/es\/wp-json\/wp\/v2\/media?parent=4535"}],"wp:term":[{"taxonomy":"product_brand","embeddable":true,"href":"https:\/\/techgovernanceinstitute.com\/es\/wp-json\/wp\/v2\/product_brand?post=4535"},{"taxonomy":"product_cat","embeddable":true,"href":"https:\/\/techgovernanceinstitute.com\/es\/wp-json\/wp\/v2\/product_cat?post=4535"},{"taxonomy":"product_tag","embeddable":true,"href":"https:\/\/techgovernanceinstitute.com\/es\/wp-json\/wp\/v2\/product_tag?post=4535"}],"curies":[{"name":"wp","href":"https:\/\/api.w.org\/{rel}","templated":true}]}}