{"id":4544,"date":"2025-07-15T11:59:50","date_gmt":"2025-07-15T11:59:50","guid":{"rendered":"https:\/\/techgovernanceinstitute.com\/product\/dora-essentials\/"},"modified":"2025-10-08T09:22:35","modified_gmt":"2025-10-08T09:22:35","slug":"dora-essentials","status":"publish","type":"product","link":"https:\/\/techgovernanceinstitute.com\/es\/product\/dora-essentials\/","title":{"rendered":"DORA Essentials"},"content":{"rendered":"","protected":false},"excerpt":{"rendered":"<p>Desarrolla una base s\u00f3lida en resiliencia operativa digital con el curso DORA Essentials.\u2028 Este programa de nivel introductorio ofrece una visi\u00f3n accesible del Reglamento de Resiliencia Operativa Digital (DORA), cubriendo los conceptos normativos fundamentales y pr\u00e1cticas esenciales para fortalecer la seguridad inform\u00e1tica y apoyar el cumplimiento en el sector financiero.<br \/>\nYa sea que trabajes en IT, cumplimiento o gesti\u00f3n operativa, este curso te proporcionar\u00e1 el conocimiento necesario para apoyar la gesti\u00f3n del riesgo digital y los esfuerzos de resiliencia. Al aprobar el examen, obtendr\u00e1s la credencial Certified DORA Essentials \u2014 un paso valioso para avanzar en tu carrera en gobernanza digital y regulaci\u00f3n.<\/p>\n<p>Modalidad: Self-study<br \/>\nIdioma: Ingl\u00e9s<\/p>\n<p><!-- notionvc: 87daf94c-e5bd-4930-8b4e-486615e0a785 --><\/p>\n<p><!-- notionvc: 28ffeecb-4cb9-4079-ae2c-d397a19cd6e9 --><\/p>\n<p><!-- notionvc: ea4ad034-f700-4ecc-b213-3aae585d778d --><\/p>\n","protected":false},"featured_media":4545,"comment_status":"open","ping_status":"closed","template":"","meta":{"content-type":""},"product_brand":[],"product_cat":[151,131,161,142,133,159],"product_tag":[],"class_list":{"0":"post-4544","1":"product","2":"type-product","3":"status-publish","4":"has-post-thumbnail","6":"product_cat-a1-day-es","7":"product_cat-autodidacta","8":"product_cat-spanish-es","9":"product_cat-fundamentos","10":"product_cat-english-es","11":"product_cat-information-security-es","13":"first","14":"instock","15":"taxable","16":"shipping-taxable","17":"purchasable","18":"product-type-simple"},"acf":[],"_links":{"self":[{"href":"https:\/\/techgovernanceinstitute.com\/es\/wp-json\/wp\/v2\/product\/4544","targetHints":{"allow":["GET"]}}],"collection":[{"href":"https:\/\/techgovernanceinstitute.com\/es\/wp-json\/wp\/v2\/product"}],"about":[{"href":"https:\/\/techgovernanceinstitute.com\/es\/wp-json\/wp\/v2\/types\/product"}],"replies":[{"embeddable":true,"href":"https:\/\/techgovernanceinstitute.com\/es\/wp-json\/wp\/v2\/comments?post=4544"}],"version-history":[{"count":6,"href":"https:\/\/techgovernanceinstitute.com\/es\/wp-json\/wp\/v2\/product\/4544\/revisions"}],"predecessor-version":[{"id":5630,"href":"https:\/\/techgovernanceinstitute.com\/es\/wp-json\/wp\/v2\/product\/4544\/revisions\/5630"}],"wp:featuredmedia":[{"embeddable":true,"href":"https:\/\/techgovernanceinstitute.com\/es\/wp-json\/wp\/v2\/media\/4545"}],"wp:attachment":[{"href":"https:\/\/techgovernanceinstitute.com\/es\/wp-json\/wp\/v2\/media?parent=4544"}],"wp:term":[{"taxonomy":"product_brand","embeddable":true,"href":"https:\/\/techgovernanceinstitute.com\/es\/wp-json\/wp\/v2\/product_brand?post=4544"},{"taxonomy":"product_cat","embeddable":true,"href":"https:\/\/techgovernanceinstitute.com\/es\/wp-json\/wp\/v2\/product_cat?post=4544"},{"taxonomy":"product_tag","embeddable":true,"href":"https:\/\/techgovernanceinstitute.com\/es\/wp-json\/wp\/v2\/product_tag?post=4544"}],"curies":[{"name":"wp","href":"https:\/\/api.w.org\/{rel}","templated":true}]}}