{"id":4548,"date":"2025-07-16T08:53:29","date_gmt":"2025-07-16T08:53:29","guid":{"rendered":"https:\/\/techgovernanceinstitute.com\/product\/dora-for-executives\/"},"modified":"2025-10-08T09:19:13","modified_gmt":"2025-10-08T09:19:13","slug":"dora-for-executives","status":"publish","type":"product","link":"https:\/\/techgovernanceinstitute.com\/es\/product\/dora-for-executives\/","title":{"rendered":"DORA for Executives"},"content":{"rendered":"","protected":false},"excerpt":{"rendered":"<p>Adquiere una comprensi\u00f3n estrat\u00e9gica y de alto nivel sobre la resiliencia operativa digital con el curso de certificaci\u00f3n DORA para Directivos de TRECCERT. Dise\u00f1ado espec\u00edficamente para l\u00edderes senior, este curso ofrece una visi\u00f3n concisa pero completa del Reglamento de Resiliencia Operativa Digital (DORA) \u2014 brindando a los ejecutivos las herramientas necesarias para supervisar el cumplimiento, gestionar el riesgo digital y alinear las iniciativas de resiliencia con la estrategia empresarial.<\/p>\n<p>Pensado para responsables de la toma de decisiones, este programa permite liderar con confianza en un entorno digital cada vez m\u00e1s regulado. Al aprobar el examen, obtendr\u00e1s la credencial Certified DORA for Executives \u2014 un distintivo de tu liderazgo en cumplimiento normativo e integridad operativa.<\/p>\n<p><!-- notionvc: 70949ed2-0ded-4e93-bb14-88302eb5aee8 --><\/p>\n<p>Modalidad: Self-study<br \/>\nIdioma: Ingl\u00e9s<\/p>\n<p><!-- notionvc: 87daf94c-e5bd-4930-8b4e-486615e0a785 --><\/p>\n<p><!-- notionvc: 28ffeecb-4cb9-4079-ae2c-d397a19cd6e9 --><\/p>\n<p><!-- notionvc: ea4ad034-f700-4ecc-b213-3aae585d778d --><\/p>\n","protected":false},"featured_media":4549,"comment_status":"open","ping_status":"closed","template":"","meta":{"content-type":""},"product_brand":[],"product_cat":[151,131,133,130,159],"product_tag":[],"class_list":{"0":"post-4548","1":"product","2":"type-product","3":"status-publish","4":"has-post-thumbnail","6":"product_cat-a1-day-es","7":"product_cat-autodidacta","8":"product_cat-english-es","9":"product_cat-bprofessional-es","10":"product_cat-information-security-es","12":"first","13":"instock","14":"taxable","15":"shipping-taxable","16":"purchasable","17":"product-type-simple"},"acf":[],"_links":{"self":[{"href":"https:\/\/techgovernanceinstitute.com\/es\/wp-json\/wp\/v2\/product\/4548","targetHints":{"allow":["GET"]}}],"collection":[{"href":"https:\/\/techgovernanceinstitute.com\/es\/wp-json\/wp\/v2\/product"}],"about":[{"href":"https:\/\/techgovernanceinstitute.com\/es\/wp-json\/wp\/v2\/types\/product"}],"replies":[{"embeddable":true,"href":"https:\/\/techgovernanceinstitute.com\/es\/wp-json\/wp\/v2\/comments?post=4548"}],"version-history":[{"count":6,"href":"https:\/\/techgovernanceinstitute.com\/es\/wp-json\/wp\/v2\/product\/4548\/revisions"}],"predecessor-version":[{"id":5624,"href":"https:\/\/techgovernanceinstitute.com\/es\/wp-json\/wp\/v2\/product\/4548\/revisions\/5624"}],"wp:featuredmedia":[{"embeddable":true,"href":"https:\/\/techgovernanceinstitute.com\/es\/wp-json\/wp\/v2\/media\/4549"}],"wp:attachment":[{"href":"https:\/\/techgovernanceinstitute.com\/es\/wp-json\/wp\/v2\/media?parent=4548"}],"wp:term":[{"taxonomy":"product_brand","embeddable":true,"href":"https:\/\/techgovernanceinstitute.com\/es\/wp-json\/wp\/v2\/product_brand?post=4548"},{"taxonomy":"product_cat","embeddable":true,"href":"https:\/\/techgovernanceinstitute.com\/es\/wp-json\/wp\/v2\/product_cat?post=4548"},{"taxonomy":"product_tag","embeddable":true,"href":"https:\/\/techgovernanceinstitute.com\/es\/wp-json\/wp\/v2\/product_tag?post=4548"}],"curies":[{"name":"wp","href":"https:\/\/api.w.org\/{rel}","templated":true}]}}