{"id":4557,"date":"2025-07-16T10:55:29","date_gmt":"2025-07-16T10:55:29","guid":{"rendered":"https:\/\/techgovernanceinstitute.com\/product\/iso-27001-foundation-2\/"},"modified":"2025-10-08T09:18:16","modified_gmt":"2025-10-08T09:18:16","slug":"iso-27001-foundation-2","status":"publish","type":"product","link":"https:\/\/techgovernanceinstitute.com\/es\/product\/iso-27001-foundation-2\/","title":{"rendered":"ISO 27001 Practitioner"},"content":{"rendered":"","protected":false},"excerpt":{"rendered":"<p>Desarrolla una comprensi\u00f3n s\u00f3lida de los Sistemas de Gesti\u00f3n de Seguridad de la Informaci\u00f3n (SGSI) con el curso ISO\/IEC 27001 Foundation de TRECCERT. Dise\u00f1ado para profesionales que comienzan su camino en seguridad de la informaci\u00f3n, este curso ofrece una visi\u00f3n pr\u00e1ctica de la norma ISO\/IEC 27001:2022 \u2014incluyendo su estructura, requisitos y buenas pr\u00e1cticas para proteger los activos de informaci\u00f3n.<\/p>\n<p>En solo un d\u00eda, adquirir\u00e1s los conocimientos fundamentales para apoyar la implementaci\u00f3n de un SGSI y el cumplimiento en organizaciones. Tras aprobar el examen, obtendr\u00e1s la credencial Certified ISO\/IEC 27001 Foundation, un reconocimiento internacional de tu capacidad para contribuir a sistemas seguros y resilientes.<\/p>\n<p>Modalidad: Self-study<br \/>\nIdioma: Ingl\u00e9s<!-- notionvc: 5cde8fea-8b59-4e61-8aa6-78cb0866959b --><\/p>\n<p><!-- notionvc: 259c92cd-86aa-4908-9739-8ca1bd3e4568 --><\/p>\n<p><!-- notionvc: 70949ed2-0ded-4e93-bb14-88302eb5aee8 --><\/p>\n<p><!-- notionvc: 87daf94c-e5bd-4930-8b4e-486615e0a785 --><\/p>\n<p><!-- notionvc: 28ffeecb-4cb9-4079-ae2c-d397a19cd6e9 --><\/p>\n<p><!-- notionvc: ea4ad034-f700-4ecc-b213-3aae585d778d --><\/p>\n","protected":false},"featured_media":4558,"comment_status":"open","ping_status":"closed","template":"","meta":{"content-type":""},"product_brand":[],"product_cat":[152,131,142,133,159],"product_tag":[],"class_list":{"0":"post-4557","1":"product","2":"type-product","3":"status-publish","4":"has-post-thumbnail","6":"product_cat-2-days","7":"product_cat-autodidacta","8":"product_cat-fundamentos","9":"product_cat-english-es","10":"product_cat-information-security-es","12":"first","13":"instock","14":"taxable","15":"shipping-taxable","16":"purchasable","17":"product-type-simple"},"acf":[],"_links":{"self":[{"href":"https:\/\/techgovernanceinstitute.com\/es\/wp-json\/wp\/v2\/product\/4557","targetHints":{"allow":["GET"]}}],"collection":[{"href":"https:\/\/techgovernanceinstitute.com\/es\/wp-json\/wp\/v2\/product"}],"about":[{"href":"https:\/\/techgovernanceinstitute.com\/es\/wp-json\/wp\/v2\/types\/product"}],"replies":[{"embeddable":true,"href":"https:\/\/techgovernanceinstitute.com\/es\/wp-json\/wp\/v2\/comments?post=4557"}],"version-history":[{"count":7,"href":"https:\/\/techgovernanceinstitute.com\/es\/wp-json\/wp\/v2\/product\/4557\/revisions"}],"predecessor-version":[{"id":5620,"href":"https:\/\/techgovernanceinstitute.com\/es\/wp-json\/wp\/v2\/product\/4557\/revisions\/5620"}],"wp:featuredmedia":[{"embeddable":true,"href":"https:\/\/techgovernanceinstitute.com\/es\/wp-json\/wp\/v2\/media\/4558"}],"wp:attachment":[{"href":"https:\/\/techgovernanceinstitute.com\/es\/wp-json\/wp\/v2\/media?parent=4557"}],"wp:term":[{"taxonomy":"product_brand","embeddable":true,"href":"https:\/\/techgovernanceinstitute.com\/es\/wp-json\/wp\/v2\/product_brand?post=4557"},{"taxonomy":"product_cat","embeddable":true,"href":"https:\/\/techgovernanceinstitute.com\/es\/wp-json\/wp\/v2\/product_cat?post=4557"},{"taxonomy":"product_tag","embeddable":true,"href":"https:\/\/techgovernanceinstitute.com\/es\/wp-json\/wp\/v2\/product_tag?post=4557"}],"curies":[{"name":"wp","href":"https:\/\/api.w.org\/{rel}","templated":true}]}}