{"id":4562,"date":"2025-07-18T08:44:16","date_gmt":"2025-07-18T08:44:16","guid":{"rendered":"https:\/\/techgovernanceinstitute.com\/product\/iso-27701-foundation\/"},"modified":"2025-10-14T07:45:35","modified_gmt":"2025-10-14T07:45:35","slug":"iso-27701-foundation","status":"publish","type":"product","link":"https:\/\/techgovernanceinstitute.com\/es\/product\/iso-27701-foundation\/","title":{"rendered":"ISO 27701 Foundation"},"content":{"rendered":"","protected":false},"excerpt":{"rendered":"<p>Inicia tu camino en la gesti\u00f3n de la privacidad con el curso ISO\/IEC 27701 Foundation. En solo 2 d\u00edas, aprender\u00e1s los principios clave, la estructura y los requisitos de un Sistema de Gesti\u00f3n de la Informaci\u00f3n de Privacidad (PIMS) basado en ISO\/IEC 27701, y comprender\u00e1s c\u00f3mo esta norma ampl\u00eda ISO\/IEC 27001 e ISO\/IEC 27002 para incorporar controles de privacidad sobre la informaci\u00f3n personal identificable (PII).<br \/>\nEste curso ofrece una base s\u00f3lida para la implementaci\u00f3n y gobernanza de un PIMS, y te prepara para apoyar iniciativas de privacidad dentro de equipos de seguridad, legal y cumplimiento.\u2028Tras aprobar el examen, podr\u00e1s solicitar la credencial PECB Certified ISO\/IEC 27701 Foundation, que demuestra tu comprensi\u00f3n del riesgo de privacidad, la alineaci\u00f3n normativa y las buenas pr\u00e1cticas de protecci\u00f3n de datos.<\/p>\n<p>Modalidad: Self-study<br \/>\nIdioma: Ingl\u00e9s<!-- notionvc: 50ba004a-02ce-41f8-bbeb-76685f6a2371 --><\/p>\n<p><!-- notionvc: 450d8ac9-0467-4eea-86f9-a4742ef8ebfe --><\/p>\n<p><!-- notionvc: e9a8218a-2624-4942-8bff-6057727bb0e4 --><\/p>\n<p><!-- notionvc: aa83e682-7873-4e89-9991-24055908a8a0 --><\/p>\n<p><!-- notionvc: 3fa238c9-05ae-4199-8b56-79d256364e04 --><\/p>\n<p><!-- notionvc: 80e3184d-9810-4e29-9980-046f68c3f491 --><\/p>\n<p><!-- notionvc: 35666374-a0b2-4023-82e1-4c4442dda73e --><\/p>\n<p><!-- notionvc: ca456559-c5f4-4687-a915-61361ad1447c --><\/p>\n<p><!-- notionvc: 7ca1e97a-0520-4dac-bb69-761d70bbaa60 --><\/p>\n<p><!-- notionvc: 64550fb3-857c-4e7c-8f70-d5437bdf7d73 --><\/p>\n<p><!-- notionvc: c6014f18-8955-4a96-8e38-d1a30210812c --><\/p>\n<p><!-- notionvc: d15bceaf-e7a0-46bc-943c-cb462a14f1e5 --><\/p>\n<p><!-- notionvc: ea4ad034-f700-4ecc-b213-3aae585d778d --><\/p>\n","protected":false},"featured_media":4563,"comment_status":"open","ping_status":"closed","template":"","meta":{"content-type":""},"product_brand":[],"product_cat":[152,131,142,133,129],"product_tag":[],"class_list":{"0":"post-4562","1":"product","2":"type-product","3":"status-publish","4":"has-post-thumbnail","6":"product_cat-2-days","7":"product_cat-autodidacta","8":"product_cat-fundamentos","9":"product_cat-english-es","10":"product_cat-privacy-es","12":"first","13":"instock","14":"taxable","15":"shipping-taxable","16":"purchasable","17":"product-type-simple"},"acf":[],"_links":{"self":[{"href":"https:\/\/techgovernanceinstitute.com\/es\/wp-json\/wp\/v2\/product\/4562","targetHints":{"allow":["GET"]}}],"collection":[{"href":"https:\/\/techgovernanceinstitute.com\/es\/wp-json\/wp\/v2\/product"}],"about":[{"href":"https:\/\/techgovernanceinstitute.com\/es\/wp-json\/wp\/v2\/types\/product"}],"replies":[{"embeddable":true,"href":"https:\/\/techgovernanceinstitute.com\/es\/wp-json\/wp\/v2\/comments?post=4562"}],"version-history":[{"count":8,"href":"https:\/\/techgovernanceinstitute.com\/es\/wp-json\/wp\/v2\/product\/4562\/revisions"}],"predecessor-version":[{"id":5638,"href":"https:\/\/techgovernanceinstitute.com\/es\/wp-json\/wp\/v2\/product\/4562\/revisions\/5638"}],"wp:featuredmedia":[{"embeddable":true,"href":"https:\/\/techgovernanceinstitute.com\/es\/wp-json\/wp\/v2\/media\/4563"}],"wp:attachment":[{"href":"https:\/\/techgovernanceinstitute.com\/es\/wp-json\/wp\/v2\/media?parent=4562"}],"wp:term":[{"taxonomy":"product_brand","embeddable":true,"href":"https:\/\/techgovernanceinstitute.com\/es\/wp-json\/wp\/v2\/product_brand?post=4562"},{"taxonomy":"product_cat","embeddable":true,"href":"https:\/\/techgovernanceinstitute.com\/es\/wp-json\/wp\/v2\/product_cat?post=4562"},{"taxonomy":"product_tag","embeddable":true,"href":"https:\/\/techgovernanceinstitute.com\/es\/wp-json\/wp\/v2\/product_tag?post=4562"}],"curies":[{"name":"wp","href":"https:\/\/api.w.org\/{rel}","templated":true}]}}