{"id":4570,"date":"2025-07-18T07:57:58","date_gmt":"2025-07-18T07:57:58","guid":{"rendered":"https:\/\/techgovernanceinstitute.com\/product\/gdpr-foundation\/"},"modified":"2025-10-08T09:10:42","modified_gmt":"2025-10-08T09:10:42","slug":"gdpr-foundation","status":"publish","type":"product","link":"https:\/\/techgovernanceinstitute.com\/es\/product\/gdpr-foundation\/","title":{"rendered":"GDPR Foundation"},"content":{"rendered":"","protected":false},"excerpt":{"rendered":"<p>Adquiere una base s\u00f3lida en protecci\u00f3n de datos personales con el curso GDPR Foundation. En solo 2 d\u00edas, aprender\u00e1s los principios fundamentales de privacidad, los requisitos del Reglamento General de Protecci\u00f3n de Datos (RGPD) y el rol del Delegado de Protecci\u00f3n de Datos (DPO) dentro de un marco de cumplimiento.<\/p>\n<p>Este curso ofrece una visi\u00f3n clara y pr\u00e1ctica de los conceptos y m\u00e9todos del RGPD, permiti\u00e9ndote participar activamente en iniciativas de protecci\u00f3n de datos y apoyar la implementaci\u00f3n de programas de privacidad.<br \/>\nTras aprobar el examen, obtendr\u00e1s la credencial PECB Certified GDPR Foundation, que acredita tu comprensi\u00f3n de los elementos esenciales del cumplimiento con el RGPD.<\/p>\n<p><!-- notionvc: e9a8218a-2624-4942-8bff-6057727bb0e4 --><\/p>\n<p>Modalidad: Self-study<br \/>\nIdioma: Ingl\u00e9s<\/p>\n<p><!-- notionvc: aa83e682-7873-4e89-9991-24055908a8a0 --><\/p>\n<p><!-- notionvc: 3fa238c9-05ae-4199-8b56-79d256364e04 --><\/p>\n<p><!-- notionvc: 80e3184d-9810-4e29-9980-046f68c3f491 --><\/p>\n<p><!-- notionvc: 35666374-a0b2-4023-82e1-4c4442dda73e --><\/p>\n<p><!-- notionvc: ca456559-c5f4-4687-a915-61361ad1447c --><\/p>\n<p><!-- notionvc: 7ca1e97a-0520-4dac-bb69-761d70bbaa60 --><\/p>\n<p><!-- notionvc: 64550fb3-857c-4e7c-8f70-d5437bdf7d73 --><\/p>\n<p><!-- notionvc: c6014f18-8955-4a96-8e38-d1a30210812c --><\/p>\n<p><!-- notionvc: d15bceaf-e7a0-46bc-943c-cb462a14f1e5 --><\/p>\n<p><!-- notionvc: ea4ad034-f700-4ecc-b213-3aae585d778d --><\/p>\n","protected":false},"featured_media":4571,"comment_status":"open","ping_status":"closed","template":"","meta":{"content-type":""},"product_brand":[],"product_cat":[152,131,142,133,129],"product_tag":[],"class_list":{"0":"post-4570","1":"product","2":"type-product","3":"status-publish","4":"has-post-thumbnail","6":"product_cat-2-days","7":"product_cat-autodidacta","8":"product_cat-fundamentos","9":"product_cat-english-es","10":"product_cat-privacy-es","12":"first","13":"instock","14":"taxable","15":"shipping-taxable","16":"purchasable","17":"product-type-simple"},"acf":[],"_links":{"self":[{"href":"https:\/\/techgovernanceinstitute.com\/es\/wp-json\/wp\/v2\/product\/4570","targetHints":{"allow":["GET"]}}],"collection":[{"href":"https:\/\/techgovernanceinstitute.com\/es\/wp-json\/wp\/v2\/product"}],"about":[{"href":"https:\/\/techgovernanceinstitute.com\/es\/wp-json\/wp\/v2\/types\/product"}],"replies":[{"embeddable":true,"href":"https:\/\/techgovernanceinstitute.com\/es\/wp-json\/wp\/v2\/comments?post=4570"}],"version-history":[{"count":7,"href":"https:\/\/techgovernanceinstitute.com\/es\/wp-json\/wp\/v2\/product\/4570\/revisions"}],"predecessor-version":[{"id":5598,"href":"https:\/\/techgovernanceinstitute.com\/es\/wp-json\/wp\/v2\/product\/4570\/revisions\/5598"}],"wp:featuredmedia":[{"embeddable":true,"href":"https:\/\/techgovernanceinstitute.com\/es\/wp-json\/wp\/v2\/media\/4571"}],"wp:attachment":[{"href":"https:\/\/techgovernanceinstitute.com\/es\/wp-json\/wp\/v2\/media?parent=4570"}],"wp:term":[{"taxonomy":"product_brand","embeddable":true,"href":"https:\/\/techgovernanceinstitute.com\/es\/wp-json\/wp\/v2\/product_brand?post=4570"},{"taxonomy":"product_cat","embeddable":true,"href":"https:\/\/techgovernanceinstitute.com\/es\/wp-json\/wp\/v2\/product_cat?post=4570"},{"taxonomy":"product_tag","embeddable":true,"href":"https:\/\/techgovernanceinstitute.com\/es\/wp-json\/wp\/v2\/product_tag?post=4570"}],"curies":[{"name":"wp","href":"https:\/\/api.w.org\/{rel}","templated":true}]}}