{"id":4578,"date":"2025-07-18T08:28:18","date_gmt":"2025-07-18T08:28:18","guid":{"rendered":"https:\/\/techgovernanceinstitute.com\/product\/gdpr-certified-data-protection-officer\/"},"modified":"2025-10-08T09:10:17","modified_gmt":"2025-10-08T09:10:17","slug":"gdpr-certified-data-protection-officer","status":"publish","type":"product","link":"https:\/\/techgovernanceinstitute.com\/es\/product\/gdpr-certified-data-protection-officer\/","title":{"rendered":"GDPR Certified Data Protection Officer"},"content":{"rendered":"","protected":false},"excerpt":{"rendered":"<p>Convi\u00e9rtete en el referente de cumplimiento del RGPD con el curso Certified Data Protection Officer (DPO). En solo 5 d\u00edas, adquirir\u00e1s las habilidades necesarias para dise\u00f1ar, gestionar y supervisar un programa de cumplimiento del RGPD, garantizando que tu organizaci\u00f3n cumpla con sus obligaciones legales, proteja los derechos de las personas y minimice los riesgos asociados a la protecci\u00f3n de datos.<\/p>\n<p>Este curso proporciona formaci\u00f3n pr\u00e1ctica y en profundidad sobre el rol y las responsabilidades del DPO \u2014 desde la asesor\u00eda en cumplimiento normativo hasta la gesti\u00f3n de brechas de seguridad y la interlocuci\u00f3n con las autoridades de control.\u2028Tras aprobar el examen, podr\u00e1s solicitar la certificaci\u00f3n PECB Certified Data Protection Officer, un reconocimiento global de tu competencia profesional en privacidad y protecci\u00f3n de datos.<\/p>\n<p><!-- notionvc: 450d8ac9-0467-4eea-86f9-a4742ef8ebfe --><\/p>\n<p><!-- notionvc: e9a8218a-2624-4942-8bff-6057727bb0e4 --><\/p>\n<p><!-- notionvc: aa83e682-7873-4e89-9991-24055908a8a0 --><\/p>\n<p><!-- notionvc: 3fa238c9-05ae-4199-8b56-79d256364e04 --><\/p>\n<p><!-- notionvc: 80e3184d-9810-4e29-9980-046f68c3f491 --><\/p>\n<p><!-- notionvc: 35666374-a0b2-4023-82e1-4c4442dda73e --><\/p>\n<p><!-- notionvc: ca456559-c5f4-4687-a915-61361ad1447c --><\/p>\n<p><!-- notionvc: 7ca1e97a-0520-4dac-bb69-761d70bbaa60 --><\/p>\n<p><!-- notionvc: 64550fb3-857c-4e7c-8f70-d5437bdf7d73 --><\/p>\n<p><!-- notionvc: c6014f18-8955-4a96-8e38-d1a30210812c --><\/p>\n<p><!-- notionvc: d15bceaf-e7a0-46bc-943c-cb462a14f1e5 --><\/p>\n<p><!-- notionvc: ea4ad034-f700-4ecc-b213-3aae585d778d --><\/p>\n","protected":false},"featured_media":4579,"comment_status":"open","ping_status":"closed","template":"","meta":{"content-type":""},"product_brand":[],"product_cat":[134,131,132,161,133,129,164],"product_tag":[],"class_list":{"0":"post-4578","1":"product","2":"type-product","3":"status-publish","4":"has-post-thumbnail","6":"product_cat-d5-days-es","7":"product_cat-autodidacta","8":"product_cat-ce-learning","9":"product_cat-spanish-es","10":"product_cat-english-es","11":"product_cat-privacy-es","12":"product_cat-data-protection-es","14":"first","15":"instock","16":"taxable","17":"shipping-taxable","18":"purchasable","19":"product-type-variable"},"acf":[],"_links":{"self":[{"href":"https:\/\/techgovernanceinstitute.com\/es\/wp-json\/wp\/v2\/product\/4578","targetHints":{"allow":["GET"]}}],"collection":[{"href":"https:\/\/techgovernanceinstitute.com\/es\/wp-json\/wp\/v2\/product"}],"about":[{"href":"https:\/\/techgovernanceinstitute.com\/es\/wp-json\/wp\/v2\/types\/product"}],"replies":[{"embeddable":true,"href":"https:\/\/techgovernanceinstitute.com\/es\/wp-json\/wp\/v2\/comments?post=4578"}],"version-history":[{"count":8,"href":"https:\/\/techgovernanceinstitute.com\/es\/wp-json\/wp\/v2\/product\/4578\/revisions"}],"predecessor-version":[{"id":5597,"href":"https:\/\/techgovernanceinstitute.com\/es\/wp-json\/wp\/v2\/product\/4578\/revisions\/5597"}],"wp:featuredmedia":[{"embeddable":true,"href":"https:\/\/techgovernanceinstitute.com\/es\/wp-json\/wp\/v2\/media\/4579"}],"wp:attachment":[{"href":"https:\/\/techgovernanceinstitute.com\/es\/wp-json\/wp\/v2\/media?parent=4578"}],"wp:term":[{"taxonomy":"product_brand","embeddable":true,"href":"https:\/\/techgovernanceinstitute.com\/es\/wp-json\/wp\/v2\/product_brand?post=4578"},{"taxonomy":"product_cat","embeddable":true,"href":"https:\/\/techgovernanceinstitute.com\/es\/wp-json\/wp\/v2\/product_cat?post=4578"},{"taxonomy":"product_tag","embeddable":true,"href":"https:\/\/techgovernanceinstitute.com\/es\/wp-json\/wp\/v2\/product_tag?post=4578"}],"curies":[{"name":"wp","href":"https:\/\/api.w.org\/{rel}","templated":true}]}}