{"id":4591,"date":"2025-07-16T14:44:02","date_gmt":"2025-07-16T14:44:02","guid":{"rendered":"https:\/\/techgovernanceinstitute.com\/product\/data-protection-specialist-in-remote-work\/"},"modified":"2025-10-08T09:16:14","modified_gmt":"2025-10-08T09:16:14","slug":"data-protection-specialist-in-remote-work","status":"publish","type":"product","link":"https:\/\/techgovernanceinstitute.com\/es\/product\/data-protection-specialist-in-remote-work\/","title":{"rendered":"Data Protection Specialist in Remote Work"},"content":{"rendered":"","protected":false},"excerpt":{"rendered":"<p>Refuerza tu capacidad para proteger datos personales en entornos descentralizados con la certificaci\u00f3n Data Protection Specialist in Remote Work (DPSRW) de TRECCERT.\u2028 Este curso est\u00e1 dise\u00f1ado para dotar a los profesionales de las competencias necesarias para aplicar leyes de protecci\u00f3n de datos, principios y medidas t\u00e9cnicas y organizativas (TOMs) en contextos de trabajo remoto.<\/p>\n<p>A trav\u00e9s de ejemplos pr\u00e1cticos y aprendizaje espec\u00edfico, los participantes aprender\u00e1n a mitigar riesgos de privacidad, implementar salvaguardas robustas y garantizar el cumplimiento legal en la gesti\u00f3n de datos entre equipos distribuidos.\u2028 Tras aprobar el examen, obtendr\u00e1s la credencial Certified DPSRW, que valida tu experiencia en protecci\u00f3n de datos y cumplimiento normativo en entornos remotos.<\/p>\n<p><!-- notionvc: 3ba874a1-c5aa-4138-8cb8-310650c4ac73 --><\/p>\n<p>Modalidad: Self-study<br \/>\nIdioma: Ingl\u00e9s<\/p>\n<p><!-- notionvc: a3619cca-b9d6-4af6-9fd5-97f1f4d01c82 --><\/p>\n<p><!-- notionvc: b8803de2-c593-4418-aa8d-463e6c43d4ff --><\/p>\n","protected":false},"featured_media":4592,"comment_status":"open","ping_status":"closed","template":"","meta":{"content-type":""},"product_brand":[],"product_cat":[151,131,133,129,164],"product_tag":[],"class_list":{"0":"post-4591","1":"product","2":"type-product","3":"status-publish","4":"has-post-thumbnail","6":"product_cat-a1-day-es","7":"product_cat-autodidacta","8":"product_cat-english-es","9":"product_cat-privacy-es","10":"product_cat-data-protection-es","12":"first","13":"instock","14":"taxable","15":"shipping-taxable","16":"purchasable","17":"product-type-simple"},"acf":[],"_links":{"self":[{"href":"https:\/\/techgovernanceinstitute.com\/es\/wp-json\/wp\/v2\/product\/4591","targetHints":{"allow":["GET"]}}],"collection":[{"href":"https:\/\/techgovernanceinstitute.com\/es\/wp-json\/wp\/v2\/product"}],"about":[{"href":"https:\/\/techgovernanceinstitute.com\/es\/wp-json\/wp\/v2\/types\/product"}],"replies":[{"embeddable":true,"href":"https:\/\/techgovernanceinstitute.com\/es\/wp-json\/wp\/v2\/comments?post=4591"}],"version-history":[{"count":6,"href":"https:\/\/techgovernanceinstitute.com\/es\/wp-json\/wp\/v2\/product\/4591\/revisions"}],"predecessor-version":[{"id":5613,"href":"https:\/\/techgovernanceinstitute.com\/es\/wp-json\/wp\/v2\/product\/4591\/revisions\/5613"}],"wp:featuredmedia":[{"embeddable":true,"href":"https:\/\/techgovernanceinstitute.com\/es\/wp-json\/wp\/v2\/media\/4592"}],"wp:attachment":[{"href":"https:\/\/techgovernanceinstitute.com\/es\/wp-json\/wp\/v2\/media?parent=4591"}],"wp:term":[{"taxonomy":"product_brand","embeddable":true,"href":"https:\/\/techgovernanceinstitute.com\/es\/wp-json\/wp\/v2\/product_brand?post=4591"},{"taxonomy":"product_cat","embeddable":true,"href":"https:\/\/techgovernanceinstitute.com\/es\/wp-json\/wp\/v2\/product_cat?post=4591"},{"taxonomy":"product_tag","embeddable":true,"href":"https:\/\/techgovernanceinstitute.com\/es\/wp-json\/wp\/v2\/product_tag?post=4591"}],"curies":[{"name":"wp","href":"https:\/\/api.w.org\/{rel}","templated":true}]}}