{"id":5038,"date":"2025-08-21T15:36:21","date_gmt":"2025-08-21T15:36:21","guid":{"rendered":"https:\/\/techgovernanceinstitute.com\/?post_type=product&#038;p=5038"},"modified":"2025-09-03T15:32:57","modified_gmt":"2025-09-03T15:32:57","slug":"foundations-of-ai-for-business-professionals","status":"publish","type":"product","link":"https:\/\/techgovernanceinstitute.com\/es\/product\/foundations-of-ai-for-business-professionals\/","title":{"rendered":"Foundations of AI for Business Professionals"},"content":{"rendered":"","protected":false},"excerpt":{"rendered":"<p>El curso Fundamentos de IA para Profesionales de Negocio proporciona a directivos y responsables no t\u00e9cnicos la alfabetizaci\u00f3n esencial en IA para navegar con confianza por las oportunidades y riesgos de la adopci\u00f3n de IA. Este curso pr\u00e1ctico y accesible explica c\u00f3mo funcionan los sistemas de IA y aprendizaje autom\u00e1tico, c\u00f3mo se utilizan actualmente en el mundo empresarial y cu\u00e1les son sus principales riesgos y limitaciones.<\/p>\n<p>Los participantes desarrollar\u00e1n una comprensi\u00f3n amplia del papel de la IA en el ecosistema empresarial y aprender\u00e1n a reconocer cu\u00e1ndo y c\u00f3mo interact\u00faan con sistemas de IA. El curso fomenta una visi\u00f3n hol\u00edstica de las capacidades de la IA, sus consideraciones \u00e9ticas y su valor estrat\u00e9gico. Al finalizar, los participantes comprender\u00e1n c\u00f3mo la IA impacta en sus propias funciones y responsabilidades, lo que les permitir\u00e1 fomentar un uso responsable, eficaz e informado de la IA dentro de sus organizaciones.<\/p>\n<p>Modalidad: E-learning<br \/>\nIdioma: Ingl\u00e9s<!-- notionvc: 3d96f1e4-67da-4858-917b-3799668e21ad --><\/p>\n<p><!-- notionvc: 360f2cfa-9991-42c8-818d-46ae31f1a231 --><\/p>\n<p><!-- notionvc: 50ba004a-02ce-41f8-bbeb-76685f6a2371 --><\/p>\n<p><!-- notionvc: 450d8ac9-0467-4eea-86f9-a4742ef8ebfe --><\/p>\n<p><!-- notionvc: e9a8218a-2624-4942-8bff-6057727bb0e4 --><\/p>\n<p><!-- notionvc: aa83e682-7873-4e89-9991-24055908a8a0 --><\/p>\n<p><!-- notionvc: 3fa238c9-05ae-4199-8b56-79d256364e04 --><\/p>\n<p><!-- notionvc: 80e3184d-9810-4e29-9980-046f68c3f491 --><\/p>\n<p><!-- notionvc: 35666374-a0b2-4023-82e1-4c4442dda73e --><\/p>\n<p><!-- notionvc: ca456559-c5f4-4687-a915-61361ad1447c --><\/p>\n<p><!-- notionvc: 7ca1e97a-0520-4dac-bb69-761d70bbaa60 --><\/p>\n<p><!-- notionvc: 64550fb3-857c-4e7c-8f70-d5437bdf7d73 --><\/p>\n<p><!-- notionvc: c6014f18-8955-4a96-8e38-d1a30210812c --><\/p>\n<p><!-- notionvc: d15bceaf-e7a0-46bc-943c-cb462a14f1e5 --><\/p>\n<p><!-- notionvc: ea4ad034-f700-4ecc-b213-3aae585d778d --><\/p>\n","protected":false},"featured_media":4799,"comment_status":"open","ping_status":"closed","template":"","meta":{"content-type":""},"product_brand":[],"product_cat":[132,142,133,128,130],"product_tag":[],"class_list":{"0":"post-5038","1":"product","2":"type-product","3":"status-publish","4":"has-post-thumbnail","6":"product_cat-ce-learning","7":"product_cat-fundamentos","8":"product_cat-english-es","9":"product_cat-artificial-intelligence-es","10":"product_cat-bprofessional-es","12":"first","13":"instock","14":"taxable","15":"shipping-taxable","16":"purchasable","17":"product-type-simple"},"acf":[],"_links":{"self":[{"href":"https:\/\/techgovernanceinstitute.com\/es\/wp-json\/wp\/v2\/product\/5038","targetHints":{"allow":["GET"]}}],"collection":[{"href":"https:\/\/techgovernanceinstitute.com\/es\/wp-json\/wp\/v2\/product"}],"about":[{"href":"https:\/\/techgovernanceinstitute.com\/es\/wp-json\/wp\/v2\/types\/product"}],"replies":[{"embeddable":true,"href":"https:\/\/techgovernanceinstitute.com\/es\/wp-json\/wp\/v2\/comments?post=5038"}],"version-history":[{"count":4,"href":"https:\/\/techgovernanceinstitute.com\/es\/wp-json\/wp\/v2\/product\/5038\/revisions"}],"predecessor-version":[{"id":5385,"href":"https:\/\/techgovernanceinstitute.com\/es\/wp-json\/wp\/v2\/product\/5038\/revisions\/5385"}],"wp:featuredmedia":[{"embeddable":true,"href":"https:\/\/techgovernanceinstitute.com\/es\/wp-json\/wp\/v2\/media\/4799"}],"wp:attachment":[{"href":"https:\/\/techgovernanceinstitute.com\/es\/wp-json\/wp\/v2\/media?parent=5038"}],"wp:term":[{"taxonomy":"product_brand","embeddable":true,"href":"https:\/\/techgovernanceinstitute.com\/es\/wp-json\/wp\/v2\/product_brand?post=5038"},{"taxonomy":"product_cat","embeddable":true,"href":"https:\/\/techgovernanceinstitute.com\/es\/wp-json\/wp\/v2\/product_cat?post=5038"},{"taxonomy":"product_tag","embeddable":true,"href":"https:\/\/techgovernanceinstitute.com\/es\/wp-json\/wp\/v2\/product_tag?post=5038"}],"curies":[{"name":"wp","href":"https:\/\/api.w.org\/{rel}","templated":true}]}}