{"id":5048,"date":"2025-08-21T16:11:54","date_gmt":"2025-08-21T16:11:54","guid":{"rendered":"https:\/\/techgovernanceinstitute.com\/?post_type=product&#038;p=5048"},"modified":"2025-09-03T15:51:53","modified_gmt":"2025-09-03T15:51:53","slug":"ai-for-legal-professionals","status":"publish","type":"product","link":"https:\/\/techgovernanceinstitute.com\/es\/product\/ai-for-legal-professionals\/","title":{"rendered":"AI for Legal Professionals"},"content":{"rendered":"","protected":false},"excerpt":{"rendered":"<p class=\"p2\">Este curso ha sido desarrollado por BABL AI como complemento espec\u00edfico a la certificaci\u00f3n en Gobernanza de IA para Profesionales de Negocio. Dise\u00f1ado para juristas, ofrece la perspectiva y las competencias necesarias para navegar los riesgos relacionados con la IA y proteger el valor empresarial.<\/p>\n<p class=\"p2\">El plan de estudios se estructura en tres \u00e1reas clave: Usos pr\u00e1cticos de la IA en flujos de trabajo jur\u00eddicos, gesti\u00f3n de riesgos legales en IA en distintos contextos, y el papel estrat\u00e9gico del \u00e1rea legal en la gobernanza empresarial de la IA.<\/p>\n<p class=\"p2\">Al finalizar el curso, los participantes habr\u00e1n adquirido una comprensi\u00f3n clara del papel empresarial de la IA, las obligaciones de supervisi\u00f3n legal y las limitaciones de los sistemas de decisi\u00f3n automatizada.<\/p>\n<p class=\"p2\">A trav\u00e9s de ejemplos pr\u00e1cticos y herramientas de implementaci\u00f3n, los participantes aprender\u00e1n a implantar controles de supervisi\u00f3n, monitorizar el uso de IA y desarrollar pol\u00edticas ejecutables fundamentadas en el razonamiento jur\u00eddico.<\/p>\n<p class=\"p2\">Este curso refuerza las competencias legales de los participantes en gobernanza de IA: con enfoque pr\u00e1ctico, conciencia de riesgos y aplicaci\u00f3n directa a la pr\u00e1ctica profesional.<\/p>\n<p>Modalidad: E-learning<br \/>\nIdioma: Ingl\u00e9s<!-- notionvc: 3d96f1e4-67da-4858-917b-3799668e21ad --><\/p>\n<p><!-- notionvc: 360f2cfa-9991-42c8-818d-46ae31f1a231 --><\/p>\n<p><!-- notionvc: 50ba004a-02ce-41f8-bbeb-76685f6a2371 --><\/p>\n<p><!-- notionvc: 450d8ac9-0467-4eea-86f9-a4742ef8ebfe --><\/p>\n<p><!-- notionvc: e9a8218a-2624-4942-8bff-6057727bb0e4 --><\/p>\n<p><!-- notionvc: aa83e682-7873-4e89-9991-24055908a8a0 --><\/p>\n<p><!-- notionvc: 3fa238c9-05ae-4199-8b56-79d256364e04 --><\/p>\n<p><!-- notionvc: 80e3184d-9810-4e29-9980-046f68c3f491 --><\/p>\n<p><!-- notionvc: 35666374-a0b2-4023-82e1-4c4442dda73e --><\/p>\n<p><!-- notionvc: ca456559-c5f4-4687-a915-61361ad1447c --><\/p>\n<p><!-- notionvc: 7ca1e97a-0520-4dac-bb69-761d70bbaa60 --><\/p>\n<p><!-- notionvc: 64550fb3-857c-4e7c-8f70-d5437bdf7d73 --><\/p>\n<p><!-- notionvc: c6014f18-8955-4a96-8e38-d1a30210812c --><\/p>\n<p><!-- notionvc: d15bceaf-e7a0-46bc-943c-cb462a14f1e5 --><\/p>\n<p><!-- notionvc: ea4ad034-f700-4ecc-b213-3aae585d778d --><\/p>\n","protected":false},"featured_media":4808,"comment_status":"open","ping_status":"closed","template":"","meta":{"content-type":""},"product_brand":[],"product_cat":[132,133,128,130],"product_tag":[],"class_list":{"0":"post-5048","1":"product","2":"type-product","3":"status-publish","4":"has-post-thumbnail","6":"product_cat-ce-learning","7":"product_cat-english-es","8":"product_cat-artificial-intelligence-es","9":"product_cat-bprofessional-es","11":"first","12":"instock","13":"taxable","14":"shipping-taxable","15":"purchasable","16":"product-type-simple"},"acf":[],"_links":{"self":[{"href":"https:\/\/techgovernanceinstitute.com\/es\/wp-json\/wp\/v2\/product\/5048","targetHints":{"allow":["GET"]}}],"collection":[{"href":"https:\/\/techgovernanceinstitute.com\/es\/wp-json\/wp\/v2\/product"}],"about":[{"href":"https:\/\/techgovernanceinstitute.com\/es\/wp-json\/wp\/v2\/types\/product"}],"replies":[{"embeddable":true,"href":"https:\/\/techgovernanceinstitute.com\/es\/wp-json\/wp\/v2\/comments?post=5048"}],"version-history":[{"count":6,"href":"https:\/\/techgovernanceinstitute.com\/es\/wp-json\/wp\/v2\/product\/5048\/revisions"}],"predecessor-version":[{"id":5392,"href":"https:\/\/techgovernanceinstitute.com\/es\/wp-json\/wp\/v2\/product\/5048\/revisions\/5392"}],"wp:featuredmedia":[{"embeddable":true,"href":"https:\/\/techgovernanceinstitute.com\/es\/wp-json\/wp\/v2\/media\/4808"}],"wp:attachment":[{"href":"https:\/\/techgovernanceinstitute.com\/es\/wp-json\/wp\/v2\/media?parent=5048"}],"wp:term":[{"taxonomy":"product_brand","embeddable":true,"href":"https:\/\/techgovernanceinstitute.com\/es\/wp-json\/wp\/v2\/product_brand?post=5048"},{"taxonomy":"product_cat","embeddable":true,"href":"https:\/\/techgovernanceinstitute.com\/es\/wp-json\/wp\/v2\/product_cat?post=5048"},{"taxonomy":"product_tag","embeddable":true,"href":"https:\/\/techgovernanceinstitute.com\/es\/wp-json\/wp\/v2\/product_tag?post=5048"}],"curies":[{"name":"wp","href":"https:\/\/api.w.org\/{rel}","templated":true}]}}