{"id":5440,"date":"2025-09-09T09:31:27","date_gmt":"2025-09-09T09:31:27","guid":{"rendered":"https:\/\/techgovernanceinstitute.com\/?post_type=product&#038;p=5440"},"modified":"2025-09-09T09:31:56","modified_gmt":"2025-09-09T09:31:56","slug":"ai-governance-for-legal-professionals-certification-copy","status":"publish","type":"product","link":"https:\/\/techgovernanceinstitute.com\/es\/product\/ai-governance-for-legal-professionals-certification-copy\/","title":{"rendered":"AI Governance for Legal Professionals Certification"},"content":{"rendered":"","protected":false},"excerpt":{"rendered":"<p>La certificaci\u00f3n en Gobernanza de IA para Profesionales del \u00c1mbito Legal es un programa pr\u00e1ctico y accesible, dise\u00f1ado para ayudar a los profesionales jur\u00eddicos a comprender y gestionar el uso de la IA dentro de sus organizaciones. A trav\u00e9s de cursos espec\u00edficos, un proyecto final (capstone) y un examen final, los participantes obtendr\u00e1n conocimientos fundamentales sobre IA, aprender\u00e1n a identificar y evaluar riesgos relacionados con la IA, y aplicar\u00e1n los principales est\u00e1ndares de gobernanza como la Ley de IA de la UE, la ISO\/IEC 42001 y el Marco de Gesti\u00f3n de Riesgos de IA del NIST.<br \/>\nAdem\u00e1s, estar\u00e1n capacitados para gobernar el uso de sistemas de IA con el fin de maximizar el valor para el negocio y minimizar los riesgos. Esta formaci\u00f3n prepara a los profesionales jur\u00eddicos para dise\u00f1ar e implementar estrategias de IA responsables, \u00e9ticas y conformes a la normativa en distintos sectores.<\/p>\n<p>Modalidad: E-learning<br \/>\nIdioma: Ingl\u00e9s<!-- notionvc: 3d96f1e4-67da-4858-917b-3799668e21ad --><\/p>\n<p><!-- notionvc: 360f2cfa-9991-42c8-818d-46ae31f1a231 --><\/p>\n<p><!-- notionvc: 50ba004a-02ce-41f8-bbeb-76685f6a2371 --><\/p>\n<p><!-- notionvc: 450d8ac9-0467-4eea-86f9-a4742ef8ebfe --><\/p>\n<p><!-- notionvc: e9a8218a-2624-4942-8bff-6057727bb0e4 --><\/p>\n<p><!-- notionvc: aa83e682-7873-4e89-9991-24055908a8a0 --><\/p>\n<p><!-- notionvc: 3fa238c9-05ae-4199-8b56-79d256364e04 --><\/p>\n<p><!-- notionvc: 80e3184d-9810-4e29-9980-046f68c3f491 --><\/p>\n<p><!-- notionvc: 35666374-a0b2-4023-82e1-4c4442dda73e --><\/p>\n<p><!-- notionvc: ca456559-c5f4-4687-a915-61361ad1447c --><\/p>\n<p><!-- notionvc: 7ca1e97a-0520-4dac-bb69-761d70bbaa60 --><\/p>\n<p><!-- notionvc: 64550fb3-857c-4e7c-8f70-d5437bdf7d73 --><\/p>\n<p><!-- notionvc: c6014f18-8955-4a96-8e38-d1a30210812c --><\/p>\n<p><!-- notionvc: d15bceaf-e7a0-46bc-943c-cb462a14f1e5 --><\/p>\n<p><!-- notionvc: ea4ad034-f700-4ecc-b213-3aae585d778d --><\/p>\n","protected":false},"featured_media":4778,"comment_status":"open","ping_status":"closed","template":"","meta":{"content-type":""},"product_brand":[],"product_cat":[132,133,128,130],"product_tag":[],"class_list":{"0":"post-5440","1":"product","2":"type-product","3":"status-publish","4":"has-post-thumbnail","6":"product_cat-ce-learning","7":"product_cat-english-es","8":"product_cat-artificial-intelligence-es","9":"product_cat-bprofessional-es","11":"first","12":"instock","13":"taxable","14":"shipping-taxable","15":"purchasable","16":"product-type-simple"},"acf":[],"_links":{"self":[{"href":"https:\/\/techgovernanceinstitute.com\/es\/wp-json\/wp\/v2\/product\/5440","targetHints":{"allow":["GET"]}}],"collection":[{"href":"https:\/\/techgovernanceinstitute.com\/es\/wp-json\/wp\/v2\/product"}],"about":[{"href":"https:\/\/techgovernanceinstitute.com\/es\/wp-json\/wp\/v2\/types\/product"}],"replies":[{"embeddable":true,"href":"https:\/\/techgovernanceinstitute.com\/es\/wp-json\/wp\/v2\/comments?post=5440"}],"version-history":[{"count":2,"href":"https:\/\/techgovernanceinstitute.com\/es\/wp-json\/wp\/v2\/product\/5440\/revisions"}],"predecessor-version":[{"id":5442,"href":"https:\/\/techgovernanceinstitute.com\/es\/wp-json\/wp\/v2\/product\/5440\/revisions\/5442"}],"wp:featuredmedia":[{"embeddable":true,"href":"https:\/\/techgovernanceinstitute.com\/es\/wp-json\/wp\/v2\/media\/4778"}],"wp:attachment":[{"href":"https:\/\/techgovernanceinstitute.com\/es\/wp-json\/wp\/v2\/media?parent=5440"}],"wp:term":[{"taxonomy":"product_brand","embeddable":true,"href":"https:\/\/techgovernanceinstitute.com\/es\/wp-json\/wp\/v2\/product_brand?post=5440"},{"taxonomy":"product_cat","embeddable":true,"href":"https:\/\/techgovernanceinstitute.com\/es\/wp-json\/wp\/v2\/product_cat?post=5440"},{"taxonomy":"product_tag","embeddable":true,"href":"https:\/\/techgovernanceinstitute.com\/es\/wp-json\/wp\/v2\/product_tag?post=5440"}],"curies":[{"name":"wp","href":"https:\/\/api.w.org\/{rel}","templated":true}]}}