{"id":5443,"date":"2025-09-09T09:32:08","date_gmt":"2025-09-09T09:32:08","guid":{"rendered":"https:\/\/techgovernanceinstitute.com\/?post_type=product&#038;p=5443"},"modified":"2025-09-09T09:32:56","modified_gmt":"2025-09-09T09:32:56","slug":"eu-ai-act-quality-management-system-certification-copy","status":"publish","type":"product","link":"https:\/\/techgovernanceinstitute.com\/es\/product\/eu-ai-act-quality-management-system-certification-copy\/","title":{"rendered":"EU AI Act Quality Management System Certification"},"content":{"rendered":"","protected":false},"excerpt":{"rendered":"<p>En solo 3 a 5 d\u00edas, este curso te proporciona las herramientas para dise\u00f1ar, implementar y auditar marcos de SGC adaptados al Anexo VII de la regulaci\u00f3n, alineados con est\u00e1ndares internacionales como la ISO\/IEC 42001 y la ISO 9001.<\/p>\n<p>Este programa prepara a los profesionales para obtener la certificaci\u00f3n de BABL AI como EU AI Act QMS Practitioner, a trav\u00e9s de ejercicios pr\u00e1cticos, listas de verificaci\u00f3n y un proyecto final (capstone) enfocado en la evaluaci\u00f3n de la conformidad y el alineamiento normativo.<\/p>\n<p>Modalidad: E-learning<br \/>\nIdioma: Ingl\u00e9s<!-- notionvc: 3d96f1e4-67da-4858-917b-3799668e21ad --><\/p>\n<p><!-- notionvc: 360f2cfa-9991-42c8-818d-46ae31f1a231 --><\/p>\n<p><!-- notionvc: 50ba004a-02ce-41f8-bbeb-76685f6a2371 --><\/p>\n<p><!-- notionvc: 450d8ac9-0467-4eea-86f9-a4742ef8ebfe --><\/p>\n<p><!-- notionvc: e9a8218a-2624-4942-8bff-6057727bb0e4 --><\/p>\n<p><!-- notionvc: aa83e682-7873-4e89-9991-24055908a8a0 --><\/p>\n<p><!-- notionvc: 3fa238c9-05ae-4199-8b56-79d256364e04 --><\/p>\n<p><!-- notionvc: 80e3184d-9810-4e29-9980-046f68c3f491 --><\/p>\n<p><!-- notionvc: 35666374-a0b2-4023-82e1-4c4442dda73e --><\/p>\n<p><!-- notionvc: ca456559-c5f4-4687-a915-61361ad1447c --><\/p>\n<p><!-- notionvc: 7ca1e97a-0520-4dac-bb69-761d70bbaa60 --><\/p>\n<p><!-- notionvc: 64550fb3-857c-4e7c-8f70-d5437bdf7d73 --><\/p>\n<p><!-- notionvc: c6014f18-8955-4a96-8e38-d1a30210812c --><\/p>\n<p><!-- notionvc: d15bceaf-e7a0-46bc-943c-cb462a14f1e5 --><\/p>\n<p><!-- notionvc: ea4ad034-f700-4ecc-b213-3aae585d778d --><\/p>\n","protected":false},"featured_media":4780,"comment_status":"open","ping_status":"closed","template":"","meta":{"content-type":""},"product_brand":[],"product_cat":[153,134,132,133,128,130],"product_tag":[],"class_list":{"0":"post-5443","1":"product","2":"type-product","3":"status-publish","4":"has-post-thumbnail","6":"product_cat-c3-days-es","7":"product_cat-d5-days-es","8":"product_cat-ce-learning","9":"product_cat-english-es","10":"product_cat-artificial-intelligence-es","11":"product_cat-bprofessional-es","13":"first","14":"instock","15":"taxable","16":"shipping-taxable","17":"purchasable","18":"product-type-simple"},"acf":[],"_links":{"self":[{"href":"https:\/\/techgovernanceinstitute.com\/es\/wp-json\/wp\/v2\/product\/5443","targetHints":{"allow":["GET"]}}],"collection":[{"href":"https:\/\/techgovernanceinstitute.com\/es\/wp-json\/wp\/v2\/product"}],"about":[{"href":"https:\/\/techgovernanceinstitute.com\/es\/wp-json\/wp\/v2\/types\/product"}],"replies":[{"embeddable":true,"href":"https:\/\/techgovernanceinstitute.com\/es\/wp-json\/wp\/v2\/comments?post=5443"}],"version-history":[{"count":2,"href":"https:\/\/techgovernanceinstitute.com\/es\/wp-json\/wp\/v2\/product\/5443\/revisions"}],"predecessor-version":[{"id":5445,"href":"https:\/\/techgovernanceinstitute.com\/es\/wp-json\/wp\/v2\/product\/5443\/revisions\/5445"}],"wp:featuredmedia":[{"embeddable":true,"href":"https:\/\/techgovernanceinstitute.com\/es\/wp-json\/wp\/v2\/media\/4780"}],"wp:attachment":[{"href":"https:\/\/techgovernanceinstitute.com\/es\/wp-json\/wp\/v2\/media?parent=5443"}],"wp:term":[{"taxonomy":"product_brand","embeddable":true,"href":"https:\/\/techgovernanceinstitute.com\/es\/wp-json\/wp\/v2\/product_brand?post=5443"},{"taxonomy":"product_cat","embeddable":true,"href":"https:\/\/techgovernanceinstitute.com\/es\/wp-json\/wp\/v2\/product_cat?post=5443"},{"taxonomy":"product_tag","embeddable":true,"href":"https:\/\/techgovernanceinstitute.com\/es\/wp-json\/wp\/v2\/product_tag?post=5443"}],"curies":[{"name":"wp","href":"https:\/\/api.w.org\/{rel}","templated":true}]}}