{"id":5446,"date":"2025-09-09T09:33:08","date_gmt":"2025-09-09T09:33:08","guid":{"rendered":"https:\/\/techgovernanceinstitute.com\/?post_type=product&#038;p=5446"},"modified":"2025-09-09T09:33:26","modified_gmt":"2025-09-09T09:33:26","slug":"ai-governance-for-business-professionals-certification-copy","status":"publish","type":"product","link":"https:\/\/techgovernanceinstitute.com\/es\/product\/ai-governance-for-business-professionals-certification-copy\/","title":{"rendered":"AI Governance for Business Professionals Certification"},"content":{"rendered":"","protected":false},"excerpt":{"rendered":"<p>Desarrolla las habilidades para comprender, evaluar y gobernar los sistemas de IA en tu organizaci\u00f3n, sin necesidad de una formaci\u00f3n t\u00e9cnica. En tan solo unos d\u00edas, obtendr\u00e1s conocimientos pr\u00e1cticos sobre fundamentos de IA, riesgos y est\u00e1ndares de gobernanza como la Ley de IA de la UE, ISO\/IEC 42001 y el NIST AI RMF.<br \/>\nA trav\u00e9s de cursos intensivos, un proyecto final (capstone) y un examen final, este programa capacita a los profesionales de negocio para contribuir de forma significativa a las estrategias responsables de IA, la mitigaci\u00f3n de riesgos y la supervisi\u00f3n del cumplimiento. Al finalizar con \u00e9xito, podr\u00e1s obtener la credencial Certified AI Governance Professional emitida por BABL AI.<\/p>\n<p>Modalidad: E-learning<br \/>\nIdioma: Ingl\u00e9s<!-- notionvc: 3d96f1e4-67da-4858-917b-3799668e21ad --><\/p>\n<p><!-- notionvc: 360f2cfa-9991-42c8-818d-46ae31f1a231 --><\/p>\n<p><!-- notionvc: 50ba004a-02ce-41f8-bbeb-76685f6a2371 --><\/p>\n<p><!-- notionvc: 450d8ac9-0467-4eea-86f9-a4742ef8ebfe --><\/p>\n<p><!-- notionvc: e9a8218a-2624-4942-8bff-6057727bb0e4 --><\/p>\n<p><!-- notionvc: aa83e682-7873-4e89-9991-24055908a8a0 --><\/p>\n<p><!-- notionvc: 3fa238c9-05ae-4199-8b56-79d256364e04 --><\/p>\n<p><!-- notionvc: 80e3184d-9810-4e29-9980-046f68c3f491 --><\/p>\n<p><!-- notionvc: 35666374-a0b2-4023-82e1-4c4442dda73e --><\/p>\n<p><!-- notionvc: ca456559-c5f4-4687-a915-61361ad1447c --><\/p>\n<p><!-- notionvc: 7ca1e97a-0520-4dac-bb69-761d70bbaa60 --><\/p>\n<p><!-- notionvc: 64550fb3-857c-4e7c-8f70-d5437bdf7d73 --><\/p>\n<p><!-- notionvc: c6014f18-8955-4a96-8e38-d1a30210812c --><\/p>\n<p><!-- notionvc: d15bceaf-e7a0-46bc-943c-cb462a14f1e5 --><\/p>\n<p><!-- notionvc: ea4ad034-f700-4ecc-b213-3aae585d778d --><\/p>\n","protected":false},"featured_media":4709,"comment_status":"open","ping_status":"closed","template":"","meta":{"content-type":""},"product_brand":[],"product_cat":[132,133,128,130],"product_tag":[],"class_list":{"0":"post-5446","1":"product","2":"type-product","3":"status-publish","4":"has-post-thumbnail","6":"product_cat-ce-learning","7":"product_cat-english-es","8":"product_cat-artificial-intelligence-es","9":"product_cat-bprofessional-es","11":"first","12":"instock","13":"taxable","14":"shipping-taxable","15":"purchasable","16":"product-type-simple"},"acf":[],"_links":{"self":[{"href":"https:\/\/techgovernanceinstitute.com\/es\/wp-json\/wp\/v2\/product\/5446","targetHints":{"allow":["GET"]}}],"collection":[{"href":"https:\/\/techgovernanceinstitute.com\/es\/wp-json\/wp\/v2\/product"}],"about":[{"href":"https:\/\/techgovernanceinstitute.com\/es\/wp-json\/wp\/v2\/types\/product"}],"replies":[{"embeddable":true,"href":"https:\/\/techgovernanceinstitute.com\/es\/wp-json\/wp\/v2\/comments?post=5446"}],"version-history":[{"count":2,"href":"https:\/\/techgovernanceinstitute.com\/es\/wp-json\/wp\/v2\/product\/5446\/revisions"}],"predecessor-version":[{"id":5448,"href":"https:\/\/techgovernanceinstitute.com\/es\/wp-json\/wp\/v2\/product\/5446\/revisions\/5448"}],"wp:featuredmedia":[{"embeddable":true,"href":"https:\/\/techgovernanceinstitute.com\/es\/wp-json\/wp\/v2\/media\/4709"}],"wp:attachment":[{"href":"https:\/\/techgovernanceinstitute.com\/es\/wp-json\/wp\/v2\/media?parent=5446"}],"wp:term":[{"taxonomy":"product_brand","embeddable":true,"href":"https:\/\/techgovernanceinstitute.com\/es\/wp-json\/wp\/v2\/product_brand?post=5446"},{"taxonomy":"product_cat","embeddable":true,"href":"https:\/\/techgovernanceinstitute.com\/es\/wp-json\/wp\/v2\/product_cat?post=5446"},{"taxonomy":"product_tag","embeddable":true,"href":"https:\/\/techgovernanceinstitute.com\/es\/wp-json\/wp\/v2\/product_tag?post=5446"}],"curies":[{"name":"wp","href":"https:\/\/api.w.org\/{rel}","templated":true}]}}